{"id":596497,"date":"2025-03-05T01:04:27","date_gmt":"2025-03-05T00:04:27","guid":{"rendered":"https:\/\/shop.kustom.ch\/?post_type=product&#038;p=596497"},"modified":"2026-03-31T09:01:29","modified_gmt":"2026-03-31T08:01:29","slug":"high-vis-softshell-jacke","status":"publish","type":"product","link":"https:\/\/shop.kustom.ch\/en\/product\/high-vis-softshell-jacke\/","title":{"rendered":"High Vis Softshell Jacket"},"content":{"rendered":"<p>A lightweight softshell jacket that is extremely soft, comfortable and flexible thanks to its material. The jacket is two-tone with contrasting colours in some areas for optimum visibility and safety when needed most. This certified High Vis jacket feels light and stretchy and has the strength of a work jacket. In addition, the fabric is waterproof and windproof and the hood is detachable if necessary. Certified according to EN ISO 20471, class 2, certification class C.<\/p>\n<p>CLOSURE: Adjustable waistband with drawstring. Adjustable cuffs with Velcro fastening. DETAILS: Good surfaces for finishing. D-ring. Detachable hood. High collar. Shoulder sections in contrasting colour. FRONT CLOSURE: Robust plastic zip. FUNCTIONALITY: Windproof &amp; waterproof, unsealed seams, breathable. MAIN FEATURES: Driver. EN ISO 20471. REFLEX: Reflective details. FABRIC: Men's. High-vis yellow. windproof. High visibility. POCKETS: Chest pocket with zip and D-ring. Front pockets with zips. WASHING INSTRUCTIONS: Number of washes: 25, do not bleach. CERTIFICATION: Class 2 and 3 garments in orange comply with RIS-3279-TOM Issue 2<\/p>\n<p>92% polyester, 8% elastane, 3-layer softshell, waterproof 11,000 mm, windproof, breathable Ret 20.0, stretch, 255 g\/m\u00b2<\/p>","protected":false},"excerpt":{"rendered":"<p>Eine leichte Softshell Jacke, die dank ihres Materials extrem weich, komfortabel und flexibel ist. Die Jacke ist zweifarbig mit Kontrastfarben in einigen Bereichen f\u00fcr optimale Sichtbarkeit und Sicherheit, wenn sie am meisten ben\u00f6tigt werden. Diese zertifizierte High Vis Jacke f\u00fchlt sich leicht und dehnbar an und hat die St\u00e4rke einer Arbeitsjacke. Zus\u00e4tzlich ist der Stoff [&hellip;]<\/p>\n","protected":false},"featured_media":596558,"template":"","meta":[],"product_brand":[],"product_cat":[4186],"product_tag":[],"class_list":{"0":"post-596497","1":"product","2":"type-product","3":"status-publish","4":"has-post-thumbnail","6":"product_cat-jacken","7":"pa_brand-blaklaeder","8":"pa_brand-type-workwear","9":"pa_filter-color-blau","10":"pa_filter-color-gelb","11":"pa_filter-color-grau","12":"pa_filter-color-orange","13":"pa_filter-color-rot","14":"pa_filter-color-schwarz","16":"first","17":"instock","18":"sale","19":"taxable","20":"shipping-taxable","21":"purchasable","22":"product-type-variable","23":"add-to-wishlist-before_image"},"exclude_global_add_ons":[],"addons":[],"acf":[],"_links":{"self":[{"href":"https:\/\/shop.kustom.ch\/en\/wp-json\/wp\/v2\/product\/596497"}],"collection":[{"href":"https:\/\/shop.kustom.ch\/en\/wp-json\/wp\/v2\/product"}],"about":[{"href":"https:\/\/shop.kustom.ch\/en\/wp-json\/wp\/v2\/types\/product"}],"wp:featuredmedia":[{"embeddable":true,"href":"https:\/\/shop.kustom.ch\/en\/wp-json\/wp\/v2\/media\/596558"}],"wp:attachment":[{"href":"https:\/\/shop.kustom.ch\/en\/wp-json\/wp\/v2\/media?parent=596497"}],"wp:term":[{"taxonomy":"product_brand","embeddable":true,"href":"https:\/\/shop.kustom.ch\/en\/wp-json\/wp\/v2\/product_brand?post=596497"},{"taxonomy":"product_cat","embeddable":true,"href":"https:\/\/shop.kustom.ch\/en\/wp-json\/wp\/v2\/product_cat?post=596497"},{"taxonomy":"product_tag","embeddable":true,"href":"https:\/\/shop.kustom.ch\/en\/wp-json\/wp\/v2\/product_tag?post=596497"}],"curies":[{"name":"wp","href":"https:\/\/api.w.org\/{rel}","templated":true}]}}