{"id":596474,"date":"2025-03-05T01:03:56","date_gmt":"2025-03-05T00:03:56","guid":{"rendered":"https:\/\/shop.kustom.ch\/?post_type=product&#038;p=596474"},"modified":"2026-03-31T09:01:25","modified_gmt":"2026-03-31T08:01:25","slug":"high-vis-winterparka-2","status":"publish","type":"product","link":"https:\/\/shop.kustom.ch\/en\/product\/high-vis-winterparka-2\/","title":{"rendered":"High Vis winter parka"},"content":{"rendered":"<p>A class 1 high vis winter parka with a quilted lining to keep you warm and support you at work. The parka is wind and waterproof with taped seams and the hood is detachable and suitable for helmets and ear defenders. It is adjustable at the waist for personalised comfort and zips at the sides provide access to the inside pockets without opening the front and freezing.<\/p>\n<p>CLOSURE: Extended back. Adjustable cuffs with Velcro fastening. DETAILS: Good surfaces for finishing. D-ring. Reflective print on the back of the hood. Detachable and adjustable hood with warm lining. Metal snap hooks. Metal buttons. Fleece-lined collar. Taped seams. Zip on the sides, covered with a placket. Loops on both sides of the chest for microphones and other equipment. Adjustable drawstring waist. Raglan sleeves. FRONT CLOSURE: Double wind flap with Velcro fastening, Hypalon handle with reflective transfer. FUNCTIONALITY: Windproof &amp; waterproof material with breathability, taped seams. Pre-shaped sleeves. MAIN FEATURES: Rider. EN 343. REFLEX: Reflective stripes on the shoulders. FABRIC: Men's. yellow. Breathability. High visibility. POCKETS: Inset pockets with zip and fleece lining. Inner mesh pocket. Slit pockets with zip and fleece lining. Sleeve pocket for pens. WASHING INSTRUCTIONS: Number of washes: 25, do not spin. CERTIFICATION: Together with article 1875 certified according to EN 342. EN 343, class 4.1. certification group D<\/p>\n<p>100% polyester, Oxford, coated, waterproof 15,000 mm, windproof, breathable Ret 8.5, 200g\/m\u00b2<\/p>","protected":false},"excerpt":{"rendered":"<p>Ein High Vis Winterparka der Klasse 1, der Sie mit seiner Ausf\u00fchrung und einem gesteppten Futter warm h\u00e4lt und Sie bei der Arbeit unterst\u00fctzt. Der Parka ist wind- und wasserdicht mit versiegelten N\u00e4hten und die Kapuze ist abnehmbar und f\u00fcr Helme und Geh\u00f6rschutz geeignet. Er ist in der Taille verstellbar f\u00fcr individuellen Komfort und Reissverschl\u00fcsse [&hellip;]<\/p>\n","protected":false},"featured_media":596522,"template":"","meta":[],"product_brand":[],"product_cat":[4186],"product_tag":[],"class_list":{"0":"post-596474","1":"product","2":"type-product","3":"status-publish","4":"has-post-thumbnail","6":"product_cat-jacken","7":"pa_brand-blaklaeder","8":"pa_brand-type-workwear","9":"pa_filter-color-blau","10":"pa_filter-color-gelb","12":"first","13":"instock","14":"sale","15":"taxable","16":"shipping-taxable","17":"purchasable","18":"product-type-variable","19":"add-to-wishlist-before_image"},"exclude_global_add_ons":[],"addons":[],"acf":[],"_links":{"self":[{"href":"https:\/\/shop.kustom.ch\/en\/wp-json\/wp\/v2\/product\/596474"}],"collection":[{"href":"https:\/\/shop.kustom.ch\/en\/wp-json\/wp\/v2\/product"}],"about":[{"href":"https:\/\/shop.kustom.ch\/en\/wp-json\/wp\/v2\/types\/product"}],"wp:featuredmedia":[{"embeddable":true,"href":"https:\/\/shop.kustom.ch\/en\/wp-json\/wp\/v2\/media\/596522"}],"wp:attachment":[{"href":"https:\/\/shop.kustom.ch\/en\/wp-json\/wp\/v2\/media?parent=596474"}],"wp:term":[{"taxonomy":"product_brand","embeddable":true,"href":"https:\/\/shop.kustom.ch\/en\/wp-json\/wp\/v2\/product_brand?post=596474"},{"taxonomy":"product_cat","embeddable":true,"href":"https:\/\/shop.kustom.ch\/en\/wp-json\/wp\/v2\/product_cat?post=596474"},{"taxonomy":"product_tag","embeddable":true,"href":"https:\/\/shop.kustom.ch\/en\/wp-json\/wp\/v2\/product_tag?post=596474"}],"curies":[{"name":"wp","href":"https:\/\/api.w.org\/{rel}","templated":true}]}}