{"id":596391,"date":"2025-03-05T01:02:07","date_gmt":"2025-03-05T00:02:07","guid":{"rendered":"https:\/\/shop.kustom.ch\/?post_type=product&#038;p=596391"},"modified":"2026-03-31T09:01:10","modified_gmt":"2026-03-31T08:01:10","slug":"damen-high-vis-winterjacke-2","status":"publish","type":"product","link":"https:\/\/shop.kustom.ch\/en\/product\/damen-high-vis-winterjacke-2\/","title":{"rendered":"Ladies high vis winter jacket"},"content":{"rendered":"<p>A very durable winter jacket in High Vis Class 1 and women's cut. The jacket has a quilted lining, is windproof and waterproof with sealed seams, and has a comfortable, loose and adjustable fit for added comfort. The hood is detachable and suitable for helmets and earmuffs. Also available as a men's model 4480.<\/p>\n<p>FINISH: Extended back. Adjustable cuffs with Velcro fastening. DETAILS: Zipper in lining for easy textile finishing. Detachable ID pocket. Reflective print on back of hood. Hood for helmet and earmuffs. Metal snap hook. Metal buttons. High collar with zipper. Welded seams. Loops on both sides of the chest for microphones and other equipment. Raglan sleeves. FRONT CLOSURE: Double wind flap with Velcro fastening, Hypalon handle with reflective transfer. FUNCTIONALITY: Mesh insert on the shoulder blade. Pre-shaped sleeves. MAIN FEATURES: Road and construction workers. EN 342. REFLECTIVE: 50 mm wide reflective transfer strips. FABRIC: Available for women and men. Blue. Windproof. High visibility. POCKETS: Chest pocket with zip and D-ring. Inside pocket with zip. Slip pockets with zip and fleece lining. Sleeve pocket for pens. WASHING INSTRUCTIONS: Number of washes: 25. Do not bleach. CERTIFICATION: Certified together with item 1875 according to EN 342. EN 343, class 4.1. EN ISO 20471, class 1.<\/p>\n<p>100% polyester, Oxford, coated, waterproof 15,000 mm, windproof, breathable Ret 8.5, 200g\/m\u00b2<\/p>","protected":false},"excerpt":{"rendered":"<p>Eine sehr strapazierf\u00e4hige Winterjacke in High Vis Klasse 1 und Damenschnitt. Die Jacke hat ein gestepptes Futter, ist wind- und wasserdicht mit versiegelten N\u00e4hten und hat eine bequeme, weitere und verstellbare Passform f\u00fcr zus\u00e4tzlichen Komfort. Die Kapuze ist abnehmbar und f\u00fcr Helme und Ohrensch\u00fctzer geeignet. Auch als Herrenmodell 4480 erh\u00e4ltlich. ABSCHLUSS: Verl\u00e4ngerter R\u00fccken. Verstellbare \u00c4rmelb\u00fcndchen [&hellip;]<\/p>\n","protected":false},"featured_media":596438,"template":"","meta":[],"product_brand":[],"product_cat":[4186],"product_tag":[],"class_list":{"0":"post-596391","1":"product","2":"type-product","3":"status-publish","4":"has-post-thumbnail","6":"product_cat-jacken","7":"pa_brand-blaklaeder","8":"pa_brand-type-workwear","9":"pa_filter-color-blau","10":"pa_filter-color-gelb","12":"first","13":"instock","14":"sale","15":"taxable","16":"shipping-taxable","17":"purchasable","18":"product-type-variable","19":"add-to-wishlist-before_image"},"exclude_global_add_ons":[],"addons":[],"acf":[],"_links":{"self":[{"href":"https:\/\/shop.kustom.ch\/en\/wp-json\/wp\/v2\/product\/596391"}],"collection":[{"href":"https:\/\/shop.kustom.ch\/en\/wp-json\/wp\/v2\/product"}],"about":[{"href":"https:\/\/shop.kustom.ch\/en\/wp-json\/wp\/v2\/types\/product"}],"wp:featuredmedia":[{"embeddable":true,"href":"https:\/\/shop.kustom.ch\/en\/wp-json\/wp\/v2\/media\/596438"}],"wp:attachment":[{"href":"https:\/\/shop.kustom.ch\/en\/wp-json\/wp\/v2\/media?parent=596391"}],"wp:term":[{"taxonomy":"product_brand","embeddable":true,"href":"https:\/\/shop.kustom.ch\/en\/wp-json\/wp\/v2\/product_brand?post=596391"},{"taxonomy":"product_cat","embeddable":true,"href":"https:\/\/shop.kustom.ch\/en\/wp-json\/wp\/v2\/product_cat?post=596391"},{"taxonomy":"product_tag","embeddable":true,"href":"https:\/\/shop.kustom.ch\/en\/wp-json\/wp\/v2\/product_tag?post=596391"}],"curies":[{"name":"wp","href":"https:\/\/api.w.org\/{rel}","templated":true}]}}