{"id":596370,"date":"2025-03-05T01:02:03","date_gmt":"2025-03-05T00:02:03","guid":{"rendered":"https:\/\/shop.kustom.ch\/?post_type=product&#038;p=596370"},"modified":"2026-03-31T09:01:03","modified_gmt":"2026-03-31T08:01:03","slug":"multinorm-winterparka","status":"publish","type":"product","link":"https:\/\/shop.kustom.ch\/en\/product\/multinorm-winterparka\/","title":{"rendered":"Multinorm winter parka"},"content":{"rendered":"<p>A flame-retardant, durable and lined winter parka that is perfect for working in exposed and cold environments. The collar is equipped with buttons so that you can use the 2169 hood (sold separately) and the oil, dirt and water-repellent parka has two loops for gas detectors, a two-way fastening, an adjustable waist, cuffs at the sleeve ends and side pockets. The collar is equipped with buttons so that you can attach the 2169 hood (sold separately). Certified according to EN ISO 20471. EN 1149-5, IEC 61482-2. EN ISO 11612. EN 342. EN ISO 11611. EN 13034.<\/p>\n<p>CLOSURE: Extended back. Adjustable cuffs with Velcro fastening. DETAILS: D-ring. External certification labels. Concealed buttons. Fleece-lined collar. Loops on both sides of the chest for gas detector \/ oxygen analyser \/ microphone. Adjustable waist. FRONT CLOSURE: Concealed, reinforced two-way metal zip. FUNCTIONALITY: Oil, dirt and water repellent. MAIN FEATURES: Service employee. EN ISO 11612. REFLEX: Flame retardant reflective stripes with double stitching. FABRIC: Men's. blue. Flame retardant. POCKETS: Chest pockets with bellows and flap. Front document pocket. Inside pocket with Velcro fastening. Front pockets with fleece lining. WASHING INSTRUCTIONS: Do not bleach. CERTIFICATION: EN 1149-5. EN 13034 PB (6). EN 342 together with 1869-1514. EN 61482-2, APC 2. EN ISO 11611, class 1 A1+A2. EN ISO 11612 A1, A2, B1, C1, E3, F1. EN ISO 20471, class 3<\/p>\n<p>75% cotton, 24% polyester, 1% antistatic, twill, flame-retardant, antistatic, 350 g\/m\u00b2<\/p>","protected":false},"excerpt":{"rendered":"<p>Ein flammenhemmender, strapazierf\u00e4higer und gef\u00fctterter Winterparka, der sich perfekt f\u00fcr Arbeiten in exponierten und kalten Umgebungen eignet. Der Kragen ist mit Kn\u00f6pfen ausgestattet, so dass Sie die Kapuze 2169 (separat erh\u00e4ltlich) verwenden k\u00f6nnen.Der \u00f6l-, schmutz- und wasserabweisende Parka hat zwei Schlaufen f\u00fcr Gasmessger\u00e4te, einen Zwei-Wege-Verschluss, eine verstellbare Taille, B\u00fcndchen an den \u00c4rmelenden und Seitentaschen. Der [&hellip;]<\/p>\n","protected":false},"featured_media":596398,"template":"","meta":[],"product_brand":[],"product_cat":[4186],"product_tag":[],"class_list":{"0":"post-596370","1":"product","2":"type-product","3":"status-publish","4":"has-post-thumbnail","6":"product_cat-jacken","7":"pa_brand-blaklaeder","8":"pa_brand-type-workwear","9":"pa_filter-color-blau","10":"pa_filter-color-gelb","12":"first","13":"instock","14":"sale","15":"taxable","16":"shipping-taxable","17":"purchasable","18":"product-type-variable","19":"add-to-wishlist-before_image"},"exclude_global_add_ons":[],"addons":[],"acf":[],"_links":{"self":[{"href":"https:\/\/shop.kustom.ch\/en\/wp-json\/wp\/v2\/product\/596370"}],"collection":[{"href":"https:\/\/shop.kustom.ch\/en\/wp-json\/wp\/v2\/product"}],"about":[{"href":"https:\/\/shop.kustom.ch\/en\/wp-json\/wp\/v2\/types\/product"}],"wp:featuredmedia":[{"embeddable":true,"href":"https:\/\/shop.kustom.ch\/en\/wp-json\/wp\/v2\/media\/596398"}],"wp:attachment":[{"href":"https:\/\/shop.kustom.ch\/en\/wp-json\/wp\/v2\/media?parent=596370"}],"wp:term":[{"taxonomy":"product_brand","embeddable":true,"href":"https:\/\/shop.kustom.ch\/en\/wp-json\/wp\/v2\/product_brand?post=596370"},{"taxonomy":"product_cat","embeddable":true,"href":"https:\/\/shop.kustom.ch\/en\/wp-json\/wp\/v2\/product_cat?post=596370"},{"taxonomy":"product_tag","embeddable":true,"href":"https:\/\/shop.kustom.ch\/en\/wp-json\/wp\/v2\/product_tag?post=596370"}],"curies":[{"name":"wp","href":"https:\/\/api.w.org\/{rel}","templated":true}]}}