{"id":596204,"date":"2025-03-05T00:39:05","date_gmt":"2025-03-04T23:39:05","guid":{"rendered":"https:\/\/shop.kustom.ch\/?post_type=product&#038;p=596204"},"modified":"2026-03-31T09:00:55","modified_gmt":"2026-03-31T08:00:55","slug":"high-vis-winterjacke","status":"publish","type":"product","link":"https:\/\/shop.kustom.ch\/en\/product\/high-vis-winterjacke\/","title":{"rendered":"High Vis winter jacket"},"content":{"rendered":"<p>A class 3 high vis winter jacket that provides extra visibility when you need it most. The jacket has a quilted lining, is wind and waterproof with taped seams and has a comfortable, wider and adjustable fit for extra comfort. The hood is detachable and suitable for helmets and ear defenders. Also available as ladies' model 4456.<\/p>\n<p>CLOSURE: Extended back. Adjustable cuffs with Velcro fastening. DETAILS: Zip in the lining for easy textile finishing. Detachable ID card pocket. Reflective print on the back of the hood. Hood for helmet and earmuffs. Metal snap hooks. Metal buttons. High collar with zip. Taped seams. Loops on both sides of the chest for microphones and other equipment. Raglan sleeves. FRONT CLOSURE: Wind flap with fleece lining inside. FUNCTIONALITY: Mesh insert at armhole. Pre-shaped sleeves. MAIN FEATURES: Craftsman. RIS-3279-TOM . REFLEX: Reflective stripes on body and sleeves. FABRIC: Available for men and women. High-vis yellow colour. Breathability. High visibility. POCKETS: Chest pocket with zip and D-ring. Napoleon pocket inside the wind flap. Slit pockets with zip and fleece lining. Sleeve pocket for pens. WASHING INSTRUCTIONS: Number of washes: 20, do not dry clean. CERTIFICATION: Together with article 1875 certified according to EN 342. EN 343, class 4,1. class 2 and 3 garments in orange comply with RIS-3279-TOM Issue 2<\/p>\n<p>100% polyester, twill, stretch, coated, waterproof 11,000mm, windproof, breathable Ret 6.3, 150 g\/m\u00b2<\/p>","protected":false},"excerpt":{"rendered":"<p>Eine Winterjacke in Klasse 3 High Vis, die f\u00fcr zus\u00e4tzliche Sichtbarkeit sorgt, wenn Sie sie am meisten brauchen. Die Jacke hat ein gestepptes Futter, ist wind- und wasserdicht mit versiegelten N\u00e4hten und hat eine bequeme, weitere und verstellbare Passform f\u00fcr zus\u00e4tzlichen Komfort. Die Kapuze ist abnehmbar und f\u00fcr Helme und Ohrensch\u00fctzer geeignet. Auch als Damenmodell [&hellip;]<\/p>\n","protected":false},"featured_media":596234,"template":"","meta":[],"product_brand":[],"product_cat":[4186],"product_tag":[],"class_list":{"0":"post-596204","1":"product","2":"type-product","3":"status-publish","4":"has-post-thumbnail","6":"product_cat-jacken","7":"pa_brand-blaklaeder","8":"pa_brand-type-workwear","9":"pa_filter-color-blau","10":"pa_filter-color-gelb","11":"pa_filter-color-orange","12":"pa_filter-color-rot","13":"pa_filter-color-schwarz","15":"first","16":"instock","17":"sale","18":"taxable","19":"shipping-taxable","20":"purchasable","21":"product-type-variable","22":"add-to-wishlist-before_image"},"exclude_global_add_ons":[],"addons":[],"acf":[],"_links":{"self":[{"href":"https:\/\/shop.kustom.ch\/en\/wp-json\/wp\/v2\/product\/596204"}],"collection":[{"href":"https:\/\/shop.kustom.ch\/en\/wp-json\/wp\/v2\/product"}],"about":[{"href":"https:\/\/shop.kustom.ch\/en\/wp-json\/wp\/v2\/types\/product"}],"wp:featuredmedia":[{"embeddable":true,"href":"https:\/\/shop.kustom.ch\/en\/wp-json\/wp\/v2\/media\/596234"}],"wp:attachment":[{"href":"https:\/\/shop.kustom.ch\/en\/wp-json\/wp\/v2\/media?parent=596204"}],"wp:term":[{"taxonomy":"product_brand","embeddable":true,"href":"https:\/\/shop.kustom.ch\/en\/wp-json\/wp\/v2\/product_brand?post=596204"},{"taxonomy":"product_cat","embeddable":true,"href":"https:\/\/shop.kustom.ch\/en\/wp-json\/wp\/v2\/product_cat?post=596204"},{"taxonomy":"product_tag","embeddable":true,"href":"https:\/\/shop.kustom.ch\/en\/wp-json\/wp\/v2\/product_tag?post=596204"}],"curies":[{"name":"wp","href":"https:\/\/api.w.org\/{rel}","templated":true}]}}