{"id":596140,"date":"2025-03-05T00:37:58","date_gmt":"2025-03-04T23:37:58","guid":{"rendered":"https:\/\/shop.kustom.ch\/?post_type=product&#038;p=596140"},"modified":"2026-03-31T09:00:40","modified_gmt":"2026-03-31T08:00:40","slug":"industrie-jacke-stretch","status":"publish","type":"product","link":"https:\/\/shop.kustom.ch\/en\/product\/industrie-jacke-stretch\/","title":{"rendered":"Industrial jacket stretch"},"content":{"rendered":"<p>This jacket is part of Bl\u00e5kl\u00e4der's new industrial collection with stretch. This scratch-resistant jacket, which is suitable for industrial laundering, is made entirely of 2-way stretch material and offers comfort and freedom of movement. Concealed features reduce the risk of scratching sensitive surfaces. The jacket has stylish reflective strips that provide additional visibility when required.<\/p>\n<p>CLOSURE: Adjustable cuffs with concealed metal buttons. DETAILS: D-ring. Concealed buttons. Stand-up collar. Adjustable waist. FRONT CLOSURE: Front fastening with concealed metal press studs. FUNCTIONALITY: Non-scratch. Pre-shaped sleeves. MAIN FEATURES: Cleaning power. REFLEX: Reflective details on the sleeves. FABRIC: Men's. Black. Non-scratch. Stretch. POCKETS: Chest pockets with bellows and flap. Inside pocket with concealed zip pocket. Sleeve pocket with pen pocket. WASHING INSTRUCTIONS: PRO: suitable for tumble drying. WASHING: Industrial laundry EN ISO 15797<\/p>\n<p>63% polyester, 33% cotton, 4% Elastofin, twill, stretch, 260 g\/m\u00b2<\/p>","protected":false},"excerpt":{"rendered":"<p>Diese Jacke ist Teil der neuen Industriekollektion mit Stretch von Bl\u00e5kl\u00e4der. Diese kratzerresistente Jacke, die sich f\u00fcr die Industriew\u00e4sche eignet, ist komplett aus 2-Wege-Stretch Material gefertigt und bietet Komfort und Bewegungsfreiheit. Verdeckte Eigenschaften reduzieren die Gefahr, dass empfindliche Oberfl\u00e4chen verkratzt werden. Die Jacke hat geschmackvolle Reflexstreifen, die bei Bedarf f\u00fcr zus\u00e4tzliche Sichtbarkeit sorgen. ABSCHLUSS: Verstellbarer [&hellip;]<\/p>\n","protected":false},"featured_media":596191,"template":"","meta":[],"product_brand":[],"product_cat":[4186],"product_tag":[],"class_list":{"0":"post-596140","1":"product","2":"type-product","3":"status-publish","4":"has-post-thumbnail","6":"product_cat-jacken","7":"pa_brand-blaklaeder","8":"pa_brand-type-workwear","9":"pa_filter-color-blau","10":"pa_filter-color-gelb","11":"pa_filter-color-grau","12":"pa_filter-color-rot","13":"pa_filter-color-schwarz","15":"first","16":"instock","17":"sale","18":"taxable","19":"shipping-taxable","20":"purchasable","21":"product-type-variable","22":"add-to-wishlist-before_image"},"exclude_global_add_ons":[],"addons":[],"acf":[],"_links":{"self":[{"href":"https:\/\/shop.kustom.ch\/en\/wp-json\/wp\/v2\/product\/596140"}],"collection":[{"href":"https:\/\/shop.kustom.ch\/en\/wp-json\/wp\/v2\/product"}],"about":[{"href":"https:\/\/shop.kustom.ch\/en\/wp-json\/wp\/v2\/types\/product"}],"wp:featuredmedia":[{"embeddable":true,"href":"https:\/\/shop.kustom.ch\/en\/wp-json\/wp\/v2\/media\/596191"}],"wp:attachment":[{"href":"https:\/\/shop.kustom.ch\/en\/wp-json\/wp\/v2\/media?parent=596140"}],"wp:term":[{"taxonomy":"product_brand","embeddable":true,"href":"https:\/\/shop.kustom.ch\/en\/wp-json\/wp\/v2\/product_brand?post=596140"},{"taxonomy":"product_cat","embeddable":true,"href":"https:\/\/shop.kustom.ch\/en\/wp-json\/wp\/v2\/product_cat?post=596140"},{"taxonomy":"product_tag","embeddable":true,"href":"https:\/\/shop.kustom.ch\/en\/wp-json\/wp\/v2\/product_tag?post=596140"}],"curies":[{"name":"wp","href":"https:\/\/api.w.org\/{rel}","templated":true}]}}