{"id":596015,"date":"2025-03-05T00:35:33","date_gmt":"2025-03-04T23:35:33","guid":{"rendered":"https:\/\/shop.kustom.ch\/?post_type=product&#038;p=596015"},"modified":"2026-03-31T09:00:18","modified_gmt":"2026-03-31T08:00:18","slug":"high-vis-shell-jacke-2","status":"publish","type":"product","link":"https:\/\/shop.kustom.ch\/en\/product\/high-vis-shell-jacke-2\/","title":{"rendered":"High Vis Shell Jacket"},"content":{"rendered":"<p>A class 1 high-vis shell jacket with a comfortable, wider fit. The jacket is wind and waterproof with taped seams and the hood is detachable and suitable for helmets and ear defenders. The brushed mesh lining provides additional comfort and temperature regulation. Also available as ladies' model 4430.<\/p>\n<p>CLOSURE: Adjustable waistband with drawstring. Adjustable cuffs with Velcro fastening. DETAILS: zip in the lining for easy textile finishing. D-ring. Hood for helmet and earmuffs. Metal snap hooks. Metal buttons. Fleece-lined collar. Taped seams. Loops on both sides of the chest for microphones and other equipment. Raglan sleeves. FRONT CLOSURE: Wind flap with fleece lining inside. FUNCTIONALITY: Windproof &amp; waterproof material with breathability, taped seams. Pre-shaped sleeves. MAIN FEATURES: Driver. EN 343. REFLEX: Reflective stripes on body and sleeves. FABRIC: Men's. yellow. Breathability. High visibility. POCKETS: Chest pocket with zip and D-ring. Inner mesh pocket. Slit pockets with zip and fleece lining. Sleeve pocket for pens. WASHING INSTRUCTIONS: Number of washes: 25, do not dry clean. CERTIFICATION: EN 343, class 4.4. certification group D<\/p>\n<p>100% polyester, Oxford, coated, waterproof 15,000 mm, windproof, breathable Ret 8.5, 200g\/m\u00b2<\/p>","protected":false},"excerpt":{"rendered":"<p>Eine High Vis Shelljacke der Klasse 1 mit bequemer, weiterer Passform. Die Jacke ist wind- und wasserdicht mit versiegelten N\u00e4hten und die Kapuze ist abnehmbar und f\u00fcr Helme und Ohrensch\u00fctzer geeignet. Das Futter aus geb\u00fcrstetem Mesh sorgt f\u00fcr zus\u00e4tzlichen Komfort und Temperaturregulierung. Auch als Damenmodell 4430 erh\u00e4ltlich. ABSCHLUSS: Verstellbarer Bund mit Kordelzug. Verstellbare \u00c4rmelb\u00fcndchen mit [&hellip;]<\/p>\n","protected":false},"featured_media":596070,"template":"","meta":[],"product_brand":[],"product_cat":[4186],"product_tag":[],"class_list":{"0":"post-596015","1":"product","2":"type-product","3":"status-publish","4":"has-post-thumbnail","6":"product_cat-jacken","7":"pa_brand-blaklaeder","8":"pa_brand-type-workwear","9":"pa_filter-color-blau","10":"pa_filter-color-gelb","12":"first","13":"instock","14":"sale","15":"taxable","16":"shipping-taxable","17":"purchasable","18":"product-type-variable","19":"add-to-wishlist-before_image"},"exclude_global_add_ons":[],"addons":[],"acf":[],"_links":{"self":[{"href":"https:\/\/shop.kustom.ch\/en\/wp-json\/wp\/v2\/product\/596015"}],"collection":[{"href":"https:\/\/shop.kustom.ch\/en\/wp-json\/wp\/v2\/product"}],"about":[{"href":"https:\/\/shop.kustom.ch\/en\/wp-json\/wp\/v2\/types\/product"}],"wp:featuredmedia":[{"embeddable":true,"href":"https:\/\/shop.kustom.ch\/en\/wp-json\/wp\/v2\/media\/596070"}],"wp:attachment":[{"href":"https:\/\/shop.kustom.ch\/en\/wp-json\/wp\/v2\/media?parent=596015"}],"wp:term":[{"taxonomy":"product_brand","embeddable":true,"href":"https:\/\/shop.kustom.ch\/en\/wp-json\/wp\/v2\/product_brand?post=596015"},{"taxonomy":"product_cat","embeddable":true,"href":"https:\/\/shop.kustom.ch\/en\/wp-json\/wp\/v2\/product_cat?post=596015"},{"taxonomy":"product_tag","embeddable":true,"href":"https:\/\/shop.kustom.ch\/en\/wp-json\/wp\/v2\/product_tag?post=596015"}],"curies":[{"name":"wp","href":"https:\/\/api.w.org\/{rel}","templated":true}]}}