{"id":596003,"date":"2025-03-05T00:35:30","date_gmt":"2025-03-04T23:35:30","guid":{"rendered":"https:\/\/shop.kustom.ch\/?post_type=product&#038;p=596003"},"modified":"2026-03-31T09:00:00","modified_gmt":"2026-03-31T08:00:00","slug":"damen-high-vis-softshell-jacke","status":"publish","type":"product","link":"https:\/\/shop.kustom.ch\/en\/product\/damen-high-vis-softshell-jacke\/","title":{"rendered":"Ladies high vis softshell jacket"},"content":{"rendered":"<p>A lightweight softshell jacket in a women's cut made from a material that makes it extremely soft, supple and comfortable. This high vis jacket has a chest pocket and a two-way zip at the front and offers both the lightweight, stretchy feel and durability of a good work garment. It is also windproof, waterproof and breathable. It has a detachable hood. Also available as men's model 4494.<\/p>\n<p>CLOSURE: Adjustable waistband with drawstring. Adjustable cuffs with Velcro fastening. DETAILS: Good surfaces for finishing. D-ring. Detachable hood. High collar. FRONT CLOSURE: Robust two-way plastic zip. FUNCTIONALITY: Windproof &amp; waterproof, unsealed seams, breathable. MAIN FEATURES: Craftsman. EN ISO 20471. REFLEX: 50 mm wide transfer reflective stripes. FABRIC: Available for men and women. blue. windproof. High visibility. POCKETS: Chest pocket with zip and D-ring. Front pockets with zips. WASHING INSTRUCTIONS: Number of washes: 25. 40\u00b0 C. CERTIFICATION: EN ISO 20471, Class 1<\/p>\n<p>92% polyester, 8% elastane, 3-layer softshell, waterproof 11,000 mm, windproof, breathable Ret 20.0, stretch, 255 g\/m\u00b2<\/p>","protected":false},"excerpt":{"rendered":"<p>Eine leichte Softshell-Jacke im Damenschnitt aus einem Material, das sie extrem weich, geschmeidig und bequem macht. Diese High Vis Jacke hat eine Brusttasche und einen Zwei-Wege-Reissverschluss auf der Vorderseite und bietet sowohl das leichte, elastische Gef\u00fchl als auch die Strapazierf\u00e4higkeit eines guten Arbeits-Kleidungsst\u00fccks. Ausserdem ist sie winddicht, wasserdicht und atmungsaktiv. Sie hat eine abnehmbare Kapuze. [&hellip;]<\/p>\n","protected":false},"featured_media":530666,"template":"","meta":[],"product_brand":[],"product_cat":[4186],"product_tag":[],"class_list":{"0":"post-596003","1":"product","2":"type-product","3":"status-publish","4":"has-post-thumbnail","6":"product_cat-jacken","7":"pa_brand-blaklaeder","8":"pa_brand-type-workwear","9":"pa_filter-color-blau","10":"pa_filter-color-gelb","11":"pa_filter-color-orange","12":"pa_filter-color-rot","13":"pa_filter-color-schwarz","15":"first","16":"instock","17":"sale","18":"taxable","19":"shipping-taxable","20":"purchasable","21":"product-type-variable","22":"add-to-wishlist-before_image"},"exclude_global_add_ons":[],"addons":[],"acf":[],"_links":{"self":[{"href":"https:\/\/shop.kustom.ch\/en\/wp-json\/wp\/v2\/product\/596003"}],"collection":[{"href":"https:\/\/shop.kustom.ch\/en\/wp-json\/wp\/v2\/product"}],"about":[{"href":"https:\/\/shop.kustom.ch\/en\/wp-json\/wp\/v2\/types\/product"}],"wp:featuredmedia":[{"embeddable":true,"href":"https:\/\/shop.kustom.ch\/en\/wp-json\/wp\/v2\/media\/530666"}],"wp:attachment":[{"href":"https:\/\/shop.kustom.ch\/en\/wp-json\/wp\/v2\/media?parent=596003"}],"wp:term":[{"taxonomy":"product_brand","embeddable":true,"href":"https:\/\/shop.kustom.ch\/en\/wp-json\/wp\/v2\/product_brand?post=596003"},{"taxonomy":"product_cat","embeddable":true,"href":"https:\/\/shop.kustom.ch\/en\/wp-json\/wp\/v2\/product_cat?post=596003"},{"taxonomy":"product_tag","embeddable":true,"href":"https:\/\/shop.kustom.ch\/en\/wp-json\/wp\/v2\/product_tag?post=596003"}],"curies":[{"name":"wp","href":"https:\/\/api.w.org\/{rel}","templated":true}]}}