{"id":595706,"date":"2025-03-05T00:29:38","date_gmt":"2025-03-04T23:29:38","guid":{"rendered":"https:\/\/shop.kustom.ch\/?post_type=product&#038;p=595706"},"modified":"2026-03-31T08:59:31","modified_gmt":"2026-03-31T07:59:31","slug":"regenjacke-level-2","status":"publish","type":"product","link":"https:\/\/shop.kustom.ch\/en\/product\/regenjacke-level-2\/","title":{"rendered":"Level 2 rain jacket"},"content":{"rendered":"<p>A high-visibility rain jacket for anyone whose work requires robust yet versatile rainwear. It is windproof and waterproof with taped seams and has ventilation at the back. The jacket has a detachable and adjustable hood and a soft fleece-lined collar. It has easily accessible pockets, as well as a detachable ID pocket, front pockets with flaps and press studs, and a Napoleon pocket inside the wind flap. Sturdy two-way zip that extends to the collar, front closure with press studs and a snap closure that keeps out liquids. Good fit with adjustable waistband and drawstring, as well as adjustable sleeves with Velcro fasteners and internal neoprene cuffs that retain body heat even when wet. Certified according to EN 343, protective clothing against bad weather, and EN ISO 20471, Class 3, high-visibility protective clothing. Colours 4600 and 9900 are not certified according to EN ISO 20471. Colours 4600, 5300 and 9900 have been updated. The old model will be delivered while stocks last. For the updated model in colours 4600 and 9900, see item 4305.<\/p>\n<p>FINISH: Extended back. Adjustable cuffs with internal neoprene cuffs. DETAILS: D-ring. Detachable, adjustable hood. Fleece-lined collar. FRONT CLOSURE: Wind flap with buttons. FUNCTIONALITY: Ventilation at the back. MAIN FEATURES: Road and construction workers. EN 343. REFLECTIVE: 65 mm wide reflective strips. FABRIC: Men's. Blue. Windproof. Rain. POCKETS: Napoleon pocket inside the wind flap. Front pockets with flap and press stud. WASHING INSTRUCTIONS: Number of washes: x 5 \u2013 applies to colour 5500. Do not bleach. CERTIFICATION: EN 343, Class 3.1. EN ISO 20471, Class 3. Colours 4600 and 9900 are not certified according to EN ISO 20471.<\/p>\n<p>100% polyester, PU-coated, wind and waterproof, 240g\/m\u00b2<\/p>","protected":false},"excerpt":{"rendered":"<p>Eine Regenjacke in High Vis f\u00fcr all jene mit Arbeitsaufgaben, die robuste aber wandelbare Regenkleidung erfordern. Sie ist wind- und wasserdicht mit verschweissten N\u00e4hten und hat eine Bel\u00fcftung am R\u00fccken. Die Jacke hat eine abnehmbare und einstellbare Kapuze und einen weichen Fleece-gef\u00fctterten Kragen. Sie besitzt leicht zug\u00e4ngliche Taschen, sowie eine abnehmbare Ausweistasche, Vordertaschen mit Patte [&hellip;]<\/p>\n","protected":false},"featured_media":595753,"template":"","meta":[],"product_brand":[],"product_cat":[4186],"product_tag":[],"class_list":{"0":"post-595706","1":"product","2":"type-product","3":"status-publish","4":"has-post-thumbnail","6":"product_cat-jacken","7":"pa_brand-blaklaeder","8":"pa_brand-type-workwear","9":"pa_filter-color-blau","10":"pa_filter-color-gelb","11":"pa_filter-color-gruen","12":"pa_filter-color-orange","13":"pa_filter-color-rot","14":"pa_filter-color-schwarz","16":"first","17":"instock","18":"sale","19":"taxable","20":"shipping-taxable","21":"purchasable","22":"product-type-variable","23":"add-to-wishlist-before_image"},"exclude_global_add_ons":[],"addons":[],"acf":[],"_links":{"self":[{"href":"https:\/\/shop.kustom.ch\/en\/wp-json\/wp\/v2\/product\/595706"}],"collection":[{"href":"https:\/\/shop.kustom.ch\/en\/wp-json\/wp\/v2\/product"}],"about":[{"href":"https:\/\/shop.kustom.ch\/en\/wp-json\/wp\/v2\/types\/product"}],"wp:featuredmedia":[{"embeddable":true,"href":"https:\/\/shop.kustom.ch\/en\/wp-json\/wp\/v2\/media\/595753"}],"wp:attachment":[{"href":"https:\/\/shop.kustom.ch\/en\/wp-json\/wp\/v2\/media?parent=595706"}],"wp:term":[{"taxonomy":"product_brand","embeddable":true,"href":"https:\/\/shop.kustom.ch\/en\/wp-json\/wp\/v2\/product_brand?post=595706"},{"taxonomy":"product_cat","embeddable":true,"href":"https:\/\/shop.kustom.ch\/en\/wp-json\/wp\/v2\/product_cat?post=595706"},{"taxonomy":"product_tag","embeddable":true,"href":"https:\/\/shop.kustom.ch\/en\/wp-json\/wp\/v2\/product_tag?post=595706"}],"curies":[{"name":"wp","href":"https:\/\/api.w.org\/{rel}","templated":true}]}}