{"id":595626,"date":"2025-03-05T00:27:44","date_gmt":"2025-03-04T23:27:44","guid":{"rendered":"https:\/\/shop.kustom.ch\/?post_type=product&#038;p=595626"},"modified":"2026-03-31T08:59:21","modified_gmt":"2026-03-31T07:59:21","slug":"multinorm-jacke-inhaerent","status":"publish","type":"product","link":"https:\/\/shop.kustom.ch\/en\/product\/multinorm-jacke-inhaerent\/","title":{"rendered":"Multinorm jacket Inherent"},"content":{"rendered":"<p>The oil, dirt and water repellent Multinorm jacket is made from an inherent flame retardant material, which means that the flame retardant properties are naturally contained in the fibres. A state-of-the-art jacket with an excellent strength-to-weight ratio. It has clever pocket solutions, such as double chest pockets with concealed zip. Pre-shaped sleeves, longer back and adjustable waistband for a good fit. The ripstop fabric provides excellent tear-resistant durability. Tested and approved for 50 washes. Certified according to EN 1149-5, EN ISO 11611, EN 13034, EN ISO 20471, EN ISO 11612, IEC 61482-2. ATPV: 11 cal\/cm\u00b2. Fulfils EN ISO 15797 requirements for industrial laundering. Achieves Class 3 certification when combined with trousers 1488, 1489, 1588, 1589 and dungarees 2889 under the EN ISO 20471 standard.<\/p>\n<p>CLOSURE: Adjustable waistband with Velcro fastening. Adjustable cuffs with press studs. DETAILS: External certification labels. High collar with zip. Loops on both sides of the chest for gas detector \/ oxygen analyser \/ microphone. Shoulder sections in contrasting colour. FRONT CLOSURE: Concealed, reinforced plastic zip. FUNCTIONALITY: Metal-free. MAIN FEATURES: Service employee. EN ISO 11612. REFLEX: Reflective stripes on the shoulders. FABRIC: Available for men and women. High-vis yellow. Metal-free. Flame retardant. POCKETS: Chest pockets with concealed zip. Inside pocket. Front pockets with flap and press stud. WASHING INSTRUCTIONS: PRO: suitable for tumble drying. WASHING: Industrial laundry EN ISO 15797. CERTIFICATION: Max. 50 washes. EN 13034 PB (6). Max. 50 washes. EN ISO 11611, class 1 A1+A2. Max. 50 washes. EN ISO 20471, XS-S class 2, M and higher class 3<\/p>\n<p>44% modacrylic, 30% cotton, 20% FR polyamide, 5% aramid, 1% antistatic, ripstop, flame-retardant, antistatic, 260 g\/m\u00b2<\/p>","protected":false},"excerpt":{"rendered":"<p>Die \u00f6l-, schmutz- und wasserabweisende Multinorm Jacke besteht aus einem inherenten flammfesten Material, was bedeutet, dass die Flammschutz-Eigenschaften nat\u00fcrlich in den Fasern enthalten sind. Eine hochmoderne Jacke mit ausgezeichnetem St\u00e4rke-Gewichts-Verh\u00e4ltnis. Sie besitzt clevere Taschenl\u00f6sungen, wie doppelte Brusttaschen mit verdecktem Reissverschluss. Vorgeformte \u00c4rmel, l\u00e4ngerer R\u00fccken und einstellbarer Bund f\u00fcr eine gute Passform. Der Ripstop-Stoff liefert hervorragende [&hellip;]<\/p>\n","protected":false},"featured_media":595664,"template":"","meta":[],"product_brand":[],"product_cat":[4186],"product_tag":[],"class_list":{"0":"post-595626","1":"product","2":"type-product","3":"status-publish","4":"has-post-thumbnail","6":"product_cat-jacken","7":"pa_brand-blaklaeder","8":"pa_brand-type-workwear","9":"pa_filter-color-blau","10":"pa_filter-color-gelb","11":"pa_filter-color-orange","13":"first","14":"instock","15":"sale","16":"taxable","17":"shipping-taxable","18":"purchasable","19":"product-type-variable","20":"add-to-wishlist-before_image"},"exclude_global_add_ons":[],"addons":[],"acf":[],"_links":{"self":[{"href":"https:\/\/shop.kustom.ch\/en\/wp-json\/wp\/v2\/product\/595626"}],"collection":[{"href":"https:\/\/shop.kustom.ch\/en\/wp-json\/wp\/v2\/product"}],"about":[{"href":"https:\/\/shop.kustom.ch\/en\/wp-json\/wp\/v2\/types\/product"}],"wp:featuredmedia":[{"embeddable":true,"href":"https:\/\/shop.kustom.ch\/en\/wp-json\/wp\/v2\/media\/595664"}],"wp:attachment":[{"href":"https:\/\/shop.kustom.ch\/en\/wp-json\/wp\/v2\/media?parent=595626"}],"wp:term":[{"taxonomy":"product_brand","embeddable":true,"href":"https:\/\/shop.kustom.ch\/en\/wp-json\/wp\/v2\/product_brand?post=595626"},{"taxonomy":"product_cat","embeddable":true,"href":"https:\/\/shop.kustom.ch\/en\/wp-json\/wp\/v2\/product_cat?post=595626"},{"taxonomy":"product_tag","embeddable":true,"href":"https:\/\/shop.kustom.ch\/en\/wp-json\/wp\/v2\/product_tag?post=595626"}],"curies":[{"name":"wp","href":"https:\/\/api.w.org\/{rel}","templated":true}]}}