{"id":595609,"date":"2025-03-05T00:27:40","date_gmt":"2025-03-04T23:27:40","guid":{"rendered":"https:\/\/shop.kustom.ch\/?post_type=product&#038;p=595609"},"modified":"2026-03-31T08:59:12","modified_gmt":"2026-03-31T07:59:12","slug":"multinorm-jacke","status":"publish","type":"product","link":"https:\/\/shop.kustom.ch\/en\/product\/multinorm-jacke\/","title":{"rendered":"Multinorm jacket"},"content":{"rendered":"<p>Multinorm jacket made of a robust material, designed to be visible from every direction. The jacket is shorter at the front for maximum freedom of movement and has an extended back for greater protection. It has chest pockets on both sides and smart details such as an inner pocket with mobile phone pocket and darker fabric in areas exposed to the most dirt. Suitable for industrial laundering. Protects against liquid chemicals. Certified according to EN 1149-5, EN 1149-5, EN ISO 11611, EN 13034, EN ISO 20471, EN ISO 11612, IEC 61482-2. ATPV: 11.0 cal\/cm\u00b2.<\/p>\n<p>CLOSURE: Adjustable waistband with Velcro fastening. Adjustable cuffs with press studs. DETAILS: Detachable ID card pocket for flame-retardant clothing. Bellows on the back. External certification labels. High collar with zip. FRONT CLOSURE: Concealed, reinforced metal zip. FUNCTIONALITY: Oil, dirt and water repellent. MAIN PROPERTIES: Electrician. EN 13034. REFLEX: Flame retardant reflective strips with double stitching. FABRIC: Available for men and women. High-vis yellow. Flame retardant. POCKETS: Chest pockets with flaps. Mobile phone pocket inside. Inside pocket with Velcro fastening. Inset pockets with flaps. WASHING INSTRUCTIONS: Do not dry clean. WASHING: Industrial laundry EN ISO 15797. CERTIFICATION: EN 1149-5. EN 13034 PB (6). EN ISO 11611, class 1 A1+A2. EN ISO 11612 A1, A2, B1, C1, E3, F1. Max. 50 wash cycles. IEC 61482-2, APC 1<\/p>\n<p>75% cotton, 24% polyester, 1% antistatic, twill, flame-retardant, antistatic, 350 g\/m\u00b2<\/p>","protected":false},"excerpt":{"rendered":"<p>Multinorm Jacke aus einem robusten Material, entwickelt, um aus jeder Richtung sichtbar zu sein. Die Jacke ist vorne k\u00fcrzer f\u00fcr maximale Bewegungsfreiheit und hat einen verl\u00e4ngerten R\u00fccken f\u00fcr h\u00f6heren Schutz. Sie hat Brusttaschen auf beiden Seiten und besitzt intelligente Details, wie eine Innentasche mit Handyinnentasche und dunklerem Stoff an Stellen, die dem meisten Schmutz ausgesetzt [&hellip;]<\/p>\n","protected":false},"featured_media":595661,"template":"","meta":[],"product_brand":[],"product_cat":[4186],"product_tag":[],"class_list":{"0":"post-595609","1":"product","2":"type-product","3":"status-publish","4":"has-post-thumbnail","6":"product_cat-jacken","7":"pa_brand-blaklaeder","8":"pa_brand-type-workwear","9":"pa_filter-color-blau","10":"pa_filter-color-gelb","12":"first","13":"instock","14":"sale","15":"taxable","16":"shipping-taxable","17":"purchasable","18":"product-type-variable","19":"add-to-wishlist-before_image"},"exclude_global_add_ons":[],"addons":[],"acf":[],"_links":{"self":[{"href":"https:\/\/shop.kustom.ch\/en\/wp-json\/wp\/v2\/product\/595609"}],"collection":[{"href":"https:\/\/shop.kustom.ch\/en\/wp-json\/wp\/v2\/product"}],"about":[{"href":"https:\/\/shop.kustom.ch\/en\/wp-json\/wp\/v2\/types\/product"}],"wp:featuredmedia":[{"embeddable":true,"href":"https:\/\/shop.kustom.ch\/en\/wp-json\/wp\/v2\/media\/595661"}],"wp:attachment":[{"href":"https:\/\/shop.kustom.ch\/en\/wp-json\/wp\/v2\/media?parent=595609"}],"wp:term":[{"taxonomy":"product_brand","embeddable":true,"href":"https:\/\/shop.kustom.ch\/en\/wp-json\/wp\/v2\/product_brand?post=595609"},{"taxonomy":"product_cat","embeddable":true,"href":"https:\/\/shop.kustom.ch\/en\/wp-json\/wp\/v2\/product_cat?post=595609"},{"taxonomy":"product_tag","embeddable":true,"href":"https:\/\/shop.kustom.ch\/en\/wp-json\/wp\/v2\/product_tag?post=595609"}],"curies":[{"name":"wp","href":"https:\/\/api.w.org\/{rel}","templated":true}]}}