{"id":595588,"date":"2025-03-05T00:27:06","date_gmt":"2025-03-04T23:27:06","guid":{"rendered":"https:\/\/shop.kustom.ch\/?post_type=product&#038;p=595588"},"modified":"2026-03-31T08:58:59","modified_gmt":"2026-03-31T07:58:59","slug":"multinorm-winterjacke-2","status":"publish","type":"product","link":"https:\/\/shop.kustom.ch\/en\/product\/multinorm-winterjacke-2\/","title":{"rendered":"Multinorm winter jacket"},"content":{"rendered":"<p>Multinorm winter jacket, designed to be visible from every direction - even when you are bending down. Easily accessible pockets for all your needs combined with a comfortable cut, robust material and increased safety make this jacket the ideal choice for extreme and demanding working conditions. Certified according to EN ISO 20471, XS-L class 2, XL -&gt; class 3, EN 1149-5, IEC 61482-2 class 2, EN342. EN ISO 11612 A1, A2, B1, C1, E3, F1. EN ISO 11611, Class 1 A1+A2. EN 13034 PB (6). ATPV: 43.0 cal\/cm\u00b2.<\/p>\n<p>CLOSURE: Adjustable waistband with Velcro fastening. Adjustable cuffs with Velcro fastening. DETAILS: Detachable ID card pocket for flame-retardant clothing. External certification labels. Fleece-lined collar. Loops on both sides of the chest for microphones and other equipment. FRONT CLOSURE: Concealed, reinforced metal zip. FUNCTIONALITY: Oil, dirt and water repellent. MAIN PROPERTIES: Craftsman. EN ISO 11611. REFLEX: Flame retardant reflective stripes with double stitching. FABRIC: Men's. blue. Flame retardant. POCKETS: Chest pocket with concealed metal zip. Mobile phone pocket inside. Inside pocket with Velcro fastening. Inset pockets with flaps. WASHING INSTRUCTIONS: Do not spin-dry. CERTIFICATION: EN 1149-5. EN 13034 PB (6). EN 342 together with 1869-1514. EN ISO 11611, class 1 A1+A2. EN ISO 11612 A1, A2, B1, C1, E1, F1. EN ISO 20471, XS-L class 2, XL-&gt; class 3. ATPV - 43 cal\/cm\u00b2<\/p>\n<p>40% modacrylic, 24% FR viscose, 20% polyester, 10% cotton, 4% aramid, 2% antistatic, double-woven, flame-retardant, antistatic, 310 g\/m\u00b2<\/p>","protected":false},"excerpt":{"rendered":"<p>Multinorm Winterjacke, entwickelt, um aus jeder Richtung sichtbar zu sein &#8211; auch wenn Sie sich b\u00fccken. Leicht zug\u00e4ngliche Taschen f\u00fcr all Ihre Bed\u00fcrfnisse kombiniert mit einem komfortablen Schnitt, robustem Material und h\u00f6herer Sicherheit machen diese Jacke zur idealen Wahl f\u00fcr extreme und fordernde Arbeitsbedingungen. Zertifiziert nach EN ISO 20471, XS-L Klasse 2, XL -&gt; Klasse [&hellip;]<\/p>\n","protected":false},"featured_media":595639,"template":"","meta":[],"product_brand":[],"product_cat":[4186],"product_tag":[],"class_list":{"0":"post-595588","1":"product","2":"type-product","3":"status-publish","4":"has-post-thumbnail","6":"product_cat-jacken","7":"pa_brand-blaklaeder","8":"pa_brand-type-workwear","9":"pa_filter-color-blau","10":"pa_filter-color-gelb","11":"pa_filter-color-orange","13":"first","14":"instock","15":"sale","16":"taxable","17":"shipping-taxable","18":"purchasable","19":"product-type-variable","20":"add-to-wishlist-before_image"},"exclude_global_add_ons":[],"addons":[],"acf":[],"_links":{"self":[{"href":"https:\/\/shop.kustom.ch\/en\/wp-json\/wp\/v2\/product\/595588"}],"collection":[{"href":"https:\/\/shop.kustom.ch\/en\/wp-json\/wp\/v2\/product"}],"about":[{"href":"https:\/\/shop.kustom.ch\/en\/wp-json\/wp\/v2\/types\/product"}],"wp:featuredmedia":[{"embeddable":true,"href":"https:\/\/shop.kustom.ch\/en\/wp-json\/wp\/v2\/media\/595639"}],"wp:attachment":[{"href":"https:\/\/shop.kustom.ch\/en\/wp-json\/wp\/v2\/media?parent=595588"}],"wp:term":[{"taxonomy":"product_brand","embeddable":true,"href":"https:\/\/shop.kustom.ch\/en\/wp-json\/wp\/v2\/product_brand?post=595588"},{"taxonomy":"product_cat","embeddable":true,"href":"https:\/\/shop.kustom.ch\/en\/wp-json\/wp\/v2\/product_cat?post=595588"},{"taxonomy":"product_tag","embeddable":true,"href":"https:\/\/shop.kustom.ch\/en\/wp-json\/wp\/v2\/product_tag?post=595588"}],"curies":[{"name":"wp","href":"https:\/\/api.w.org\/{rel}","templated":true}]}}