{"id":595571,"date":"2025-03-05T00:27:03","date_gmt":"2025-03-04T23:27:03","guid":{"rendered":"https:\/\/shop.kustom.ch\/?post_type=product&#038;p=595571"},"modified":"2026-03-31T08:58:58","modified_gmt":"2026-03-31T07:58:58","slug":"knieschoner-typ-1","status":"publish","type":"product","link":"https:\/\/shop.kustom.ch\/en\/product\/knieschoner-typ-1\/","title":{"rendered":"Knee pads type 1"},"content":{"rendered":"<p>A knee pad which, together with the knee pads 4027 and 4057, becomes a type 1 knee protector. The CORDURA\u00ae stretch knee pad 4067 can be worn at all times when work on the knees is required. The protector has an airy mesh material at the back for extra ventilation. It matches Bl\u00e5kl\u00e4der's knee pads 4027 and 4057 and is available in three sizes. Thanks to the material and design, the protector is comfortable and the upper part can be adjusted using the elasticated strap. The knee pad is worn together with shorts if you want to wear shorts but need knee protection at the same time.<\/p>\n<p>FUNCTIONALITY: Adjustable top with Velcro fastening. MAIN FEATURES: Unisex. EN 14004. FITS TO: Bl\u00e5kl\u00e4der shorts. SYMBOLS: 2-way stretch. POCKETS: Knee pad pockets. WASHING INSTRUCTIONS: 40\u00b0 C - mild. PACKAGING: Delivered in pairs. CERTIFICATION: EN 14404 2004+A1 2010, Type 1, Level 1 together with knee pads Art. 4027<\/p>\n<p>100% polyester, CORDURA\u00ae Stretch 320g\/m\u00b2<\/p>","protected":false},"excerpt":{"rendered":"<p>Ein Knieschoner der zusammen mit den Kniepolstern 4027 und 4057 zu einen Typ 1 Knieschutz wird. Der CORDURA\u00ae Stretch Knieschoner 4067 kann jederzeit, wenn die Arbeit auf den Knien erforderlich ist, getragen werden. Der Schoner hat ein luftiges Mesh Material an der R\u00fcckseite f\u00fcr extra Bel\u00fcftung. Er passt zu Bl\u00e5kl\u00e4ders Kniepolstern 4027 und 4057 und [&hellip;]<\/p>\n","protected":false},"featured_media":595594,"template":"","meta":[],"product_brand":[],"product_cat":[9643,4209],"product_tag":[],"class_list":{"0":"post-595571","1":"product","2":"type-product","3":"status-publish","4":"has-post-thumbnail","6":"product_cat-equipment","7":"product_cat-zubehoer","8":"pa_brand-blaklaeder","9":"pa_brand-type-workwear","10":"pa_filter-color-schwarz","12":"first","13":"instock","14":"sale","15":"taxable","16":"shipping-taxable","17":"purchasable","18":"product-type-variable","19":"add-to-wishlist-before_image"},"exclude_global_add_ons":[],"addons":[],"acf":[],"_links":{"self":[{"href":"https:\/\/shop.kustom.ch\/en\/wp-json\/wp\/v2\/product\/595571"}],"collection":[{"href":"https:\/\/shop.kustom.ch\/en\/wp-json\/wp\/v2\/product"}],"about":[{"href":"https:\/\/shop.kustom.ch\/en\/wp-json\/wp\/v2\/types\/product"}],"wp:featuredmedia":[{"embeddable":true,"href":"https:\/\/shop.kustom.ch\/en\/wp-json\/wp\/v2\/media\/595594"}],"wp:attachment":[{"href":"https:\/\/shop.kustom.ch\/en\/wp-json\/wp\/v2\/media?parent=595571"}],"wp:term":[{"taxonomy":"product_brand","embeddable":true,"href":"https:\/\/shop.kustom.ch\/en\/wp-json\/wp\/v2\/product_brand?post=595571"},{"taxonomy":"product_cat","embeddable":true,"href":"https:\/\/shop.kustom.ch\/en\/wp-json\/wp\/v2\/product_cat?post=595571"},{"taxonomy":"product_tag","embeddable":true,"href":"https:\/\/shop.kustom.ch\/en\/wp-json\/wp\/v2\/product_tag?post=595571"}],"curies":[{"name":"wp","href":"https:\/\/api.w.org\/{rel}","templated":true}]}}