{"id":595490,"date":"2025-03-05T00:24:53","date_gmt":"2025-03-04T23:24:53","guid":{"rendered":"https:\/\/shop.kustom.ch\/?post_type=product&#038;p=595490"},"modified":"2026-03-31T08:58:51","modified_gmt":"2026-03-31T07:58:51","slug":"flammschutzjacke","status":"publish","type":"product","link":"https:\/\/shop.kustom.ch\/en\/product\/flammschutzjacke\/","title":{"rendered":"Flame protection jacket"},"content":{"rendered":"<p>Oil, dirt and water-repellent flame protection jacket with robust, concealed metal zip and practical pockets. Movement pleat on the back and pre-shaped elbows for better comfort. Reflective details for increased visibility. Suitable for industrial laundering. The fabric has an arc resistance of EN 61482-1-1 ATPV 16.0 cal\/cm2. Certified according to EN 1149-5, EN ISO 11611, EN 13034, EN ISO 11612, IEC 61482-2. ATPV: 16.0 cal\/cm\u00b2.<\/p>\n<p>CLOSURE: Adjustable waistband with press studs. Adjustable cuffs with press studs. DETAILS: Bellows at the back. External certification labels. High collar with concealed zip. FRONT CLOSURE: Concealed, reinforced metal zip. FUNCTIONALITY: Oil, dirt and water repellent. MAIN PROPERTIES: Welder. IEC 61482-2. REFLEX: Reflective details. FABRIC: Available for men and women. black. Flame retardant. POCKETS: Chest pockets with concealed zip. Mobile phone pocket inside. Inside pocket. Inset pockets with flaps. WASHING INSTRUCTIONS: Do not dry clean. WASHING: Industrial laundry EN ISO 15797. CERTIFICATION: EN 1149-5. EN 13034 PB (6). EN ISO 11611, class 1 A1+A2. EN ISO 11612 A1, A2, B1, C1, E3, F1. IEC 61482-2, APC 1<\/p>\n<p>85% cotton, 14% polyester, 1% antistatic, twill, flame-retardant, antistatic, 350 g\/m\u00b2<\/p>","protected":false},"excerpt":{"rendered":"<p>\u00d6l-, schmutz- und wasserabweisende Flammschutzjacke mit robustem, verstecktem Metall Reissverschluss und praktischen Taschen. Bewegungsfalte am R\u00fccken und vorgeformte Ellbogen f\u00fcr besseren Komfort. Reflexdetails f\u00fcr h\u00f6here Sichtbarkeit. Industriew\u00e4sche geeignet. Der Stoff hat eine Lichtbogenfestigkeit von EN 61482-1-1 ATPV 16,0 cal\/cm2. Zertifiziert nach EN 1149-5, EN ISO 11611, EN 13034, EN ISO 11612, IEC 61482-2. ATPV: 16,0 [&hellip;]<\/p>\n","protected":false},"featured_media":595549,"template":"","meta":[],"product_brand":[],"product_cat":[4186],"product_tag":[],"class_list":{"0":"post-595490","1":"product","2":"type-product","3":"status-publish","4":"has-post-thumbnail","6":"product_cat-jacken","7":"pa_brand-blaklaeder","8":"pa_brand-type-workwear","9":"pa_filter-color-grau","10":"pa_filter-color-schwarz","12":"first","13":"instock","14":"sale","15":"taxable","16":"shipping-taxable","17":"purchasable","18":"product-type-variable","19":"add-to-wishlist-before_image"},"exclude_global_add_ons":[],"addons":[],"acf":[],"_links":{"self":[{"href":"https:\/\/shop.kustom.ch\/en\/wp-json\/wp\/v2\/product\/595490"}],"collection":[{"href":"https:\/\/shop.kustom.ch\/en\/wp-json\/wp\/v2\/product"}],"about":[{"href":"https:\/\/shop.kustom.ch\/en\/wp-json\/wp\/v2\/types\/product"}],"wp:featuredmedia":[{"embeddable":true,"href":"https:\/\/shop.kustom.ch\/en\/wp-json\/wp\/v2\/media\/595549"}],"wp:attachment":[{"href":"https:\/\/shop.kustom.ch\/en\/wp-json\/wp\/v2\/media?parent=595490"}],"wp:term":[{"taxonomy":"product_brand","embeddable":true,"href":"https:\/\/shop.kustom.ch\/en\/wp-json\/wp\/v2\/product_brand?post=595490"},{"taxonomy":"product_cat","embeddable":true,"href":"https:\/\/shop.kustom.ch\/en\/wp-json\/wp\/v2\/product_cat?post=595490"},{"taxonomy":"product_tag","embeddable":true,"href":"https:\/\/shop.kustom.ch\/en\/wp-json\/wp\/v2\/product_tag?post=595490"}],"curies":[{"name":"wp","href":"https:\/\/api.w.org\/{rel}","templated":true}]}}