{"id":595392,"date":"2025-03-05T00:22:09","date_gmt":"2025-03-04T23:22:09","guid":{"rendered":"https:\/\/shop.kustom.ch\/?post_type=product&#038;p=595392"},"modified":"2026-03-31T08:58:48","modified_gmt":"2026-03-31T07:58:48","slug":"bundjacke-industrie","status":"publish","type":"product","link":"https:\/\/shop.kustom.ch\/en\/product\/bundjacke-industrie\/","title":{"rendered":"Waistcoat industry"},"content":{"rendered":"<p>Clever details and a focus on functionality ensure that the garments in our industrial collection can withstand even the toughest conditions. The 4054 jacket is a basic model with the most important functions. The jacket has two breast pockets with flaps, one of which is a two-piece pen pocket with straps for extra tools. It has a movement pleat on the back for greater freedom of movement.<\/p>\n<p>CLOSURE: Adjustable cuffs. DETAILS: Detachable ID card pocket. Bellows at the back. Shoulder sections in contrasting colour. FRONT CLOSURE: Concealed plastic zip. MAIN CHARACTERISTICS: Cleaning power. FABRIC: Men's. blue. Industry \/ Service. POCKETS: Chest pockets with bellows and flap, one with double pen pocket. Inside pockets, one with mobile phone pocket. Two front pockets. WASHING INSTRUCTIONS: Dry cleaning - normal P<\/p>\n<p>100% Cotton, twill, 320 g\/m\u00b2<\/p>","protected":false},"excerpt":{"rendered":"<p>Clevere Details und der Fokus auf Funktionalit\u00e4t sorgen in unserer Industriekollektion daf\u00fcr, dass die Kleidungsst\u00fccke auch harten Bedingungen standhalten. Die Jacke 4054 ist ein Basismodell mit den wichtigsten Funktionen. Die Jacke hat zwei Brusttaschen mit Patte, eine davon als zweiteilige Stifttasche mit Riemen f\u00fcr extra Werkzeug. Sie hat eine Bewegungsfalte am R\u00fccken f\u00fcr mehr Bewegungsfreiheit. [&hellip;]<\/p>\n","protected":false},"featured_media":595478,"template":"","meta":[],"product_brand":[],"product_cat":[4186],"product_tag":[],"class_list":{"0":"post-595392","1":"product","2":"type-product","3":"status-publish","4":"has-post-thumbnail","6":"product_cat-jacken","7":"pa_brand-blaklaeder","8":"pa_brand-type-workwear","9":"pa_filter-color-beige","10":"pa_filter-color-blau","11":"pa_filter-color-grau","12":"pa_filter-color-rot","13":"pa_filter-color-schwarz","15":"first","16":"instock","17":"sale","18":"taxable","19":"shipping-taxable","20":"purchasable","21":"product-type-variable","22":"add-to-wishlist-before_image"},"exclude_global_add_ons":[],"addons":[],"acf":[],"_links":{"self":[{"href":"https:\/\/shop.kustom.ch\/en\/wp-json\/wp\/v2\/product\/595392"}],"collection":[{"href":"https:\/\/shop.kustom.ch\/en\/wp-json\/wp\/v2\/product"}],"about":[{"href":"https:\/\/shop.kustom.ch\/en\/wp-json\/wp\/v2\/types\/product"}],"wp:featuredmedia":[{"embeddable":true,"href":"https:\/\/shop.kustom.ch\/en\/wp-json\/wp\/v2\/media\/595478"}],"wp:attachment":[{"href":"https:\/\/shop.kustom.ch\/en\/wp-json\/wp\/v2\/media?parent=595392"}],"wp:term":[{"taxonomy":"product_brand","embeddable":true,"href":"https:\/\/shop.kustom.ch\/en\/wp-json\/wp\/v2\/product_brand?post=595392"},{"taxonomy":"product_cat","embeddable":true,"href":"https:\/\/shop.kustom.ch\/en\/wp-json\/wp\/v2\/product_cat?post=595392"},{"taxonomy":"product_tag","embeddable":true,"href":"https:\/\/shop.kustom.ch\/en\/wp-json\/wp\/v2\/product_tag?post=595392"}],"curies":[{"name":"wp","href":"https:\/\/api.w.org\/{rel}","templated":true}]}}