{"id":595374,"date":"2025-03-05T00:21:32","date_gmt":"2025-03-04T23:21:32","guid":{"rendered":"https:\/\/shop.kustom.ch\/?post_type=product&#038;p=595374"},"modified":"2026-03-31T08:58:47","modified_gmt":"2026-03-31T07:58:47","slug":"lederguertel-2","status":"publish","type":"product","link":"https:\/\/shop.kustom.ch\/en\/product\/lederguertel-2\/","title":{"rendered":"Leather belt"},"content":{"rendered":"<p>A classic belt made from sturdy buffalo leather that is strong yet soft and flexible. It has a robust metal buckle and strong seams that make it extra durable. Can be worn both for work and leisure.<\/p>\n<p>DETAILS: Woven label on the front. Nickel-free. MAIN FEATURES: Unisex. SIZING: Length 75-90 cm (85), 85-100 cm (95), 95-110 cm (105), 105-120 cm (115). WASHING INSTRUCTIONS: Do not wash<\/p>","protected":false},"excerpt":{"rendered":"<p>Ein klassischer G\u00fcrtel aus stabilem B\u00fcffelleder, das fest und gleichzeitig weich und flexibel ist. Er hat eine robuste Metallschnalle und starke N\u00e4hte, die ihn extra haltbar machen. Kann sowohl bei der Arbeit als auch in der Freizeit getragen werden. DETAILS: Gewebtes Etikett auf der Vorderseite. Nickelfrei. HAUPTEIGENSCHAFTEN: Unisex. MASSANGABE: L\u00e4nge 75-90 cm (85), 85-100 cm [&hellip;]<\/p>\n","protected":false},"featured_media":595458,"template":"","meta":[],"product_brand":[],"product_cat":[9643,4209],"product_tag":[],"class_list":{"0":"post-595374","1":"product","2":"type-product","3":"status-publish","4":"has-post-thumbnail","6":"product_cat-equipment","7":"product_cat-zubehoer","8":"pa_brand-blaklaeder","9":"pa_brand-type-workwear","10":"pa_filter-color-braun","11":"pa_filter-color-schwarz","13":"first","14":"instock","15":"sale","16":"taxable","17":"shipping-taxable","18":"purchasable","19":"product-type-variable","20":"add-to-wishlist-before_image"},"exclude_global_add_ons":[],"addons":[],"acf":[],"_links":{"self":[{"href":"https:\/\/shop.kustom.ch\/en\/wp-json\/wp\/v2\/product\/595374"}],"collection":[{"href":"https:\/\/shop.kustom.ch\/en\/wp-json\/wp\/v2\/product"}],"about":[{"href":"https:\/\/shop.kustom.ch\/en\/wp-json\/wp\/v2\/types\/product"}],"wp:featuredmedia":[{"embeddable":true,"href":"https:\/\/shop.kustom.ch\/en\/wp-json\/wp\/v2\/media\/595458"}],"wp:attachment":[{"href":"https:\/\/shop.kustom.ch\/en\/wp-json\/wp\/v2\/media?parent=595374"}],"wp:term":[{"taxonomy":"product_brand","embeddable":true,"href":"https:\/\/shop.kustom.ch\/en\/wp-json\/wp\/v2\/product_brand?post=595374"},{"taxonomy":"product_cat","embeddable":true,"href":"https:\/\/shop.kustom.ch\/en\/wp-json\/wp\/v2\/product_cat?post=595374"},{"taxonomy":"product_tag","embeddable":true,"href":"https:\/\/shop.kustom.ch\/en\/wp-json\/wp\/v2\/product_tag?post=595374"}],"curies":[{"name":"wp","href":"https:\/\/api.w.org\/{rel}","templated":true}]}}