{"id":595358,"date":"2025-03-05T00:21:29","date_gmt":"2025-03-04T23:21:29","guid":{"rendered":"https:\/\/shop.kustom.ch\/?post_type=product&#038;p=595358"},"modified":"2026-03-31T08:58:38","modified_gmt":"2026-03-31T07:58:38","slug":"guertel-stretch-metallfrei","status":"publish","type":"product","link":"https:\/\/shop.kustom.ch\/en\/product\/guertel-stretch-metallfrei\/","title":{"rendered":"Stretch metal-free belt"},"content":{"rendered":"<p>Metal-free belt with a rubber-coated plastic fastener that leaves no scratches. The belt is made of stretch for better comfort and is available in several colours. Ideal for workers in the transport industry and where metal detectors are used.<\/p>\n<p>DETAILS: Adjustable length. Metal-free buckle. FUNCTIONALITY: Metal-free. MAIN FEATURES: Unisex. DIMENSIONS: Width 40 mm. FABRIC: High-vis yellow. Metal-free. Unite. WASHING INSTRUCTIONS: Do not bleach<\/p>","protected":false},"excerpt":{"rendered":"<p>Metallfreier G\u00fcrtel mit einem gummibeschichteten Plastikverschluss, der keine Kratzer hinterl\u00e4sst. Der G\u00fcrtel besteht aus Stretch f\u00fcr besseren Komfort und ist in mehreren Farben erh\u00e4ltlich. Ideal f\u00fcr Arbeiter in der Transportindustrie und wenn Metalldetektoren genutzt werden. DETAILS: Verstellbare L\u00e4nge. Metallfreie Schnalle. FUNKTIONALIT\u00c4T: Metallfrei. HAUPTEIGENSCHAFTEN: Unisex. MASSANGABE: Breite 40 mm. STOFF: High-Vis Gelb. Metallfrei. Unite. WASCHANLEITUNG: Nicht [&hellip;]<\/p>\n","protected":false},"featured_media":595423,"template":"","meta":[],"product_brand":[],"product_cat":[9643,4209],"product_tag":[],"class_list":{"0":"post-595358","1":"product","2":"type-product","3":"status-publish","4":"has-post-thumbnail","6":"product_cat-equipment","7":"product_cat-zubehoer","8":"pa_brand-blaklaeder","9":"pa_brand-type-workwear","10":"pa_filter-color-blau","11":"pa_filter-color-gelb","12":"pa_filter-color-grau","13":"pa_filter-color-gruen","14":"pa_filter-color-orange","15":"pa_filter-color-rot","16":"pa_filter-color-schwarz","18":"first","19":"instock","20":"sale","21":"taxable","22":"shipping-taxable","23":"purchasable","24":"product-type-variable","25":"add-to-wishlist-before_image"},"exclude_global_add_ons":[],"addons":[],"acf":[],"_links":{"self":[{"href":"https:\/\/shop.kustom.ch\/en\/wp-json\/wp\/v2\/product\/595358"}],"collection":[{"href":"https:\/\/shop.kustom.ch\/en\/wp-json\/wp\/v2\/product"}],"about":[{"href":"https:\/\/shop.kustom.ch\/en\/wp-json\/wp\/v2\/types\/product"}],"wp:featuredmedia":[{"embeddable":true,"href":"https:\/\/shop.kustom.ch\/en\/wp-json\/wp\/v2\/media\/595423"}],"wp:attachment":[{"href":"https:\/\/shop.kustom.ch\/en\/wp-json\/wp\/v2\/media?parent=595358"}],"wp:term":[{"taxonomy":"product_brand","embeddable":true,"href":"https:\/\/shop.kustom.ch\/en\/wp-json\/wp\/v2\/product_brand?post=595358"},{"taxonomy":"product_cat","embeddable":true,"href":"https:\/\/shop.kustom.ch\/en\/wp-json\/wp\/v2\/product_cat?post=595358"},{"taxonomy":"product_tag","embeddable":true,"href":"https:\/\/shop.kustom.ch\/en\/wp-json\/wp\/v2\/product_tag?post=595358"}],"curies":[{"name":"wp","href":"https:\/\/api.w.org\/{rel}","templated":true}]}}