{"id":595331,"date":"2025-03-05T00:20:21","date_gmt":"2025-03-04T23:20:21","guid":{"rendered":"https:\/\/shop.kustom.ch\/?post_type=product&#038;p=595331"},"modified":"2026-03-31T08:58:36","modified_gmt":"2026-03-31T07:58:36","slug":"anti-kratz-guertel-stretch","status":"publish","type":"product","link":"https:\/\/shop.kustom.ch\/en\/product\/anti-kratz-guertel-stretch\/","title":{"rendered":"Anti-scratch belt stretch"},"content":{"rendered":"<p>Belt with rubber buckle. The belt is available in one size and can be easily adjusted to the individual size. The buckle is soft and easy to open and has a rubber coating to prevent scratches or similar during work. The belt material is strong and made of durable stretch.<\/p>\n<p>DETAILS: Rubberised metal buckle with logo. MAIN FEATURES: Unisex. MEASUREMENT: Length 120 cm. SYMBOLS: 2-way stretch. WASHING INSTRUCTIONS: Hand wash<\/p>","protected":false},"excerpt":{"rendered":"<p>G\u00fcrtel mit Gummischnalle. Der G\u00fcrtel ist in einer Gr\u00f6sse erh\u00e4ltlich und kann einfach zur individuellen Gr\u00f6sse eingestellt werden. Die Schnalle ist weich und leicht zu \u00f6ffnen und hat eine Gummibeschichtung, um Kratzer oder \u00c4hnliches w\u00e4hrend der Arbeit zu vermeiden. Das G\u00fcrtelmaterial ist stark und aus haltbarem Stretch. DETAILS: Gummierte Metallschnalle mit Logo. HAUPTEIGENSCHAFTEN: Unisex. MASSANGABE: [&hellip;]<\/p>\n","protected":false},"featured_media":595402,"template":"","meta":[],"product_brand":[],"product_cat":[9643,4209],"product_tag":[],"class_list":{"0":"post-595331","1":"product","2":"type-product","3":"status-publish","4":"has-post-thumbnail","6":"product_cat-equipment","7":"product_cat-zubehoer","8":"pa_brand-blaklaeder","9":"pa_brand-type-workwear","10":"pa_filter-color-schwarz","12":"first","13":"instock","14":"sale","15":"taxable","16":"shipping-taxable","17":"purchasable","18":"product-type-variable","19":"add-to-wishlist-before_image"},"exclude_global_add_ons":[],"addons":[],"acf":[],"_links":{"self":[{"href":"https:\/\/shop.kustom.ch\/en\/wp-json\/wp\/v2\/product\/595331"}],"collection":[{"href":"https:\/\/shop.kustom.ch\/en\/wp-json\/wp\/v2\/product"}],"about":[{"href":"https:\/\/shop.kustom.ch\/en\/wp-json\/wp\/v2\/types\/product"}],"wp:featuredmedia":[{"embeddable":true,"href":"https:\/\/shop.kustom.ch\/en\/wp-json\/wp\/v2\/media\/595402"}],"wp:attachment":[{"href":"https:\/\/shop.kustom.ch\/en\/wp-json\/wp\/v2\/media?parent=595331"}],"wp:term":[{"taxonomy":"product_brand","embeddable":true,"href":"https:\/\/shop.kustom.ch\/en\/wp-json\/wp\/v2\/product_brand?post=595331"},{"taxonomy":"product_cat","embeddable":true,"href":"https:\/\/shop.kustom.ch\/en\/wp-json\/wp\/v2\/product_cat?post=595331"},{"taxonomy":"product_tag","embeddable":true,"href":"https:\/\/shop.kustom.ch\/en\/wp-json\/wp\/v2\/product_tag?post=595331"}],"curies":[{"name":"wp","href":"https:\/\/api.w.org\/{rel}","templated":true}]}}