{"id":595313,"date":"2025-03-05T00:19:43","date_gmt":"2025-03-04T23:19:43","guid":{"rendered":"https:\/\/shop.kustom.ch\/?post_type=product&#038;p=595313"},"modified":"2026-03-31T08:58:34","modified_gmt":"2026-03-31T07:58:34","slug":"guertel-2","status":"publish","type":"product","link":"https:\/\/shop.kustom.ch\/en\/product\/guertel-2\/","title":{"rendered":"Belt"},"content":{"rendered":"<p>Black textile belt with printed fashionable Bl\u00e5kl\u00e4der logo. Antique silver buckle. Length 125 cm and width 4 cm. In green article no. 9033.<\/p>\n<p>DETAILS: Bl\u00e5kl\u00e4der print. Textile belt. Metal buckle in antique silver with our company logo Bl\u00e5kl\u00e4der. MAIN FEATURES: Unisex. MEASUREMENT: Length 125 cm. WASHING INSTRUCTIONS: Do not dry clean<\/p>","protected":false},"excerpt":{"rendered":"<p>Schwarzer Textilg\u00fcrtel mit aufgedrucktem modischen Bl\u00e5kl\u00e4der-Logo. Antiksilberschnalle. L\u00e4nge 125 cm und Breite 4 cm. In Gr\u00fcn Artikelnr. 9033. DETAILS: Bl\u00e5kl\u00e4der-Aufdruck. Textilg\u00fcrtel. Metallschnalle in antikem Silber mit unserem Firmenlogo Bl\u00e5kl\u00e4der. HAUPTEIGENSCHAFTEN: Unisex. MASSANGABE: L\u00e4nge 125 cm. WASCHANLEITUNG: Nicht chemisch reinigen<\/p>","protected":false},"featured_media":595385,"template":"","meta":[],"product_brand":[],"product_cat":[9643,4209],"product_tag":[],"class_list":{"0":"post-595313","1":"product","2":"type-product","3":"status-publish","4":"has-post-thumbnail","6":"product_cat-equipment","7":"product_cat-zubehoer","8":"pa_brand-blaklaeder","9":"pa_brand-type-workwear","10":"pa_filter-color-schwarz","12":"first","13":"instock","14":"sale","15":"taxable","16":"shipping-taxable","17":"purchasable","18":"product-type-variable","19":"add-to-wishlist-before_image"},"exclude_global_add_ons":[],"addons":[],"acf":[],"_links":{"self":[{"href":"https:\/\/shop.kustom.ch\/en\/wp-json\/wp\/v2\/product\/595313"}],"collection":[{"href":"https:\/\/shop.kustom.ch\/en\/wp-json\/wp\/v2\/product"}],"about":[{"href":"https:\/\/shop.kustom.ch\/en\/wp-json\/wp\/v2\/types\/product"}],"wp:featuredmedia":[{"embeddable":true,"href":"https:\/\/shop.kustom.ch\/en\/wp-json\/wp\/v2\/media\/595385"}],"wp:attachment":[{"href":"https:\/\/shop.kustom.ch\/en\/wp-json\/wp\/v2\/media?parent=595313"}],"wp:term":[{"taxonomy":"product_brand","embeddable":true,"href":"https:\/\/shop.kustom.ch\/en\/wp-json\/wp\/v2\/product_brand?post=595313"},{"taxonomy":"product_cat","embeddable":true,"href":"https:\/\/shop.kustom.ch\/en\/wp-json\/wp\/v2\/product_cat?post=595313"},{"taxonomy":"product_tag","embeddable":true,"href":"https:\/\/shop.kustom.ch\/en\/wp-json\/wp\/v2\/product_tag?post=595313"}],"curies":[{"name":"wp","href":"https:\/\/api.w.org\/{rel}","templated":true}]}}