{"id":595215,"date":"2025-03-05T00:18:30","date_gmt":"2025-03-04T23:18:30","guid":{"rendered":"https:\/\/shop.kustom.ch\/?post_type=product&#038;p=595215"},"modified":"2026-03-31T08:57:58","modified_gmt":"2026-03-31T07:57:58","slug":"high-vis-winterweste","status":"publish","type":"product","link":"https:\/\/shop.kustom.ch\/en\/product\/high-vis-winterweste\/","title":{"rendered":"High Vis winter waistcoat"},"content":{"rendered":"<p>Warm and comfortable high-vis winter waistcoat with pile lining. The winter waistcoat has a water and dirt-repellent surface and a concealed zip. Many practical pockets with zip and a kangaroo pocket on the back for gloves. The extended back and adjustable cuffs provide additional comfort.<\/p>\n<p>CLOSURE: Extended back. DETAILS: D-ring. High collar. FRONT CLOSURE: Wind flap with Velcro fastening. FUNCTIONALITY: Water and dirt repellent outer material. MAIN FEATURES: Driver. EN ISO 20471. REFLEX: Reflectors on shoulders and body. FABRIC: Men's. High-vis yellow. Fibre fur lining. High-visibility protection. POCKETS: Chest pocket with zip. Kangaroo pocket in the back for gloves and other material. Mobile phone pocket inside. Front pockets with zips. WASHING INSTRUCTIONS: Number of washes: 40, do not bleach. CERTIFICATION: Certification group A<\/p>\n<p>70% polyester, 30% cotton, twill, water-repellent outer fabric, 230g\/m\u00b2<\/p>","protected":false},"excerpt":{"rendered":"<p>Warme und komfortable High-Vis Winterweste mit Pile-Innenfutter. Die Winterweste besitzt eine wasser- und schmutzabweisende Oberfl\u00e4che und eine verdeckte Reissverschlussleiste. Viele praktische Taschen mit Reissverschluss und eine K\u00e4ngurutasche am R\u00fccken f\u00fcr die Handschuhe. F\u00fcr zus\u00e4tzlichen Tragekomfort sorgt der verl\u00e4ngerte R\u00fccken und der einstellbare Abschluss. ABSCHLUSS: Verl\u00e4ngerter R\u00fccken. DETAILS: D-Ring. Hoher Kragen. FRONTVERSCHLUSS: Windleiste mit Klettverschluss. FUNKTIONALIT\u00c4T: [&hellip;]<\/p>\n","protected":false},"featured_media":595250,"template":"","meta":[],"product_brand":[],"product_cat":[4208],"product_tag":[],"class_list":{"0":"post-595215","1":"product","2":"type-product","3":"status-publish","4":"has-post-thumbnail","6":"product_cat-westen","7":"pa_brand-blaklaeder","8":"pa_brand-type-workwear","9":"pa_filter-color-gelb","10":"pa_filter-color-orange","12":"first","13":"instock","14":"sale","15":"taxable","16":"shipping-taxable","17":"purchasable","18":"product-type-variable","19":"add-to-wishlist-before_image"},"exclude_global_add_ons":[],"addons":[],"acf":[],"_links":{"self":[{"href":"https:\/\/shop.kustom.ch\/en\/wp-json\/wp\/v2\/product\/595215"}],"collection":[{"href":"https:\/\/shop.kustom.ch\/en\/wp-json\/wp\/v2\/product"}],"about":[{"href":"https:\/\/shop.kustom.ch\/en\/wp-json\/wp\/v2\/types\/product"}],"wp:featuredmedia":[{"embeddable":true,"href":"https:\/\/shop.kustom.ch\/en\/wp-json\/wp\/v2\/media\/595250"}],"wp:attachment":[{"href":"https:\/\/shop.kustom.ch\/en\/wp-json\/wp\/v2\/media?parent=595215"}],"wp:term":[{"taxonomy":"product_brand","embeddable":true,"href":"https:\/\/shop.kustom.ch\/en\/wp-json\/wp\/v2\/product_brand?post=595215"},{"taxonomy":"product_cat","embeddable":true,"href":"https:\/\/shop.kustom.ch\/en\/wp-json\/wp\/v2\/product_cat?post=595215"},{"taxonomy":"product_tag","embeddable":true,"href":"https:\/\/shop.kustom.ch\/en\/wp-json\/wp\/v2\/product_tag?post=595215"}],"curies":[{"name":"wp","href":"https:\/\/api.w.org\/{rel}","templated":true}]}}