{"id":595111,"date":"2025-03-05T00:16:41","date_gmt":"2025-03-04T23:16:41","guid":{"rendered":"https:\/\/shop.kustom.ch\/?post_type=product&#038;p=595111"},"modified":"2026-03-31T08:57:56","modified_gmt":"2026-03-31T07:57:56","slug":"weste-warm-gefuettert","status":"publish","type":"product","link":"https:\/\/shop.kustom.ch\/en\/product\/weste-warm-gefuettert\/","title":{"rendered":"Warm lined waistcoat"},"content":{"rendered":"<p>A quilted gilet from Bl\u00e5kl\u00e4der's Unite collection that is warmly lined at the front and back. The side and shoulder areas of the waistcoat are made of knitted polyester, which contributes to excellent freedom of movement and comfort. The waistcoat offers a good surface for decoration. Also available as ladies' model 3864.<\/p>\n<p>CLOSURE: Elasticated waistband. DETAILS: Good surfaces for finishing. FRONT CLOSURE: Inner wind flap. FUNCTIONALITY: Side inserts in stretch material. MAIN FEATURES: Driver. FABRIC: Available for men and women. blue. Profile. POCKETS: Front pockets with zips. WASHING INSTRUCTIONS: Do not dry clean<\/p>\n<p>100% polyamide, dobby, water-repellent, 52 g\/m\u00b2<\/p>","protected":false},"excerpt":{"rendered":"<p>Eine gesteppte Weste aus Bl\u00e5kl\u00e4ders Unite Kollektion, die sowohl vorne und hinten warm gef\u00fcttert ist. Die Seiten- und Schulterbereiche der Weste bestehen aus gestricktem Polyester, was zur exzellenten Bewegungsfreiheit und dem besten Komfort beitr\u00e4gt. Die Weste bietet eine gute Oberfl\u00e4che f\u00fcr Veredelungen. Auch als Damenmodell 3864 erh\u00e4ltlich. ABSCHLUSS: Elastischer Bund. DETAILS: Gute Oberfl\u00e4chen f\u00fcr Veredelung. [&hellip;]<\/p>\n","protected":false},"featured_media":595176,"template":"","meta":[],"product_brand":[],"product_cat":[4208],"product_tag":[],"class_list":{"0":"post-595111","1":"product","2":"type-product","3":"status-publish","4":"has-post-thumbnail","6":"product_cat-westen","7":"pa_brand-blaklaeder","8":"pa_brand-type-workwear","9":"pa_filter-color-blau","11":"first","12":"instock","13":"sale","14":"taxable","15":"shipping-taxable","16":"purchasable","17":"product-type-variable","18":"add-to-wishlist-before_image"},"exclude_global_add_ons":[],"addons":[],"acf":[],"_links":{"self":[{"href":"https:\/\/shop.kustom.ch\/en\/wp-json\/wp\/v2\/product\/595111"}],"collection":[{"href":"https:\/\/shop.kustom.ch\/en\/wp-json\/wp\/v2\/product"}],"about":[{"href":"https:\/\/shop.kustom.ch\/en\/wp-json\/wp\/v2\/types\/product"}],"wp:featuredmedia":[{"embeddable":true,"href":"https:\/\/shop.kustom.ch\/en\/wp-json\/wp\/v2\/media\/595176"}],"wp:attachment":[{"href":"https:\/\/shop.kustom.ch\/en\/wp-json\/wp\/v2\/media?parent=595111"}],"wp:term":[{"taxonomy":"product_brand","embeddable":true,"href":"https:\/\/shop.kustom.ch\/en\/wp-json\/wp\/v2\/product_brand?post=595111"},{"taxonomy":"product_cat","embeddable":true,"href":"https:\/\/shop.kustom.ch\/en\/wp-json\/wp\/v2\/product_cat?post=595111"},{"taxonomy":"product_tag","embeddable":true,"href":"https:\/\/shop.kustom.ch\/en\/wp-json\/wp\/v2\/product_tag?post=595111"}],"curies":[{"name":"wp","href":"https:\/\/api.w.org\/{rel}","templated":true}]}}