{"id":595068,"date":"2025-03-05T00:16:05","date_gmt":"2025-03-04T23:16:05","guid":{"rendered":"https:\/\/shop.kustom.ch\/?post_type=product&#038;p=595068"},"modified":"2026-03-31T08:57:50","modified_gmt":"2026-03-31T07:57:50","slug":"damen-softshell-weste","status":"publish","type":"product","link":"https:\/\/shop.kustom.ch\/en\/product\/damen-softshell-weste\/","title":{"rendered":"Ladies softshell waistcoat"},"content":{"rendered":"<p>An attractive and flexible softshell garment designed for women. It is ideal as a top layer when you want to keep warm but still want to move freely. The stretch inserts at the back offer good ventilation, comfort and flexibility. The material is wind-resistant and the fleece lining in the collar is soft and comfortable.<\/p>\n<p>CLOSURE: Extended back. DETAILS: Fleece-lined collar. FRONT CLOSURE: Front zip with fleece chin guard. FUNCTIONALITY: Stretch insert at the back. Tailored cut. MAIN FEATURES: Garden worker. FABRIC: Available for men and women. blue. 2-way zip. Unite. POCKETS: Inside pockets. Pen pocket. Front pockets with zips. WASHING INSTRUCTIONS: Do not spin-dry<\/p>\n<p>100% Polyester, 2-ply, softshell, sealed, water-repellent 255 g\/m\u00b2<\/p>","protected":false},"excerpt":{"rendered":"<p>Ein attraktives und flexibles Softshell Kleidungsst\u00fcck entwickelt f\u00fcr Damen. Es eignet sich ideal als oberste Schicht wenn man sich warm halten will, aber sich trotzdem frei bewegen m\u00f6chte. Die Stretch-Eins\u00e4tze hinten bieten gute Bel\u00fcftung, Komfort und Flexibilit\u00e4t. Das Material ist windbest\u00e4ndig und das Fleece Futter im Kragen ist weich und bequem. ABSCHLUSS: Verl\u00e4ngerter R\u00fccken. DETAILS: [&hellip;]<\/p>\n","protected":false},"featured_media":595096,"template":"","meta":[],"product_brand":[],"product_cat":[4208],"product_tag":[],"class_list":{"0":"post-595068","1":"product","2":"type-product","3":"status-publish","4":"has-post-thumbnail","6":"product_cat-westen","7":"pa_brand-blaklaeder","8":"pa_brand-type-workwear","9":"pa_filter-color-blau","10":"pa_filter-color-gelb","11":"pa_filter-color-grau","12":"pa_filter-color-rot","13":"pa_filter-color-schwarz","15":"first","16":"instock","17":"sale","18":"taxable","19":"shipping-taxable","20":"purchasable","21":"product-type-variable","22":"add-to-wishlist-before_image"},"exclude_global_add_ons":[],"addons":[],"acf":[],"_links":{"self":[{"href":"https:\/\/shop.kustom.ch\/en\/wp-json\/wp\/v2\/product\/595068"}],"collection":[{"href":"https:\/\/shop.kustom.ch\/en\/wp-json\/wp\/v2\/product"}],"about":[{"href":"https:\/\/shop.kustom.ch\/en\/wp-json\/wp\/v2\/types\/product"}],"wp:featuredmedia":[{"embeddable":true,"href":"https:\/\/shop.kustom.ch\/en\/wp-json\/wp\/v2\/media\/595096"}],"wp:attachment":[{"href":"https:\/\/shop.kustom.ch\/en\/wp-json\/wp\/v2\/media?parent=595068"}],"wp:term":[{"taxonomy":"product_brand","embeddable":true,"href":"https:\/\/shop.kustom.ch\/en\/wp-json\/wp\/v2\/product_brand?post=595068"},{"taxonomy":"product_cat","embeddable":true,"href":"https:\/\/shop.kustom.ch\/en\/wp-json\/wp\/v2\/product_cat?post=595068"},{"taxonomy":"product_tag","embeddable":true,"href":"https:\/\/shop.kustom.ch\/en\/wp-json\/wp\/v2\/product_tag?post=595068"}],"curies":[{"name":"wp","href":"https:\/\/api.w.org\/{rel}","templated":true}]}}