{"id":594860,"date":"2025-03-05T00:12:56","date_gmt":"2025-03-04T23:12:56","guid":{"rendered":"https:\/\/shop.kustom.ch\/?post_type=product&#038;p=594860"},"modified":"2026-03-31T08:57:13","modified_gmt":"2026-03-31T07:57:13","slug":"sweatshirt-mit-half-zip-3","status":"publish","type":"product","link":"https:\/\/shop.kustom.ch\/en\/product\/sweatshirt-mit-half-zip-3\/","title":{"rendered":"Sweatshirt with half zip"},"content":{"rendered":"<p>A soft and very comfortable sweatshirt with a collar, half zip, brushed inside and ribbed cuffs. Can be worn both at work and in your free time with a relaxed feel.<\/p>\n<p>CLOSURE: Ribbed waistband. Cuffs with cuffs. DETAILS: High collar with zip. FRONT CLOSURE: Plastic zip. MAIN PROPERTIES: Roofer. Men. FABRIC: Men's. blue. Profile. WASHING INSTRUCTIONS: Do not dry clean<\/p>\n<p>60% cotton, 40% polyester, fleece brushed on one side, 280 g\/m\u00b2<\/p>","protected":false},"excerpt":{"rendered":"<p>Ein weiches und sehr bequemes Sweatshirt mit Kragen, Half-Zip, einer geb\u00fcrsteten Innenseite und Rippb\u00fcndchen. Sowohl bei der Arbeit als auch in der Freizeit mit einem entspannten Gef\u00fchl zu tragen. ABSCHLUSS: Gerippter Bund. Armabschluss mit B\u00fcndchen. DETAILS: Hoher Kragen mit Reissverschluss. FRONTVERSCHLUSS: Reissverschluss aus Kunststoff. HAUPTEIGENSCHAFTEN: Dachdecker. Herren. STOFF: Herren. blau. Profil. WASCHANLEITUNG: Nicht chemisch reinigen [&hellip;]<\/p>\n","protected":false},"featured_media":594910,"template":"","meta":[],"product_brand":[],"product_cat":[4184],"product_tag":[],"class_list":{"0":"post-594860","1":"product","2":"type-product","3":"status-publish","4":"has-post-thumbnail","6":"product_cat-hoodies-pullover","7":"pa_brand-blaklaeder","8":"pa_brand-type-workwear","9":"pa_filter-color-blau","10":"pa_filter-color-grau","11":"pa_filter-color-schwarz","13":"first","14":"instock","15":"sale","16":"taxable","17":"shipping-taxable","18":"purchasable","19":"product-type-variable","20":"add-to-wishlist-before_image"},"exclude_global_add_ons":[],"addons":[],"acf":[],"_links":{"self":[{"href":"https:\/\/shop.kustom.ch\/en\/wp-json\/wp\/v2\/product\/594860"}],"collection":[{"href":"https:\/\/shop.kustom.ch\/en\/wp-json\/wp\/v2\/product"}],"about":[{"href":"https:\/\/shop.kustom.ch\/en\/wp-json\/wp\/v2\/types\/product"}],"wp:featuredmedia":[{"embeddable":true,"href":"https:\/\/shop.kustom.ch\/en\/wp-json\/wp\/v2\/media\/594910"}],"wp:attachment":[{"href":"https:\/\/shop.kustom.ch\/en\/wp-json\/wp\/v2\/media?parent=594860"}],"wp:term":[{"taxonomy":"product_brand","embeddable":true,"href":"https:\/\/shop.kustom.ch\/en\/wp-json\/wp\/v2\/product_brand?post=594860"},{"taxonomy":"product_cat","embeddable":true,"href":"https:\/\/shop.kustom.ch\/en\/wp-json\/wp\/v2\/product_cat?post=594860"},{"taxonomy":"product_tag","embeddable":true,"href":"https:\/\/shop.kustom.ch\/en\/wp-json\/wp\/v2\/product_tag?post=594860"}],"curies":[{"name":"wp","href":"https:\/\/api.w.org\/{rel}","templated":true}]}}