{"id":594532,"date":"2025-03-05T00:08:14","date_gmt":"2025-03-04T23:08:14","guid":{"rendered":"https:\/\/shop.kustom.ch\/?post_type=product&#038;p=594532"},"modified":"2026-03-31T08:56:29","modified_gmt":"2026-03-31T07:56:29","slug":"high-vis-sweatshirt-mit-reissverschluss","status":"publish","type":"product","link":"https:\/\/shop.kustom.ch\/en\/product\/high-vis-sweatshirt-mit-reissverschluss\/","title":{"rendered":"High vis sweatshirt with zip"},"content":{"rendered":"<p>A sweatshirt with a zip at the front and a kangaroo pocket. Two-coloured sweatshirt with darker areas where dirt is likely to accumulate. Practical features such as an opening in the pocket for headphones and a mobile phone pocket with zip. The sweatshirt is highly visible from all directions. Certified according to EN ISO 20471, class 2.<\/p>\n<p>CLOSURE: Ribbed waistband. Cuffs with cuffs. DETAILS: Good surfaces for finishing. D-ring. Ribbed collar. FRONT CLOSURE: Robust metal zip. FUNCTIONALITY: Dark colour patches in areas exposed to dirt. MAIN FEATURES: Driver. Available for men and women. EN ISO 20471. REFLEX: Reflective material on torso, sleeves and shoulders. FABRIC: Men's. High-vis yellow. High-visibility protection. POCKETS: Holder for mobile phone cable. Kangaroo pocket, inside mobile phone pocket with zip. WASHING INSTRUCTIONS: Number of washes: 25. 40\u00b0 C. CERTIFICATION: EN ISO 20471, class 2<\/p>\n<p>100% polyester, jersey, brushed inside, 270 g\/m\u00b2<\/p>","protected":false},"excerpt":{"rendered":"<p>Ein Sweatshirt mit Reissverschluss vorne und einer K\u00e4ngurutasche. Zweifarbiges Sweatshirt mit dunkleren Bereichen an schmutzgef\u00e4hrdeten Stellen. Praktische Funktionen wie eine \u00d6ffnung in der Tasche f\u00fcr Kopfh\u00f6rer und eine Handytasche mit Reissverschluss. Das Sweatshirt ist aus allen Richtungen gut sichtbar. Zertifziert nach EN ISO 20471, Klasse 2. ABSCHLUSS: Gerippter Bund. Armabschluss mit B\u00fcndchen. DETAILS: Gute Oberfl\u00e4chen [&hellip;]<\/p>\n","protected":false},"featured_media":594572,"template":"","meta":[],"product_brand":[],"product_cat":[4184],"product_tag":[],"class_list":{"0":"post-594532","1":"product","2":"type-product","3":"status-publish","4":"has-post-thumbnail","6":"product_cat-hoodies-pullover","7":"pa_brand-blaklaeder","8":"pa_brand-type-workwear","9":"pa_filter-color-blau","10":"pa_filter-color-gelb","11":"pa_filter-color-orange","12":"pa_filter-color-rot","13":"pa_filter-color-schwarz","15":"first","16":"instock","17":"sale","18":"taxable","19":"shipping-taxable","20":"purchasable","21":"product-type-variable","22":"add-to-wishlist-before_image"},"exclude_global_add_ons":[],"addons":[],"acf":[],"_links":{"self":[{"href":"https:\/\/shop.kustom.ch\/en\/wp-json\/wp\/v2\/product\/594532"}],"collection":[{"href":"https:\/\/shop.kustom.ch\/en\/wp-json\/wp\/v2\/product"}],"about":[{"href":"https:\/\/shop.kustom.ch\/en\/wp-json\/wp\/v2\/types\/product"}],"wp:featuredmedia":[{"embeddable":true,"href":"https:\/\/shop.kustom.ch\/en\/wp-json\/wp\/v2\/media\/594572"}],"wp:attachment":[{"href":"https:\/\/shop.kustom.ch\/en\/wp-json\/wp\/v2\/media?parent=594532"}],"wp:term":[{"taxonomy":"product_brand","embeddable":true,"href":"https:\/\/shop.kustom.ch\/en\/wp-json\/wp\/v2\/product_brand?post=594532"},{"taxonomy":"product_cat","embeddable":true,"href":"https:\/\/shop.kustom.ch\/en\/wp-json\/wp\/v2\/product_cat?post=594532"},{"taxonomy":"product_tag","embeddable":true,"href":"https:\/\/shop.kustom.ch\/en\/wp-json\/wp\/v2\/product_tag?post=594532"}],"curies":[{"name":"wp","href":"https:\/\/api.w.org\/{rel}","templated":true}]}}