{"id":594289,"date":"2025-03-05T00:04:30","date_gmt":"2025-03-04T23:04:30","guid":{"rendered":"https:\/\/shop.kustom.ch\/?post_type=product&#038;p=594289"},"modified":"2026-03-31T08:56:03","modified_gmt":"2026-03-31T07:56:03","slug":"high-vis-sweatshirt-3","status":"publish","type":"product","link":"https:\/\/shop.kustom.ch\/en\/product\/high-vis-sweatshirt-3\/","title":{"rendered":"High Vis Sweatshirt"},"content":{"rendered":"<p>Sweatshirt with kangaroo pocket. Two-coloured sweatshirt with darker areas where dirt is likely to accumulate. Practical features such as an opening in the pocket for headphones and a mobile phone pocket with zip. The sweatshirt is highly visible from all directions. Certified according to EN ISO 20471, class 2.<\/p>\n<p>CLOSURE: Ribbed waistband. Cuffs with cuffs. DETAILS: Good surfaces for finishing. D-ring. Cuff neck. FUNCTIONALITY: Dark colour patches in areas exposed to dirt. MAIN TITLES: Road and construction workers. Men's. RIS-3279-TOM . REFLEX: Reflective material on torso, sleeves and shoulders. FABRIC: Men. High-vis yellow. High visibility. POCKETS: Holder for mobile phone cable. Kangaroo pocket, inside mobile phone pocket with zip. WASHING INSTRUCTIONS: Number of washes: 25, do not iron. CERTIFICATION: Certification group B<\/p>\n<p>100% polyester, jersey, brushed inside, 270 g\/m\u00b2<\/p>","protected":false},"excerpt":{"rendered":"<p>Sweatshirt mit K\u00e4ngurutasche. Zweifarbiges Sweatshirt mit dunkleren Bereichen an schmutzgef\u00e4hrdeten Stellen. Praktische Funktionen wie eine \u00d6ffnung in der Tasche f\u00fcr Kopfh\u00f6rer und eine Handytasche mit Reissverschluss. Das Sweatshirt ist aus allen Richtungen gut sichtbar. Zertifiziert nach EN ISO 20471, Klasse 2. ABSCHLUSS: Gerippter Bund. Armabschluss mit B\u00fcndchen. DETAILS: Gute Oberfl\u00e4chen f\u00fcr Veredelung. D-Ring. B\u00fcndchenhals. FUNKTIONALIT\u00c4T: [&hellip;]<\/p>\n","protected":false},"featured_media":594313,"template":"","meta":[],"product_brand":[],"product_cat":[4184],"product_tag":[],"class_list":{"0":"post-594289","1":"product","2":"type-product","3":"status-publish","4":"has-post-thumbnail","6":"product_cat-hoodies-pullover","7":"pa_brand-blaklaeder","8":"pa_brand-type-workwear","9":"pa_filter-color-blau","10":"pa_filter-color-gelb","11":"pa_filter-color-orange","12":"pa_filter-color-rot","13":"pa_filter-color-schwarz","15":"first","16":"instock","17":"sale","18":"taxable","19":"shipping-taxable","20":"purchasable","21":"product-type-variable","22":"add-to-wishlist-before_image"},"exclude_global_add_ons":[],"addons":[],"acf":[],"_links":{"self":[{"href":"https:\/\/shop.kustom.ch\/en\/wp-json\/wp\/v2\/product\/594289"}],"collection":[{"href":"https:\/\/shop.kustom.ch\/en\/wp-json\/wp\/v2\/product"}],"about":[{"href":"https:\/\/shop.kustom.ch\/en\/wp-json\/wp\/v2\/types\/product"}],"wp:featuredmedia":[{"embeddable":true,"href":"https:\/\/shop.kustom.ch\/en\/wp-json\/wp\/v2\/media\/594313"}],"wp:attachment":[{"href":"https:\/\/shop.kustom.ch\/en\/wp-json\/wp\/v2\/media?parent=594289"}],"wp:term":[{"taxonomy":"product_brand","embeddable":true,"href":"https:\/\/shop.kustom.ch\/en\/wp-json\/wp\/v2\/product_brand?post=594289"},{"taxonomy":"product_cat","embeddable":true,"href":"https:\/\/shop.kustom.ch\/en\/wp-json\/wp\/v2\/product_cat?post=594289"},{"taxonomy":"product_tag","embeddable":true,"href":"https:\/\/shop.kustom.ch\/en\/wp-json\/wp\/v2\/product_tag?post=594289"}],"curies":[{"name":"wp","href":"https:\/\/api.w.org\/{rel}","templated":true}]}}