{"id":594228,"date":"2025-03-05T00:03:54","date_gmt":"2025-03-04T23:03:54","guid":{"rendered":"https:\/\/shop.kustom.ch\/?post_type=product&#038;p=594228"},"modified":"2026-03-31T08:55:45","modified_gmt":"2026-03-31T07:55:45","slug":"t-shirt-industrie","status":"publish","type":"product","link":"https:\/\/shop.kustom.ch\/en\/product\/t-shirt-industrie\/","title":{"rendered":"T-shirt industry"},"content":{"rendered":"<p>A classic T-shirt in a new quality made of cotton and polyester (60\/40 composition). The T-shirt is suitable for industrial laundering. <\/p>\n<p>DETAILS: Round neck. Reinforced shoulder seams. FUNCTIONALITY: Regular fit. MAIN FEATURES: Driver. FABRIC: Men's. white. Industry \/ Service. Industrial wash EN ISO 15797. WASHING INSTRUCTIONS: Do not dry clean. WASHING: Industrial wash EN ISO 15797<\/p>\n<p>60% cotton, 40% polyester, single jersey 180 g\/m\u00b2<\/p>","protected":false},"excerpt":{"rendered":"<p>Ein klassisches T-Shirt in neuer Qualit\u00e4t aus Baumwolle und Polyester (Zusammensetzung 60\/40). Das T-Shirt ist Industriew\u00e4sche geeignet. DETAILS: Rundhals. Verst\u00e4rkte Schultern\u00e4hte. FUNKTIONALIT\u00c4T: Normale Passform. HAUPTEIGENSCHAFTEN: Fahrer. STOFF: Herren. weiss. Industrie \/ Service. Industriew\u00e4sche EN ISO 15797. WASCHANLEITUNG: Nicht chemisch reinigen. W\u00c4SCHE: Industriew\u00e4sche EN ISO 15797 60% Baumwolle, 40% Polyester, Single Jersey 180 g\/m\u00b2<\/p>","protected":false},"featured_media":594271,"template":"","meta":[],"product_brand":[],"product_cat":[4201],"product_tag":[],"class_list":{"0":"post-594228","1":"product","2":"type-product","3":"status-publish","4":"has-post-thumbnail","6":"product_cat-t-shirts","7":"pa_brand-blaklaeder","8":"pa_brand-type-workwear","9":"pa_filter-color-blau","10":"pa_filter-color-grau","11":"pa_filter-color-schwarz","12":"pa_filter-color-weiss","14":"first","15":"instock","16":"sale","17":"taxable","18":"shipping-taxable","19":"purchasable","20":"product-type-variable","21":"add-to-wishlist-before_image"},"exclude_global_add_ons":[],"addons":[],"acf":[],"_links":{"self":[{"href":"https:\/\/shop.kustom.ch\/en\/wp-json\/wp\/v2\/product\/594228"}],"collection":[{"href":"https:\/\/shop.kustom.ch\/en\/wp-json\/wp\/v2\/product"}],"about":[{"href":"https:\/\/shop.kustom.ch\/en\/wp-json\/wp\/v2\/types\/product"}],"wp:featuredmedia":[{"embeddable":true,"href":"https:\/\/shop.kustom.ch\/en\/wp-json\/wp\/v2\/media\/594271"}],"wp:attachment":[{"href":"https:\/\/shop.kustom.ch\/en\/wp-json\/wp\/v2\/media?parent=594228"}],"wp:term":[{"taxonomy":"product_brand","embeddable":true,"href":"https:\/\/shop.kustom.ch\/en\/wp-json\/wp\/v2\/product_brand?post=594228"},{"taxonomy":"product_cat","embeddable":true,"href":"https:\/\/shop.kustom.ch\/en\/wp-json\/wp\/v2\/product_cat?post=594228"},{"taxonomy":"product_tag","embeddable":true,"href":"https:\/\/shop.kustom.ch\/en\/wp-json\/wp\/v2\/product_tag?post=594228"}],"curies":[{"name":"wp","href":"https:\/\/api.w.org\/{rel}","templated":true}]}}