{"id":594162,"date":"2025-03-05T00:02:45","date_gmt":"2025-03-04T23:02:45","guid":{"rendered":"https:\/\/shop.kustom.ch\/?post_type=product&#038;p=594162"},"modified":"2026-03-31T08:55:40","modified_gmt":"2026-03-31T07:55:40","slug":"t-shirt-slim-fit","status":"publish","type":"product","link":"https:\/\/shop.kustom.ch\/en\/product\/t-shirt-slim-fit\/","title":{"rendered":"Slim fit T-shirt"},"content":{"rendered":"<p>Cool, comfortable and stretchy T-shirt made from elasticated material. Perfect for wearing under flannel shirts, for example. It is the same T-shirt as 3333 but it is sold individually and not in multiple packs.<\/p>\n<p>DETAILS: Round neck. Reinforced shoulder seams. FUNCTIONALITY: Slim fit. MAIN FEATURES: Floor layer. FABRIC: Men's. white. Profile. WASHING INSTRUCTIONS: Ironing - medium<\/p>\n<p>95 % cotton, 5 % elastane, jersey, 160 g\/m\u00b2<\/p>","protected":false},"excerpt":{"rendered":"<p>Cooles, bequemes und dehnbares T-Shirt aus elastischem Material. Perfektes Unterzieh-Shirt f\u00fcr z.B. Flanellhemden. Es ist das gleiche T-Shirt wie 3333 aber es wird einzeln verkauft und nicht in Mehrfachpaketen. DETAILS: Rundhals. Verst\u00e4rkte Schultern\u00e4hte. FUNKTIONALIT\u00c4T: Slim Fit. HAUPTEIGENSCHAFTEN: Bodenleger. STOFF: Herren. weiss. Profil. WASCHANLEITUNG: B\u00fcgeln &#8211; mittel 95 % Baumwolle, 5 % Elastan, Jersey, 160 g\/m\u00b2<\/p>","protected":false},"featured_media":594223,"template":"","meta":[],"product_brand":[],"product_cat":[4201],"product_tag":[],"class_list":{"0":"post-594162","1":"product","2":"type-product","3":"status-publish","4":"has-post-thumbnail","6":"product_cat-t-shirts","7":"pa_brand-blaklaeder","8":"pa_brand-type-workwear","9":"pa_filter-color-blau","10":"pa_filter-color-grau","11":"pa_filter-color-schwarz","12":"pa_filter-color-weiss","14":"first","15":"instock","16":"sale","17":"taxable","18":"shipping-taxable","19":"purchasable","20":"product-type-variable","21":"add-to-wishlist-before_image"},"exclude_global_add_ons":[],"addons":[],"acf":[],"_links":{"self":[{"href":"https:\/\/shop.kustom.ch\/en\/wp-json\/wp\/v2\/product\/594162"}],"collection":[{"href":"https:\/\/shop.kustom.ch\/en\/wp-json\/wp\/v2\/product"}],"about":[{"href":"https:\/\/shop.kustom.ch\/en\/wp-json\/wp\/v2\/types\/product"}],"wp:featuredmedia":[{"embeddable":true,"href":"https:\/\/shop.kustom.ch\/en\/wp-json\/wp\/v2\/media\/594223"}],"wp:attachment":[{"href":"https:\/\/shop.kustom.ch\/en\/wp-json\/wp\/v2\/media?parent=594162"}],"wp:term":[{"taxonomy":"product_brand","embeddable":true,"href":"https:\/\/shop.kustom.ch\/en\/wp-json\/wp\/v2\/product_brand?post=594162"},{"taxonomy":"product_cat","embeddable":true,"href":"https:\/\/shop.kustom.ch\/en\/wp-json\/wp\/v2\/product_cat?post=594162"},{"taxonomy":"product_tag","embeddable":true,"href":"https:\/\/shop.kustom.ch\/en\/wp-json\/wp\/v2\/product_tag?post=594162"}],"curies":[{"name":"wp","href":"https:\/\/api.w.org\/{rel}","templated":true}]}}