{"id":594103,"date":"2025-03-05T00:02:08","date_gmt":"2025-03-04T23:02:08","guid":{"rendered":"https:\/\/shop.kustom.ch\/?post_type=product&#038;p=594103"},"modified":"2026-03-31T08:55:36","modified_gmt":"2026-03-31T07:55:36","slug":"t-shirt-3d","status":"publish","type":"product","link":"https:\/\/shop.kustom.ch\/en\/product\/t-shirt-3d\/","title":{"rendered":"3D T-shirt"},"content":{"rendered":"<p>Stylish cotton T-shirt with an even more attractive 3D print on the chest with the words \u201aBl\u00e5kl\u00e4der\u2018. Ideal for wearing both in the office and in your free time and also shows that you have excellent taste in workwear.<\/p>\n<p>DETAILS: Logo print on the chest. Round neck. Reinforced shoulder seams. FUNCTIONALITY: Regular fit. MAIN FEATURES: Driver. FABRIC: Men's. Profile. WASHING INSTRUCTIONS: Do not dry clean<\/p>\n<p>100% Cotton, jersey, 150 g\/m\u00b2<\/p>","protected":false},"excerpt":{"rendered":"<p>Stylisches Baumwoll-T-Shirt mit einem noch attraktiveren 3D-Druck auf der Brust mit der Aufschrift &#8218;Bl\u00e5kl\u00e4der&#8216;. Ideal f\u00fcr das Tragen sowohl im B\u00fcro als auch in der Freizeit und ausserdem zeigt es, dass Sie einen ausgezeichneten Geschmack f\u00fcr Arbeitskleidung haben. DETAILS: Logo-Aufdruck auf der Brust. Rundhals. Verst\u00e4rkte Schultern\u00e4hte. FUNKTIONALIT\u00c4T: Normale Passform. HAUPTEIGENSCHAFTEN: Fahrer. STOFF: Herren. Profil. WASCHANLEITUNG: [&hellip;]<\/p>\n","protected":false},"featured_media":594142,"template":"","meta":[],"product_brand":[],"product_cat":[4201],"product_tag":[],"class_list":{"0":"post-594103","1":"product","2":"type-product","3":"status-publish","4":"has-post-thumbnail","6":"product_cat-t-shirts","7":"pa_brand-blaklaeder","8":"pa_brand-type-workwear","9":"pa_filter-color-blau","10":"pa_filter-color-braun","11":"pa_filter-color-gruen","12":"pa_filter-color-orange","14":"first","15":"instock","16":"sale","17":"taxable","18":"shipping-taxable","19":"purchasable","20":"product-type-variable","21":"add-to-wishlist-before_image"},"exclude_global_add_ons":[],"addons":[],"acf":[],"_links":{"self":[{"href":"https:\/\/shop.kustom.ch\/en\/wp-json\/wp\/v2\/product\/594103"}],"collection":[{"href":"https:\/\/shop.kustom.ch\/en\/wp-json\/wp\/v2\/product"}],"about":[{"href":"https:\/\/shop.kustom.ch\/en\/wp-json\/wp\/v2\/types\/product"}],"wp:featuredmedia":[{"embeddable":true,"href":"https:\/\/shop.kustom.ch\/en\/wp-json\/wp\/v2\/media\/594142"}],"wp:attachment":[{"href":"https:\/\/shop.kustom.ch\/en\/wp-json\/wp\/v2\/media?parent=594103"}],"wp:term":[{"taxonomy":"product_brand","embeddable":true,"href":"https:\/\/shop.kustom.ch\/en\/wp-json\/wp\/v2\/product_brand?post=594103"},{"taxonomy":"product_cat","embeddable":true,"href":"https:\/\/shop.kustom.ch\/en\/wp-json\/wp\/v2\/product_cat?post=594103"},{"taxonomy":"product_tag","embeddable":true,"href":"https:\/\/shop.kustom.ch\/en\/wp-json\/wp\/v2\/product_tag?post=594103"}],"curies":[{"name":"wp","href":"https:\/\/api.w.org\/{rel}","templated":true}]}}