{"id":594020,"date":"2025-03-05T00:00:53","date_gmt":"2025-03-04T23:00:53","guid":{"rendered":"https:\/\/shop.kustom.ch\/?post_type=product&#038;p=594020"},"modified":"2026-03-31T08:55:31","modified_gmt":"2026-03-31T07:55:31","slug":"kapuzensweater-3d","status":"publish","type":"product","link":"https:\/\/shop.kustom.ch\/en\/product\/kapuzensweater-3d\/","title":{"rendered":"Hooded jumper 3D"},"content":{"rendered":"<p>Stylish, pleasantly warm jumper made from soft jersey, ideal for work and leisure. Equipped with a mobile phone pocket with zip and openings for headphones in the pocket. The hooded jumper is decorated with a very eye-catching 3D print on the chest with the words 'Bl\u00e5kl\u00e4der', which shows that your heart is in the right place when it comes to workwear. Also available as ladies model 3560.<\/p>\n<p>CLOSURE: Ribbed waistband. Cuffs with cuffs. DETAILS: Print - Bl\u00e5kl\u00e4der 3D. Fixed, adjustable hood. FUNCTIONALITY: Regular fit. MAIN FEATURES: Gardener. Men. FABRIC: Men. grey. Profile. POCKETS: Holder for mobile phone cable. Kangaroo pocket with inside mobile phone pocket. WASHING INSTRUCTIONS: 40\u00b0 C<\/p>\n<p>55% cotton, 45% polyester, terry knit, brushed on one side, 320 g\/m\u00b2<\/p>","protected":false},"excerpt":{"rendered":"<p>Stylischer, angenehm warmer Sweater aus weichem Jersey, ideal f\u00fcr die Arbeit und Freizeit. Ausgestattet mit einer Handytasche mit Reissverschluss und \u00d6ffnungen f\u00fcr Kopfh\u00f6rer in der Tasche. Der Kapuzensweater ist mit einem sehr auff\u00e4lligen 3D-Druck auf der Brust mit der Aufschrift &#8218;Bl\u00e5kl\u00e4der&#8216; verziert, der zeigt, dass Ihr Herz in Sachen Arbeitskleidung an der richtigen Stelle sitzt. [&hellip;]<\/p>\n","protected":false},"featured_media":594029,"template":"","meta":[],"product_brand":[],"product_cat":[4184],"product_tag":[],"class_list":{"0":"post-594020","1":"product","2":"type-product","3":"status-publish","4":"has-post-thumbnail","6":"product_cat-hoodies-pullover","7":"pa_brand-blaklaeder","8":"pa_brand-type-workwear","9":"pa_filter-color-beige","10":"pa_filter-color-blau","11":"pa_filter-color-grau","12":"pa_filter-color-gruen","13":"pa_filter-color-orange","14":"pa_filter-color-rot","15":"pa_filter-color-schwarz","17":"first","18":"instock","19":"sale","20":"taxable","21":"shipping-taxable","22":"purchasable","23":"product-type-variable","24":"add-to-wishlist-before_image"},"exclude_global_add_ons":[],"addons":[],"acf":[],"_links":{"self":[{"href":"https:\/\/shop.kustom.ch\/en\/wp-json\/wp\/v2\/product\/594020"}],"collection":[{"href":"https:\/\/shop.kustom.ch\/en\/wp-json\/wp\/v2\/product"}],"about":[{"href":"https:\/\/shop.kustom.ch\/en\/wp-json\/wp\/v2\/types\/product"}],"wp:featuredmedia":[{"embeddable":true,"href":"https:\/\/shop.kustom.ch\/en\/wp-json\/wp\/v2\/media\/594029"}],"wp:attachment":[{"href":"https:\/\/shop.kustom.ch\/en\/wp-json\/wp\/v2\/media?parent=594020"}],"wp:term":[{"taxonomy":"product_brand","embeddable":true,"href":"https:\/\/shop.kustom.ch\/en\/wp-json\/wp\/v2\/product_brand?post=594020"},{"taxonomy":"product_cat","embeddable":true,"href":"https:\/\/shop.kustom.ch\/en\/wp-json\/wp\/v2\/product_cat?post=594020"},{"taxonomy":"product_tag","embeddable":true,"href":"https:\/\/shop.kustom.ch\/en\/wp-json\/wp\/v2\/product_tag?post=594020"}],"curies":[{"name":"wp","href":"https:\/\/api.w.org\/{rel}","templated":true}]}}