{"id":593854,"date":"2025-03-04T23:58:53","date_gmt":"2025-03-04T22:58:53","guid":{"rendered":"https:\/\/shop.kustom.ch\/?post_type=product&#038;p=593854"},"modified":"2026-03-31T08:55:20","modified_gmt":"2026-03-31T07:55:20","slug":"t-shirt-5","status":"publish","type":"product","link":"https:\/\/shop.kustom.ch\/en\/product\/t-shirt-5\/","title":{"rendered":"T-shirt"},"content":{"rendered":"<p>Practical and comfortable T-shirt made from 100% cotton. The T-shirt has a ribbed neck and reinforced neck and shoulder seams. The 3525 T-shirt is the same T-shirt as the 3325 model, but it is sold individually and not in a pack of 5. If you want a longer T-shirt, we have now added a new size group - S Tall-3XL Tall - for our favourite classic 3525!<\/p>\n<p>DETAILS: Round neck. Reinforced shoulder seams. FUNCTIONALITY: Regular fit. MAIN FEATURES: Fisherman. FABRIC: Men's. Profile. WASHING INSTRUCTIONS: Do not spin<\/p>\n<p>100% Cotton, jersey, 150 g\/m\u00b2<\/p>","protected":false},"excerpt":{"rendered":"<p>Praktisches und bequemes T-Shirt aus 100% Baumwolle. Das T-Shirt hat einen gerippten Hals und verst\u00e4rkte Hals- und Schultern\u00e4hte. Das T-Shirt 3525 ist das gleiche T-Shirt wie das Modell 3325, aber es wird einzeln verkauft und nicht im 5er-Pack. Wenn Sie ein l\u00e4ngeres T-Shirt w\u00fcnschen, haben wir jetzt eine neue Gr\u00f6ssengruppe &#8211; S Tall-3XL Tall &#8211; [&hellip;]<\/p>\n","protected":false},"featured_media":593875,"template":"","meta":[],"product_brand":[],"product_cat":[4201],"product_tag":[],"class_list":{"0":"post-593854","1":"product","2":"type-product","3":"status-publish","4":"has-post-thumbnail","6":"product_cat-t-shirts","7":"pa_brand-blaklaeder","8":"pa_brand-type-workwear","9":"pa_filter-color-gruen","11":"first","12":"instock","13":"sale","14":"taxable","15":"shipping-taxable","16":"purchasable","17":"product-type-variable","18":"add-to-wishlist-before_image"},"exclude_global_add_ons":[],"addons":[],"acf":[],"_links":{"self":[{"href":"https:\/\/shop.kustom.ch\/en\/wp-json\/wp\/v2\/product\/593854"}],"collection":[{"href":"https:\/\/shop.kustom.ch\/en\/wp-json\/wp\/v2\/product"}],"about":[{"href":"https:\/\/shop.kustom.ch\/en\/wp-json\/wp\/v2\/types\/product"}],"wp:featuredmedia":[{"embeddable":true,"href":"https:\/\/shop.kustom.ch\/en\/wp-json\/wp\/v2\/media\/593875"}],"wp:attachment":[{"href":"https:\/\/shop.kustom.ch\/en\/wp-json\/wp\/v2\/media?parent=593854"}],"wp:term":[{"taxonomy":"product_brand","embeddable":true,"href":"https:\/\/shop.kustom.ch\/en\/wp-json\/wp\/v2\/product_brand?post=593854"},{"taxonomy":"product_cat","embeddable":true,"href":"https:\/\/shop.kustom.ch\/en\/wp-json\/wp\/v2\/product_cat?post=593854"},{"taxonomy":"product_tag","embeddable":true,"href":"https:\/\/shop.kustom.ch\/en\/wp-json\/wp\/v2\/product_tag?post=593854"}],"curies":[{"name":"wp","href":"https:\/\/api.w.org\/{rel}","templated":true}]}}