{"id":593644,"date":"2025-03-04T23:55:25","date_gmt":"2025-03-04T22:55:25","guid":{"rendered":"https:\/\/shop.kustom.ch\/?post_type=product&#038;p=593644"},"modified":"2026-03-31T08:54:35","modified_gmt":"2026-03-31T07:54:35","slug":"langarm-t-shirt-3","status":"publish","type":"product","link":"https:\/\/shop.kustom.ch\/en\/product\/langarm-t-shirt-3\/","title":{"rendered":"Long sleeve T-shirt"},"content":{"rendered":"<p>Practical and comfortable long-sleeved T-shirt made from 100% cotton. Ribbed neck and reinforced neck and shoulder seams.<\/p>\n<p>DETAILS: Round neck. Reinforced shoulder seams. FUNCTIONALITY: Regular fit. MAIN FEATURES: Floor layer. FABRIC: Men's. white. Profile. WASHING INSTRUCTIONS: Do not bleach<\/p>\n<p>100% Cotton, jersey, 150 g\/m\u00b2<\/p>","protected":false},"excerpt":{"rendered":"<p>Praktisches und bequemes langarm T-Shirt aus 100% Baumwolle. Gerippter Hals und verst\u00e4rkte Hals- und Schultern\u00e4hte. DETAILS: Rundhals. Verst\u00e4rkte Schultern\u00e4hte. FUNKTIONALIT\u00c4T: Normale Passform. HAUPTEIGENSCHAFTEN: Bodenleger. STOFF: Herren. weiss. Profil. WASCHANLEITUNG: Nicht bleichen 100% Baumwolle, Jersey, 150 g\/m\u00b2<\/p>","protected":false},"featured_media":593706,"template":"","meta":[],"product_brand":[],"product_cat":[4201],"product_tag":[],"class_list":{"0":"post-593644","1":"product","2":"type-product","3":"status-publish","4":"has-post-thumbnail","6":"product_cat-t-shirts","7":"pa_brand-blaklaeder","8":"pa_brand-type-workwear","9":"pa_filter-color-blau","10":"pa_filter-color-gelb","11":"pa_filter-color-grau","12":"pa_filter-color-rot","13":"pa_filter-color-schwarz","14":"pa_filter-color-weiss","16":"first","17":"instock","18":"sale","19":"taxable","20":"shipping-taxable","21":"purchasable","22":"product-type-variable","23":"add-to-wishlist-before_image"},"exclude_global_add_ons":[],"addons":[],"acf":[],"_links":{"self":[{"href":"https:\/\/shop.kustom.ch\/en\/wp-json\/wp\/v2\/product\/593644"}],"collection":[{"href":"https:\/\/shop.kustom.ch\/en\/wp-json\/wp\/v2\/product"}],"about":[{"href":"https:\/\/shop.kustom.ch\/en\/wp-json\/wp\/v2\/types\/product"}],"wp:featuredmedia":[{"embeddable":true,"href":"https:\/\/shop.kustom.ch\/en\/wp-json\/wp\/v2\/media\/593706"}],"wp:attachment":[{"href":"https:\/\/shop.kustom.ch\/en\/wp-json\/wp\/v2\/media?parent=593644"}],"wp:term":[{"taxonomy":"product_brand","embeddable":true,"href":"https:\/\/shop.kustom.ch\/en\/wp-json\/wp\/v2\/product_brand?post=593644"},{"taxonomy":"product_cat","embeddable":true,"href":"https:\/\/shop.kustom.ch\/en\/wp-json\/wp\/v2\/product_cat?post=593644"},{"taxonomy":"product_tag","embeddable":true,"href":"https:\/\/shop.kustom.ch\/en\/wp-json\/wp\/v2\/product_tag?post=593644"}],"curies":[{"name":"wp","href":"https:\/\/api.w.org\/{rel}","templated":true}]}}