{"id":593313,"date":"2025-03-04T23:48:49","date_gmt":"2025-03-04T22:48:49","guid":{"rendered":"https:\/\/shop.kustom.ch\/?post_type=product&#038;p=593313"},"modified":"2026-03-31T08:53:18","modified_gmt":"2026-03-31T07:53:18","slug":"polo-shirt-4","status":"publish","type":"product","link":"https:\/\/shop.kustom.ch\/en\/product\/polo-shirt-4\/","title":{"rendered":"Polo Shirt"},"content":{"rendered":"<p>Dress well for work or in casual style at the weekend with a polo shirt from Bl\u00e5kl\u00e4der. This short-sleeved shirt has a rib-knit collar and cuffs.<\/p>\n<p>FINISH: Rib-knitted cuffs. DETAILS: Neckline with buttons. Ribbed collar. Reinforced neck seams. MAIN FEATURES: Floor layer. FABRIC: Men's. white. Profile. WASHING INSTRUCTIONS: Do not bleach<\/p>\n<p>100% Cotton, polo knit, 220 g\/m\u00b2<\/p>","protected":false},"excerpt":{"rendered":"<p>Kleiden Sie sich gut f\u00fcr die Arbeit oder im Freizeit-Stil am Wochenende mit einem Polo Shirt von Bl\u00e5kl\u00e4der. Dieses kurz\u00e4rmelige Shirt hat einen Rippstrickkragen und -b\u00fcndchen. ABSCHLUSS: Rippstrickb\u00fcndchen. DETAILS: Halsausschnitt mit Kn\u00f6pfen. Gerippter Kragen. Verst\u00e4rkte Halsn\u00e4hte. HAUPTEIGENSCHAFTEN: Bodenleger. STOFF: Herren. weiss. Profil. WASCHANLEITUNG: Nicht bleichen 100% Baumwolle, Polo-Strick, 220 g\/m\u00b2<\/p>","protected":false},"featured_media":593366,"template":"","meta":[],"product_brand":[],"product_cat":[4193],"product_tag":[],"class_list":{"0":"post-593313","1":"product","2":"type-product","3":"status-publish","4":"has-post-thumbnail","6":"product_cat-polos","7":"pa_brand-blaklaeder","8":"pa_brand-type-workwear","9":"pa_filter-color-blau","10":"pa_filter-color-grau","11":"pa_filter-color-rot","12":"pa_filter-color-schwarz","13":"pa_filter-color-weiss","15":"first","16":"instock","17":"sale","18":"taxable","19":"shipping-taxable","20":"purchasable","21":"product-type-variable","22":"add-to-wishlist-before_image"},"exclude_global_add_ons":[],"addons":[],"acf":[],"_links":{"self":[{"href":"https:\/\/shop.kustom.ch\/en\/wp-json\/wp\/v2\/product\/593313"}],"collection":[{"href":"https:\/\/shop.kustom.ch\/en\/wp-json\/wp\/v2\/product"}],"about":[{"href":"https:\/\/shop.kustom.ch\/en\/wp-json\/wp\/v2\/types\/product"}],"wp:featuredmedia":[{"embeddable":true,"href":"https:\/\/shop.kustom.ch\/en\/wp-json\/wp\/v2\/media\/593366"}],"wp:attachment":[{"href":"https:\/\/shop.kustom.ch\/en\/wp-json\/wp\/v2\/media?parent=593313"}],"wp:term":[{"taxonomy":"product_brand","embeddable":true,"href":"https:\/\/shop.kustom.ch\/en\/wp-json\/wp\/v2\/product_brand?post=593313"},{"taxonomy":"product_cat","embeddable":true,"href":"https:\/\/shop.kustom.ch\/en\/wp-json\/wp\/v2\/product_cat?post=593313"},{"taxonomy":"product_tag","embeddable":true,"href":"https:\/\/shop.kustom.ch\/en\/wp-json\/wp\/v2\/product_tag?post=593313"}],"curies":[{"name":"wp","href":"https:\/\/api.w.org\/{rel}","templated":true}]}}