{"id":593294,"date":"2025-03-04T23:48:18","date_gmt":"2025-03-04T22:48:18","guid":{"rendered":"https:\/\/shop.kustom.ch\/?post_type=product&#038;p=593294"},"modified":"2026-03-31T08:53:17","modified_gmt":"2026-03-31T07:53:17","slug":"sweatshirt-mit-reissverschluss-2","status":"publish","type":"product","link":"https:\/\/shop.kustom.ch\/en\/product\/sweatshirt-mit-reissverschluss-2\/","title":{"rendered":"Sweatshirt with zip"},"content":{"rendered":"<p>Soft and comfortable cotton hoodie. It has interrupted reflective details and high vis inserts for better visibility, cuffs at the hem and sleeves and an inside mobile phone pocket with zip. The contrast colour is made of 100 % cotton and the high visibility area is made of 100 % polyester.<\/p>\n<p>CLOSURE: Ribbed waistband. Cuffs with cuffs. DETAILS: Fixed, adjustable hood. High-vis inserts for increased visibility. FRONT CLOSURE: Plastic zip. MAIN FEATURES: Fitter. Men. REFLEX: Reflectors on shoulders and sleeves. FABRIC: Men. yellow. Visible. Fluorescent material in High Vis 100% polyester. POCKETS: Trouser pockets with zip pocket. WASHING INSTRUCTIONS: 60\u00b0 C. CERTIFICATION: Not High Vis certified<\/p>\n<p>100% Cotton, French Terry, 320 g\/m\u00b2<\/p>","protected":false},"excerpt":{"rendered":"<p>Weicher und bequemer Hoodie aus Baumwolle. Er hat unterbrochene Reflexdetails und High Vis Eins\u00e4tze f\u00fcr bessere Sichtbarkeit, B\u00fcndchen am Abschluss und an den \u00c4rmeln und eine Handytasche innen mit Reissverschluss. Die Kontrastfarbe besteht aus 100 % Baumwolle und der Warnschutzbereich besteht aus 100 % Polyester. ABSCHLUSS: Gerippter Bund. Armabschluss mit B\u00fcndchen. DETAILS: Feste, verstellbare Kapuze. [&hellip;]<\/p>\n","protected":false},"featured_media":593365,"template":"","meta":[],"product_brand":[],"product_cat":[4184],"product_tag":[],"class_list":{"0":"post-593294","1":"product","2":"type-product","3":"status-publish","4":"has-post-thumbnail","6":"product_cat-hoodies-pullover","7":"pa_brand-blaklaeder","8":"pa_brand-type-workwear","9":"pa_filter-color-blau","10":"pa_filter-color-gelb","11":"pa_filter-color-schwarz","13":"first","14":"instock","15":"sale","16":"taxable","17":"shipping-taxable","18":"purchasable","19":"product-type-variable","20":"add-to-wishlist-before_image"},"exclude_global_add_ons":[],"addons":[],"acf":[],"_links":{"self":[{"href":"https:\/\/shop.kustom.ch\/en\/wp-json\/wp\/v2\/product\/593294"}],"collection":[{"href":"https:\/\/shop.kustom.ch\/en\/wp-json\/wp\/v2\/product"}],"about":[{"href":"https:\/\/shop.kustom.ch\/en\/wp-json\/wp\/v2\/types\/product"}],"wp:featuredmedia":[{"embeddable":true,"href":"https:\/\/shop.kustom.ch\/en\/wp-json\/wp\/v2\/media\/593365"}],"wp:attachment":[{"href":"https:\/\/shop.kustom.ch\/en\/wp-json\/wp\/v2\/media?parent=593294"}],"wp:term":[{"taxonomy":"product_brand","embeddable":true,"href":"https:\/\/shop.kustom.ch\/en\/wp-json\/wp\/v2\/product_brand?post=593294"},{"taxonomy":"product_cat","embeddable":true,"href":"https:\/\/shop.kustom.ch\/en\/wp-json\/wp\/v2\/product_cat?post=593294"},{"taxonomy":"product_tag","embeddable":true,"href":"https:\/\/shop.kustom.ch\/en\/wp-json\/wp\/v2\/product_tag?post=593294"}],"curies":[{"name":"wp","href":"https:\/\/api.w.org\/{rel}","templated":true}]}}