{"id":593258,"date":"2025-03-04T23:47:44","date_gmt":"2025-03-04T22:47:44","guid":{"rendered":"https:\/\/shop.kustom.ch\/?post_type=product&#038;p=593258"},"modified":"2025-06-25T09:26:15","modified_gmt":"2025-06-25T08:26:15","slug":"neckwarmer-camouflage","status":"publish","type":"product","link":"https:\/\/shop.kustom.ch\/en\/product\/neckwarmer-camouflage\/","title":{"rendered":"Camouflage neckwarmer"},"content":{"rendered":"<p>A neckwarmer or headband made from a lightweight, soft fabric that keeps you warm on colder days. A versatile neck warmer that can be worn in a variety of ways and is now also available in an attractive camouflage pattern.<\/p>\n<p>DETAILS: Graphic print. Woven label on the front. FUNCTIONALITY: Can be worn as a hat, scarf or headband. MAIN FEATURES: Unisex. FABRIC: grey. Wind \/ wet \/ cold. WASHING INSTRUCTIONS: Do not iron<\/p>\n<p>100% polyester, moisture regulation<\/p>","protected":false},"excerpt":{"rendered":"<p>Ein Neckwarmer oder Stirnband aus einem leichten, weichen Stoff, der Sie an k\u00e4lteren Tagen warm h\u00e4lt. Ein vielseitiger Neckwarmer, der auf vielf\u00e4ltige Weise getragen werden kann und jetzt auch mit einem attraktiven Camouflage-Muster erh\u00e4ltlich ist. DETAILS: Grafikdruck. Gewebtes Etikett auf der Vorderseite. FUNKTIONALIT\u00c4T: Kann als M\u00fctze, Halstuch oder Stirnband getragen werden. HAUPTEIGENSCHAFTEN: Unisex. STOFF: grau. [&hellip;]<\/p>\n","protected":false},"featured_media":593299,"template":"","meta":[],"product_brand":[],"product_cat":[9643,4209],"product_tag":[],"class_list":{"0":"post-593258","1":"product","2":"type-product","3":"status-publish","4":"has-post-thumbnail","6":"product_cat-equipment","7":"product_cat-zubehoer","8":"pa_brand-blaklaeder","9":"pa_brand-type-workwear","10":"pa_filter-color-gelb","11":"pa_filter-color-grau","13":"first","14":"instock","15":"sale","16":"taxable","17":"shipping-taxable","18":"purchasable","19":"product-type-variable","20":"add-to-wishlist-before_image"},"exclude_global_add_ons":[],"addons":[],"acf":[],"_links":{"self":[{"href":"https:\/\/shop.kustom.ch\/en\/wp-json\/wp\/v2\/product\/593258"}],"collection":[{"href":"https:\/\/shop.kustom.ch\/en\/wp-json\/wp\/v2\/product"}],"about":[{"href":"https:\/\/shop.kustom.ch\/en\/wp-json\/wp\/v2\/types\/product"}],"wp:featuredmedia":[{"embeddable":true,"href":"https:\/\/shop.kustom.ch\/en\/wp-json\/wp\/v2\/media\/593299"}],"wp:attachment":[{"href":"https:\/\/shop.kustom.ch\/en\/wp-json\/wp\/v2\/media?parent=593258"}],"wp:term":[{"taxonomy":"product_brand","embeddable":true,"href":"https:\/\/shop.kustom.ch\/en\/wp-json\/wp\/v2\/product_brand?post=593258"},{"taxonomy":"product_cat","embeddable":true,"href":"https:\/\/shop.kustom.ch\/en\/wp-json\/wp\/v2\/product_cat?post=593258"},{"taxonomy":"product_tag","embeddable":true,"href":"https:\/\/shop.kustom.ch\/en\/wp-json\/wp\/v2\/product_tag?post=593258"}],"curies":[{"name":"wp","href":"https:\/\/api.w.org\/{rel}","templated":true}]}}