{"id":593140,"date":"2025-03-04T23:44:23","date_gmt":"2025-03-04T22:44:23","guid":{"rendered":"https:\/\/shop.kustom.ch\/?post_type=product&#038;p=593140"},"modified":"2025-03-05T22:28:31","modified_gmt":"2025-03-05T21:28:31","slug":"trolley","status":"publish","type":"product","link":"https:\/\/shop.kustom.ch\/en\/product\/trolley\/","title":{"rendered":"Trolley"},"content":{"rendered":"<p>A handy travelling companion made of a robust, dirt and water-repellent material with sturdy off-road wheels. It rolls just as smoothly through the arrivals hall as it does on the construction site. This bag is robust thanks to its extremely durable material. It has a telescopic handle and is equipped with practical storage compartments.<\/p>\n<p>DETAILS: ID card pocket. Print - tone-on-tone multiprint on the front. Woven Bl\u00e5kl\u00e4der label on the side. Integrated telescopic handle. MAIN FEATURES: Unisex. DIMENSIONS: 50x20x35 cm. SYMBOLS: Water repellent 2. POCKETS: Inside pocket for documents. Inside pocket with zip. Outer pocket on flap. WASHING INSTRUCTIONS: Do not bleach<\/p>\n<p>100% PVC-coated polyester, waterproof, 680 g\/m\u00b2<\/p>","protected":false},"excerpt":{"rendered":"<p>Ein handlicher Reisebegleiter aus einem robusten, schmutz- und wasserabweisenden Material mit stabilen Offroad-R\u00e4dern. Er rollt genauso reibungslos durch die Ankunftshalle wie auf der Baustelle. Diese Tasche ist dank ihres extrem haltbaren Materials robust. Sie hat einen Teleskopgriff und ist mit praktischen Stauf\u00e4chern ausgestattet. DETAILS: Ausweistasche. Druck &#8211; Multiprint Ton in Ton vorne. Gewebtes Bl\u00e5kl\u00e4der Etikett [&hellip;]<\/p>\n","protected":false},"featured_media":593206,"template":"","meta":[],"product_brand":[],"product_cat":[9643,4209],"product_tag":[],"class_list":{"0":"post-593140","1":"product","2":"type-product","3":"status-publish","4":"has-post-thumbnail","6":"product_cat-equipment","7":"product_cat-zubehoer","8":"pa_brand-blaklaeder","9":"pa_brand-type-workwear","10":"pa_filter-color-schwarz","12":"first","13":"instock","14":"sale","15":"taxable","16":"shipping-taxable","17":"purchasable","18":"product-type-variable","19":"add-to-wishlist-before_image"},"exclude_global_add_ons":[],"addons":[],"acf":[],"_links":{"self":[{"href":"https:\/\/shop.kustom.ch\/en\/wp-json\/wp\/v2\/product\/593140"}],"collection":[{"href":"https:\/\/shop.kustom.ch\/en\/wp-json\/wp\/v2\/product"}],"about":[{"href":"https:\/\/shop.kustom.ch\/en\/wp-json\/wp\/v2\/types\/product"}],"wp:featuredmedia":[{"embeddable":true,"href":"https:\/\/shop.kustom.ch\/en\/wp-json\/wp\/v2\/media\/593206"}],"wp:attachment":[{"href":"https:\/\/shop.kustom.ch\/en\/wp-json\/wp\/v2\/media?parent=593140"}],"wp:term":[{"taxonomy":"product_brand","embeddable":true,"href":"https:\/\/shop.kustom.ch\/en\/wp-json\/wp\/v2\/product_brand?post=593140"},{"taxonomy":"product_cat","embeddable":true,"href":"https:\/\/shop.kustom.ch\/en\/wp-json\/wp\/v2\/product_cat?post=593140"},{"taxonomy":"product_tag","embeddable":true,"href":"https:\/\/shop.kustom.ch\/en\/wp-json\/wp\/v2\/product_tag?post=593140"}],"curies":[{"name":"wp","href":"https:\/\/api.w.org\/{rel}","templated":true}]}}