{"id":593122,"date":"2025-03-04T23:43:49","date_gmt":"2025-03-04T22:43:49","guid":{"rendered":"https:\/\/shop.kustom.ch\/?post_type=product&#038;p=593122"},"modified":"2026-03-31T09:14:17","modified_gmt":"2026-03-31T08:14:17","slug":"neckwarmer-2","status":"publish","type":"product","link":"https:\/\/shop.kustom.ch\/en\/product\/neckwarmer-2\/","title":{"rendered":"Neckwarmer"},"content":{"rendered":"<p>A lightweight, high-quality neck warmer that is perfect for cold temperatures. It has many areas of application and a wide range of colours.<\/p>\n<p>DETAILS: Print - Bl\u00e5kl\u00e4der multiprint. FUNCTIONALITY: Can be worn as a hat, scarf or headband. MAIN FEATURES: Unisex. FABRIC: High-vis yellow. Wind \/ wet \/ cold. WASHING INSTRUCTIONS: Do not bleach<\/p>\n<p>100% polyester, moisture regulation<\/p>","protected":false},"excerpt":{"rendered":"<p>Ein Neckwarmer in leichter und guter Qualit\u00e4t, der perfekt f\u00fcr kalte Temperaturen geeignet ist. Er hat viele Anwendungsbereiche und eine breite Palette an Farbvarianten. DETAILS: Aufdruck &#8211; Bl\u00e5kl\u00e4der Multiprint. FUNKTIONALIT\u00c4T: Kann als M\u00fctze, Halstuch oder Stirnband getragen werden. HAUPTEIGENSCHAFTEN: Unisex. STOFF: High-Vis Gelb. Wind \/ N\u00e4sse \/ K\u00e4lte. WASCHANLEITUNG: Nicht bleichen 100% Polyester, Feuchtigkeitsregulierung<\/p>","protected":false},"featured_media":593188,"template":"","meta":[],"product_brand":[],"product_cat":[9643,4209],"product_tag":[],"class_list":{"0":"post-593122","1":"product","2":"type-product","3":"status-publish","4":"has-post-thumbnail","6":"product_cat-equipment","7":"product_cat-zubehoer","8":"pa_brand-blaklaeder","9":"pa_brand-type-workwear","10":"pa_filter-color-blau","11":"pa_filter-color-gelb","12":"pa_filter-color-grau","13":"pa_filter-color-orange","14":"pa_filter-color-schwarz","16":"first","17":"instock","18":"sale","19":"taxable","20":"shipping-taxable","21":"purchasable","22":"product-type-variable","23":"add-to-wishlist-before_image"},"exclude_global_add_ons":[],"addons":[],"acf":[],"_links":{"self":[{"href":"https:\/\/shop.kustom.ch\/en\/wp-json\/wp\/v2\/product\/593122"}],"collection":[{"href":"https:\/\/shop.kustom.ch\/en\/wp-json\/wp\/v2\/product"}],"about":[{"href":"https:\/\/shop.kustom.ch\/en\/wp-json\/wp\/v2\/types\/product"}],"wp:featuredmedia":[{"embeddable":true,"href":"https:\/\/shop.kustom.ch\/en\/wp-json\/wp\/v2\/media\/593188"}],"wp:attachment":[{"href":"https:\/\/shop.kustom.ch\/en\/wp-json\/wp\/v2\/media?parent=593122"}],"wp:term":[{"taxonomy":"product_brand","embeddable":true,"href":"https:\/\/shop.kustom.ch\/en\/wp-json\/wp\/v2\/product_brand?post=593122"},{"taxonomy":"product_cat","embeddable":true,"href":"https:\/\/shop.kustom.ch\/en\/wp-json\/wp\/v2\/product_cat?post=593122"},{"taxonomy":"product_tag","embeddable":true,"href":"https:\/\/shop.kustom.ch\/en\/wp-json\/wp\/v2\/product_tag?post=593122"}],"curies":[{"name":"wp","href":"https:\/\/api.w.org\/{rel}","templated":true}]}}