{"id":593083,"date":"2025-03-04T23:43:10","date_gmt":"2025-03-04T22:43:10","guid":{"rendered":"https:\/\/shop.kustom.ch\/?post_type=product&#038;p=593083"},"modified":"2026-03-31T09:14:15","modified_gmt":"2026-03-31T08:14:15","slug":"handwerker-kilt","status":"publish","type":"product","link":"https:\/\/shop.kustom.ch\/en\/product\/handwerker-kilt\/","title":{"rendered":"Craftsman kilt"},"content":{"rendered":"<p>The kilt has been tested for centuries in rough terrain. A different kind of workwear for those who are a little more adventurous.<\/p>\n<p>DETAILS: hammer loop on the side. Wide belt loops at the back and sides. Adjustable waist. MAIN FEATURES: Spengler. Men's. FABRIC: Men's. black. Nail pockets. Craft. POCKETS: Leg pocket with flap. Back pockets with bellows. Mobile phone pocket. Nail pockets can be inserted into the front pockets with bellows. Side pockets. Front pockets with bellows. Folding rule pocket with knife holder and pen pocket. WASHING INSTRUCTIONS: Ironing - medium<\/p>\n<p>100% Cotton, twill, 370 g\/m\u00b2<\/p>","protected":false},"excerpt":{"rendered":"<p>Der Kilt wurde jahrhundertelang in rauem Gel\u00e4nde getestet. Eine andere Arbeitskleidung f\u00fcr alle, die ein bisschen abenteuerlustiger sind. DETAILS: Hammerschlaufe an der Seite. Breite G\u00fcrtelschlaufen hinten und an den Seiten. Verstellbare Taille. HAUPTEIGENSCHAFTEN: Spengler. Herren. STOFF: Herren. schwarz. Nageltaschen. Handwerk. TASCHEN: Beintasche mit Patte. Ges\u00e4sstaschen mit Balg. Handytasche. Nageltaschen k\u00f6nnen in die Vordertaschen mit Balg [&hellip;]<\/p>\n","protected":false},"featured_media":593136,"template":"","meta":[],"product_brand":[],"product_cat":[4198],"product_tag":[],"class_list":{"0":"post-593083","1":"product","2":"type-product","3":"status-publish","4":"has-post-thumbnail","6":"product_cat-shorts","7":"pa_brand-blaklaeder","8":"pa_brand-type-workwear","9":"pa_filter-color-schwarz","11":"first","12":"instock","13":"sale","14":"taxable","15":"shipping-taxable","16":"purchasable","17":"product-type-variable","18":"add-to-wishlist-before_image"},"exclude_global_add_ons":[],"addons":[],"acf":[],"_links":{"self":[{"href":"https:\/\/shop.kustom.ch\/en\/wp-json\/wp\/v2\/product\/593083"}],"collection":[{"href":"https:\/\/shop.kustom.ch\/en\/wp-json\/wp\/v2\/product"}],"about":[{"href":"https:\/\/shop.kustom.ch\/en\/wp-json\/wp\/v2\/types\/product"}],"wp:featuredmedia":[{"embeddable":true,"href":"https:\/\/shop.kustom.ch\/en\/wp-json\/wp\/v2\/media\/593136"}],"wp:attachment":[{"href":"https:\/\/shop.kustom.ch\/en\/wp-json\/wp\/v2\/media?parent=593083"}],"wp:term":[{"taxonomy":"product_brand","embeddable":true,"href":"https:\/\/shop.kustom.ch\/en\/wp-json\/wp\/v2\/product_brand?post=593083"},{"taxonomy":"product_cat","embeddable":true,"href":"https:\/\/shop.kustom.ch\/en\/wp-json\/wp\/v2\/product_cat?post=593083"},{"taxonomy":"product_tag","embeddable":true,"href":"https:\/\/shop.kustom.ch\/en\/wp-json\/wp\/v2\/product_tag?post=593083"}],"curies":[{"name":"wp","href":"https:\/\/api.w.org\/{rel}","templated":true}]}}