{"id":593034,"date":"2025-03-04T23:42:31","date_gmt":"2025-03-04T22:42:31","guid":{"rendered":"https:\/\/shop.kustom.ch\/?post_type=product&#038;p=593034"},"modified":"2026-03-31T09:14:02","modified_gmt":"2026-03-31T08:14:02","slug":"softshell-weste","status":"publish","type":"product","link":"https:\/\/shop.kustom.ch\/en\/product\/softshell-weste\/","title":{"rendered":"Softshell waistcoat"},"content":{"rendered":"<p>Softshell waistcoat made from soft, wind and water-repellent material that is comfortable to wear. Breathable waistcoat with stretch function that offers maximum freedom of movement. All zips are water-repellent.<\/p>\n<p>CLOSURE: Adjustable waistband with drawstring. FRONT CLOSURE: Plastic zip. FUNCTIONALITY: Wind &amp; waterproof, unsealed seams, breathable. MAIN FEATURES: Floor layer. FABRIC: Men's. blue. Breathability. Wind \/ wet \/ cold. POCKETS: Chest pocket with zip. Inside pockets. Front pockets with zips. WASHING INSTRUCTIONS: Do not bleach<\/p>\n<p>100% polyester, 3-layer softshell coating, waterproof 10,000 mm, windproof, breathable 4000 g\/m\u00b2\/24h, 305 g\/m\u00b2<\/p>","protected":false},"excerpt":{"rendered":"<p>Softshellweste aus weichem, wind- und wasserabweisenden Material, das sich angenehm tr\u00e4gt. Atmungsaktive Weste mit Stretch-Funktion, die maximale Bewegungsfreiheit bietet. Alle Reissverschl\u00fcsse sind wasserabweisend. ABSCHLUSS: Verstellbarer Bund mit Kordelzug. FRONTVERSCHLUSS: Reissverschluss aus Kunststoff. FUNKTIONALIT\u00c4T: Wind- &amp;amp; wasserdicht, nicht versiegelte N\u00e4hte, atmungsaktiv. HAUPTEIGENSCHAFTEN: Bodenleger. STOFF: Herren. blau. Atmungsaktivit\u00e4t. Wind \/ N\u00e4sse \/ K\u00e4lte. TASCHEN: Brusttasche mit Reissverschluss. [&hellip;]<\/p>\n","protected":false},"featured_media":593075,"template":"","meta":[],"product_brand":[],"product_cat":[4208],"product_tag":[],"class_list":{"0":"post-593034","1":"product","2":"type-product","3":"status-publish","4":"has-post-thumbnail","6":"product_cat-westen","7":"pa_brand-blaklaeder","8":"pa_brand-type-workwear","9":"pa_filter-color-blau","10":"pa_filter-color-schwarz","12":"first","13":"instock","14":"sale","15":"taxable","16":"shipping-taxable","17":"purchasable","18":"product-type-variable","19":"add-to-wishlist-before_image"},"exclude_global_add_ons":[],"addons":[],"acf":[],"_links":{"self":[{"href":"https:\/\/shop.kustom.ch\/en\/wp-json\/wp\/v2\/product\/593034"}],"collection":[{"href":"https:\/\/shop.kustom.ch\/en\/wp-json\/wp\/v2\/product"}],"about":[{"href":"https:\/\/shop.kustom.ch\/en\/wp-json\/wp\/v2\/types\/product"}],"wp:featuredmedia":[{"embeddable":true,"href":"https:\/\/shop.kustom.ch\/en\/wp-json\/wp\/v2\/media\/593075"}],"wp:attachment":[{"href":"https:\/\/shop.kustom.ch\/en\/wp-json\/wp\/v2\/media?parent=593034"}],"wp:term":[{"taxonomy":"product_brand","embeddable":true,"href":"https:\/\/shop.kustom.ch\/en\/wp-json\/wp\/v2\/product_brand?post=593034"},{"taxonomy":"product_cat","embeddable":true,"href":"https:\/\/shop.kustom.ch\/en\/wp-json\/wp\/v2\/product_cat?post=593034"},{"taxonomy":"product_tag","embeddable":true,"href":"https:\/\/shop.kustom.ch\/en\/wp-json\/wp\/v2\/product_tag?post=593034"}],"curies":[{"name":"wp","href":"https:\/\/api.w.org\/{rel}","templated":true}]}}