{"id":592997,"date":"2025-03-04T23:41:57","date_gmt":"2025-03-04T22:41:57","guid":{"rendered":"https:\/\/shop.kustom.ch\/?post_type=product&#038;p=592997"},"modified":"2026-03-31T09:13:49","modified_gmt":"2026-03-31T08:13:49","slug":"damen-malerhose-mit-stretch-einsaetzen","status":"publish","type":"product","link":"https:\/\/shop.kustom.ch\/en\/product\/damen-malerhose-mit-stretch-einsaetzen\/","title":{"rendered":"Ladies' painter's trousers with stretch inserts"},"content":{"rendered":"<p>Modern and comfortable painter's trousers in a ladies' cut with tool pockets, external knee pad pockets and stretch areas in the crotch, knees, seat and calf for improved flexibility and comfort. The fabric has excellent absorption properties thanks to the high cotton content. The trousers have many functional pockets and a specially developed, reinforced pocket for painting tools. The pocket for painting tools, the nail pockets and the back pockets are reinforced with CORDURA\u00ae fabric and the knees are reinforced with stretch CORDURA\u00ae for improved comfort.<\/p>\n<p>CONCLUSION: Extension option at the leg hem. DETAILS: Metal button. Plastic zip at the crotch. Elasticated waist. FUNCTIONALITY: Stretch insert at the crotch, knees, hips and calf. Particularly ergonomically shaped trouser legs. MAIN FEATURES: Painter. EN 14004. FABRIC: Available for men and women. white. Knee pad pockets. Stretch. POCKETS: Leg pocket especially for spatulas and brushes. Back pockets. Inside mobile phone pocket. Outside knee pad pockets. Front nail pockets. Side pockets. WASHING INSTRUCTIONS: 40\u00b0 C. REINFORCEMENT: CORDURA\u00ae reinforcement on nail pocket, ruler pocket and knees. CERTIFICATION: EN 14404:2004+A1:2010 together with knee pads 4027 and 4057<\/p>\n<p>100% Cotton, canvas, 270 g\/m\u00b2<\/p>","protected":false},"excerpt":{"rendered":"<p>Moderne und komfortable Malerhose im Damenschnitt mit Werkzeugtaschen, aussenliegenden Kniepolstertaschen und Stretchbereichen in Schritt, Knie, Ges\u00e4ss und Wade f\u00fcr verbesserte Flexibilit\u00e4t und Komfort. Der Stoff hat dank des hohen Baumwollanteils exzellente Absorbierungs-Eigenschaften. Die Hose weist viele funktionelle Taschen und eine speziell entwickelte, verst\u00e4rkte Tasche f\u00fcr Malerwerkzeug auf. Die Tasche f\u00fcr Malerwerkzeug, die Nageltaschen und die [&hellip;]<\/p>\n","protected":false},"featured_media":593012,"template":"","meta":[],"product_brand":[],"product_cat":[4185],"product_tag":[],"class_list":{"0":"post-592997","1":"product","2":"type-product","3":"status-publish","4":"has-post-thumbnail","6":"product_cat-hosen","7":"pa_brand-blaklaeder","8":"pa_brand-type-workwear","9":"pa_filter-color-schwarz","10":"pa_filter-color-weiss","12":"first","13":"instock","14":"sale","15":"taxable","16":"shipping-taxable","17":"purchasable","18":"product-type-variable","19":"add-to-wishlist-before_image"},"exclude_global_add_ons":[],"addons":[],"acf":[],"_links":{"self":[{"href":"https:\/\/shop.kustom.ch\/en\/wp-json\/wp\/v2\/product\/592997"}],"collection":[{"href":"https:\/\/shop.kustom.ch\/en\/wp-json\/wp\/v2\/product"}],"about":[{"href":"https:\/\/shop.kustom.ch\/en\/wp-json\/wp\/v2\/types\/product"}],"wp:featuredmedia":[{"embeddable":true,"href":"https:\/\/shop.kustom.ch\/en\/wp-json\/wp\/v2\/media\/593012"}],"wp:attachment":[{"href":"https:\/\/shop.kustom.ch\/en\/wp-json\/wp\/v2\/media?parent=592997"}],"wp:term":[{"taxonomy":"product_brand","embeddable":true,"href":"https:\/\/shop.kustom.ch\/en\/wp-json\/wp\/v2\/product_brand?post=592997"},{"taxonomy":"product_cat","embeddable":true,"href":"https:\/\/shop.kustom.ch\/en\/wp-json\/wp\/v2\/product_cat?post=592997"},{"taxonomy":"product_tag","embeddable":true,"href":"https:\/\/shop.kustom.ch\/en\/wp-json\/wp\/v2\/product_tag?post=592997"}],"curies":[{"name":"wp","href":"https:\/\/api.w.org\/{rel}","templated":true}]}}