{"id":592872,"date":"2025-03-04T23:39:35","date_gmt":"2025-03-04T22:39:35","guid":{"rendered":"https:\/\/shop.kustom.ch\/?post_type=product&#038;p=592872"},"modified":"2026-03-31T09:13:30","modified_gmt":"2026-03-31T08:13:30","slug":"damen-unterhemd-warm-100-merinowolle","status":"publish","type":"product","link":"https:\/\/shop.kustom.ch\/en\/product\/damen-unterhemd-warm-100-merinowolle\/","title":{"rendered":"Ladies' vest WARM, 100% merino wool"},"content":{"rendered":"<p>This insulating long underwear keeps the body warm and dry in cold weather. The long underwear is designed for women and made from 100% merino wool, which offers excellent insulation and moisture-wicking properties to keep you warm and dry. Recommended for temperatures between -5\u00b0C and -30\u00b0C.<\/p>\n<p>FINISH: Cuffed sleeves. DETAILS: Ribbed collar. Contrast stitching. FUNCTIONALITY: Recommended temperature -5\u00b0C to -30\u00b0C. MAIN FEATURES: Driver. Women. FABRIC: Available for women and men. Black. Wind \/ Wet \/ Cold. WASHING INSTRUCTIONS: Use wool detergent. Do not spin dry.<\/p>\n<p>100% Wool, merino, rib-knitted, moisture regulation, 200 g\/m\u00b2<\/p>","protected":false},"excerpt":{"rendered":"<p>Diese isolierende lange Unterw\u00e4sche h\u00e4lt den K\u00f6rper warm und trocken bei kaltem Wetter. Die lange Unterw\u00e4sche wurde f\u00fcr Damen entwickelt, bestehend aus 100% Merinowolle, die ausgezeichnete Isolation und warm- und trockenhaltende transportierende Eigenschaften bietet. Empfohlen bei Temperaturen von -5\u00b0C bis -30\u00b0C. ABSCHLUSS: Armabschluss mit B\u00fcndchen. DETAILS: Gerippter Kragen. Kontrastn\u00e4hte. FUNKTIONALIT\u00c4T: Empfohlene Temperatur -5\u00b0C bis -30\u00b0C. [&hellip;]<\/p>\n","protected":false},"featured_media":592908,"template":"","meta":[],"product_brand":[],"product_cat":[4206],"product_tag":[],"class_list":{"0":"post-592872","1":"product","2":"type-product","3":"status-publish","4":"has-post-thumbnail","6":"product_cat-underwear","7":"pa_brand-blaklaeder","8":"pa_brand-type-workwear","9":"pa_filter-color-grau","10":"pa_filter-color-schwarz","12":"first","13":"instock","14":"sale","15":"taxable","16":"shipping-taxable","17":"purchasable","18":"product-type-variable","19":"add-to-wishlist-before_image"},"exclude_global_add_ons":[],"addons":[],"acf":[],"_links":{"self":[{"href":"https:\/\/shop.kustom.ch\/en\/wp-json\/wp\/v2\/product\/592872"}],"collection":[{"href":"https:\/\/shop.kustom.ch\/en\/wp-json\/wp\/v2\/product"}],"about":[{"href":"https:\/\/shop.kustom.ch\/en\/wp-json\/wp\/v2\/types\/product"}],"wp:featuredmedia":[{"embeddable":true,"href":"https:\/\/shop.kustom.ch\/en\/wp-json\/wp\/v2\/media\/592908"}],"wp:attachment":[{"href":"https:\/\/shop.kustom.ch\/en\/wp-json\/wp\/v2\/media?parent=592872"}],"wp:term":[{"taxonomy":"product_brand","embeddable":true,"href":"https:\/\/shop.kustom.ch\/en\/wp-json\/wp\/v2\/product_brand?post=592872"},{"taxonomy":"product_cat","embeddable":true,"href":"https:\/\/shop.kustom.ch\/en\/wp-json\/wp\/v2\/product_cat?post=592872"},{"taxonomy":"product_tag","embeddable":true,"href":"https:\/\/shop.kustom.ch\/en\/wp-json\/wp\/v2\/product_tag?post=592872"}],"curies":[{"name":"wp","href":"https:\/\/api.w.org\/{rel}","templated":true}]}}