{"id":592541,"date":"2025-03-04T23:35:04","date_gmt":"2025-03-04T22:35:04","guid":{"rendered":"https:\/\/shop.kustom.ch\/?post_type=product&#038;p=592541"},"modified":"2026-03-31T09:12:47","modified_gmt":"2026-03-31T08:12:47","slug":"damen-multinorm-arbeitshose-inhaerent-mit-stretch","status":"publish","type":"product","link":"https:\/\/shop.kustom.ch\/en\/product\/damen-multinorm-arbeitshose-inhaerent-mit-stretch\/","title":{"rendered":"Ladies multinorm work trousers inherent with stretch"},"content":{"rendered":"<p>Oil, dirt and water-repellent work trousers in a women's cut with high comfort for those who work in harsh environments. The trousers are equipped with smart details such as stretch inserts for better freedom of movement and flexibility. The fabric is inherently highly durable. CORDURA\u00ae\/Kevlar\u00ae\/Protal\u00ae reinforced knees. The trousers have a ruler and knife pocket and a leg pocket with space for a phone. Particularly suitable for electricians and similar professions, for example. Certified according to EN 14404, EN 1149-5, EN ISO 20471, EN ISO 11612, IEC 61482-2. Arc rating: 10.7 cal\/cm\u00b2 (applies to the stretch material). EN 14404: 2004 + A1: 2010 together with knee pads 4027 and 4057.<\/p>\n<p>DETAILS: Detachable ID pocket. External certification labels. Plastic zip at the crotch. Loops, one with a D-ring. Elasticated waist. FUNCTIONALITY: Metal-free. MAIN FEATURES: Electrician. EN ISO 11612. REFLEX: Flame-retardant reflective strips with double stitching. FABRIC: Available for men and women. Yellow. Stretch. Flame retardant. POCKETS: Leg pocket with bellows, flap and mobile phone pocket. Back pocket. External knee pad pockets. Side pockets. Reinforced ruler pocket with two knife slots and a pen pocket. WASHING INSTRUCTIONS: Do not iron. REINFORCEMENT: CORDURA\u00ae\/Kevlar\u00ae\/Protal\u00ae \u2013 reinforced at the knees. CERTIFICATION: EN 1149-5. EN 14404:2004+A1:2010 together with knee pads 4027 and 4057. EN ISO 11612 A1, B1, C1, F1. Max. 50 washes. IEC 61482-2, APC 1<\/p>\n<p>44% modacrylic, 30% cotton, 20% FR polyamide, 5% aramid, 1% antistatic, ripstop, flame-retardant, antistatic, 260 g\/m\u00b2<\/p>","protected":false},"excerpt":{"rendered":"<p>Die \u00f6l-, schmutz- und wasserabweisende Arbeitshose im Damenschnitt mit hohem Komfort f\u00fcr alle, die in rauen Umgebungen arbeiten. Die Hose ist mit intelligenten Details wie Stretch-Eins\u00e4tzen f\u00fcr bessere Bewegungsfreiheit und Flexibilit\u00e4t ausgestattet. Der Stoff ist inh\u00e4rent mit hoher Haltbarkeit. CORDURA\u00ae\/Kevlar\u00ae\/Protal\u00ae verst\u00e4rkte Knie. Die Hose besitzt eine Zollstock- und Messertasche und eine Beintasche mit Platz f\u00fcr [&hellip;]<\/p>\n","protected":false},"featured_media":592573,"template":"","meta":[],"product_brand":[],"product_cat":[4185],"product_tag":[],"class_list":{"0":"post-592541","1":"product","2":"type-product","3":"status-publish","4":"has-post-thumbnail","6":"product_cat-hosen","7":"pa_brand-blaklaeder","8":"pa_brand-type-workwear","9":"pa_filter-color-blau","10":"pa_filter-color-gelb","12":"first","13":"instock","14":"sale","15":"taxable","16":"shipping-taxable","17":"purchasable","18":"product-type-variable","19":"add-to-wishlist-before_image"},"exclude_global_add_ons":[],"addons":[],"acf":[],"_links":{"self":[{"href":"https:\/\/shop.kustom.ch\/en\/wp-json\/wp\/v2\/product\/592541"}],"collection":[{"href":"https:\/\/shop.kustom.ch\/en\/wp-json\/wp\/v2\/product"}],"about":[{"href":"https:\/\/shop.kustom.ch\/en\/wp-json\/wp\/v2\/types\/product"}],"wp:featuredmedia":[{"embeddable":true,"href":"https:\/\/shop.kustom.ch\/en\/wp-json\/wp\/v2\/media\/592573"}],"wp:attachment":[{"href":"https:\/\/shop.kustom.ch\/en\/wp-json\/wp\/v2\/media?parent=592541"}],"wp:term":[{"taxonomy":"product_brand","embeddable":true,"href":"https:\/\/shop.kustom.ch\/en\/wp-json\/wp\/v2\/product_brand?post=592541"},{"taxonomy":"product_cat","embeddable":true,"href":"https:\/\/shop.kustom.ch\/en\/wp-json\/wp\/v2\/product_cat?post=592541"},{"taxonomy":"product_tag","embeddable":true,"href":"https:\/\/shop.kustom.ch\/en\/wp-json\/wp\/v2\/product_tag?post=592541"}],"curies":[{"name":"wp","href":"https:\/\/api.w.org\/{rel}","templated":true}]}}