{"id":592540,"date":"2025-03-04T23:35:04","date_gmt":"2025-03-04T22:35:04","guid":{"rendered":"https:\/\/shop.kustom.ch\/?post_type=product&#038;p=592540"},"modified":"2026-03-31T09:12:38","modified_gmt":"2026-03-31T08:12:38","slug":"damen-high-vis-shorts-mit-stretch","status":"publish","type":"product","link":"https:\/\/shop.kustom.ch\/en\/product\/damen-high-vis-shorts-mit-stretch\/","title":{"rendered":"Ladies high vis shorts with stretch"},"content":{"rendered":"<p>Comfortable and flexible high-vis shorts with a feminine cut. They have stretch inserts in the crotch, seat and yoke. Reflective stripes, back pocket with flap, thigh pocket, mobile phone pocket, ID card pocket and a CORDURA\u00ae-reinforced folding rule pocket and nail pocket. Certified according to the EN ISO 20471, class 1 standard.<\/p>\n<p>DETAILS: Reinforced seams at the crotch. Plastic zip at the crotch. Loops, one with a D-ring. Elasticated waist. FUNCTIONALITY: Stretch insert at the crotch and seat, women's size. MAIN FEATURES: Garden worker. Available for men and women. EN ISO 20471. REFLEX: 60 mm wide reflective stripes. FABRIC: Available for men and women. High-vis orange. Lightweight. Stretch. POCKETS: Leg pocket with bellows, flap and pen pocket, additional pocket and mobile phone pocket. Back pocket, one with flap. Reinforced, three-part nail pockets. Side pockets. Reinforced folding rule pocket with knife holder and pen pocket. WASHING INSTRUCTIONS: Number of washes: 50, do not spin. REINFORCEMENT: CORDURA\u00ae reinforced nail pockets and folding rule pocket. CERTIFICATION: Certification group V<\/p>\n<p>65% polyester, 35% cotton, twill, water-repellent outer fabric, 240g\/m\u00b2<\/p>","protected":false},"excerpt":{"rendered":"<p>Bequeme und flexible High Vis Shorts mit weiblichem Schnitt. Sie hat Stretch-Eins\u00e4tze im Schritt, am Ges\u00e4ss und an der Passe. Reflexstreifen, Ges\u00e4sstasche mit Patte, Oberschenkeltasche, Handytasche, Ausweistasche und eine CORDURA\u00ae-verst\u00e4rkte Zollstocktasche und Nageltasche. Zertifiziert nach der Norm EN ISO 20471, Klasse 1. DETAILS: Verst\u00e4rkte N\u00e4hte am Schritt. Kunststoff-Reissverschluss im Schritt. Schlaufen, davon eine mit D-Ring. [&hellip;]<\/p>\n","protected":false},"featured_media":592572,"template":"","meta":[],"product_brand":[],"product_cat":[4198],"product_tag":[],"class_list":{"0":"post-592540","1":"product","2":"type-product","3":"status-publish","4":"has-post-thumbnail","6":"product_cat-shorts","7":"pa_brand-blaklaeder","8":"pa_brand-type-workwear","9":"pa_filter-color-orange","10":"pa_filter-color-rot","12":"first","13":"instock","14":"sale","15":"taxable","16":"shipping-taxable","17":"purchasable","18":"product-type-variable","19":"add-to-wishlist-before_image"},"exclude_global_add_ons":[],"addons":[],"acf":[],"_links":{"self":[{"href":"https:\/\/shop.kustom.ch\/en\/wp-json\/wp\/v2\/product\/592540"}],"collection":[{"href":"https:\/\/shop.kustom.ch\/en\/wp-json\/wp\/v2\/product"}],"about":[{"href":"https:\/\/shop.kustom.ch\/en\/wp-json\/wp\/v2\/types\/product"}],"wp:featuredmedia":[{"embeddable":true,"href":"https:\/\/shop.kustom.ch\/en\/wp-json\/wp\/v2\/media\/592572"}],"wp:attachment":[{"href":"https:\/\/shop.kustom.ch\/en\/wp-json\/wp\/v2\/media?parent=592540"}],"wp:term":[{"taxonomy":"product_brand","embeddable":true,"href":"https:\/\/shop.kustom.ch\/en\/wp-json\/wp\/v2\/product_brand?post=592540"},{"taxonomy":"product_cat","embeddable":true,"href":"https:\/\/shop.kustom.ch\/en\/wp-json\/wp\/v2\/product_cat?post=592540"},{"taxonomy":"product_tag","embeddable":true,"href":"https:\/\/shop.kustom.ch\/en\/wp-json\/wp\/v2\/product_tag?post=592540"}],"curies":[{"name":"wp","href":"https:\/\/api.w.org\/{rel}","templated":true}]}}