{"id":592521,"date":"2025-03-04T23:34:29","date_gmt":"2025-03-04T22:34:29","guid":{"rendered":"https:\/\/shop.kustom.ch\/?post_type=product&#038;p=592521"},"modified":"2026-03-31T09:12:28","modified_gmt":"2026-03-31T08:12:28","slug":"damen-multinorm-arbeitshose","status":"publish","type":"product","link":"https:\/\/shop.kustom.ch\/en\/product\/damen-multinorm-arbeitshose\/","title":{"rendered":"Ladies multinorm work trousers"},"content":{"rendered":"<p>Multi-standard trousers with a women's cut for maximum protection when working in harsh environments. They have a hard-wearing material, a good fit and additional reinforcement in the knee area. The trousers have functional pocket solutions for tools and well thought-out details such as a dark-coloured fabric in dirt-prone areas. They have reinforced knee pad pockets made of Cordura\u00ae\/Kevlar\u00ae and protect against splashes of liquid chemicals. Tested for industrial laundering. Certified according to EN ISO 20471, EN 1149-5, IEC 61482-2, EN ISO 11611, EN ISO 11612, EN 13034, ATPV: 11.0 cal\/cm\u00b2.<\/p>\n<p>DETAILS: Detachable ID card pocket for flame-retardant clothing. External certification labels. Loops. FUNCTIONALITY: Oil, dirt and water repellent. MAIN PROPERTIES: Craftsmen. EN 14004. REFLEX: Flame-retardant reflective strips with double stitching. FABRIC: Ladies. blue. Knee pad pockets. Flame protection. POCKETS: Leg pocket with bellows, flap and pen pocket, additional pocket, mobile phone pocket and ID card pocket. Back pockets with flap, concealed with metal buttons. Inside knee pad pockets. Front pockets with flap and press stud. Reinforced ruler pocket with knife holder and pen pocket. WASHING INSTRUCTIONS: PRO: suitable for tumble drying. CERTIFICATION: EN 1149-5. EN 13034 PB (6). EN 14404:2004+A1:2010 together with knee pads 4027 and 4057. EN ISO 11611, class 1 A1+A2. EN ISO 11612 A1, A2, B1, C1, E3, F1. EN ISO 20471, class 1. IEC 61482-2, APC 1<\/p>\n<p>75% cotton, 24% polyester, 1% antistatic, twill, flame-retardant, antistatic, 350 g\/m\u00b2<\/p>","protected":false},"excerpt":{"rendered":"<p>Eine Multinorm Hose mit Damenschnitt f\u00fcr maximalen Schutz bei Arbeiten in rauen Umgebungen. Sie besitzt ein strapazierf\u00e4higes Material, eine gute Passform und zus\u00e4tzliche Verst\u00e4rkung im Kniebereich. Die Hose hat funktionelle Taschenl\u00f6sungen f\u00fcr Werkzeug und durchdachte Details wie ein dunkler Stoff an schmutzgef\u00e4hrdeten Stellen. Sie hat verst\u00e4rkte Kniepolstertaschen aus Cordura\u00ae\/Kevlar\u00ae und sch\u00fctzt vor Spritzern von fl\u00fcssigen [&hellip;]<\/p>\n","protected":false},"featured_media":592571,"template":"","meta":[],"product_brand":[],"product_cat":[4185],"product_tag":[],"class_list":{"0":"post-592521","1":"product","2":"type-product","3":"status-publish","4":"has-post-thumbnail","6":"product_cat-hosen","7":"pa_brand-blaklaeder","8":"pa_brand-type-workwear","9":"pa_filter-color-blau","10":"pa_filter-color-gelb","12":"first","13":"instock","14":"sale","15":"taxable","16":"shipping-taxable","17":"purchasable","18":"product-type-variable","19":"add-to-wishlist-before_image"},"exclude_global_add_ons":[],"addons":[],"acf":[],"_links":{"self":[{"href":"https:\/\/shop.kustom.ch\/en\/wp-json\/wp\/v2\/product\/592521"}],"collection":[{"href":"https:\/\/shop.kustom.ch\/en\/wp-json\/wp\/v2\/product"}],"about":[{"href":"https:\/\/shop.kustom.ch\/en\/wp-json\/wp\/v2\/types\/product"}],"wp:featuredmedia":[{"embeddable":true,"href":"https:\/\/shop.kustom.ch\/en\/wp-json\/wp\/v2\/media\/592571"}],"wp:attachment":[{"href":"https:\/\/shop.kustom.ch\/en\/wp-json\/wp\/v2\/media?parent=592521"}],"wp:term":[{"taxonomy":"product_brand","embeddable":true,"href":"https:\/\/shop.kustom.ch\/en\/wp-json\/wp\/v2\/product_brand?post=592521"},{"taxonomy":"product_cat","embeddable":true,"href":"https:\/\/shop.kustom.ch\/en\/wp-json\/wp\/v2\/product_cat?post=592521"},{"taxonomy":"product_tag","embeddable":true,"href":"https:\/\/shop.kustom.ch\/en\/wp-json\/wp\/v2\/product_tag?post=592521"}],"curies":[{"name":"wp","href":"https:\/\/api.w.org\/{rel}","templated":true}]}}