{"id":592442,"date":"2025-03-04T23:33:47","date_gmt":"2025-03-04T22:33:47","guid":{"rendered":"https:\/\/shop.kustom.ch\/?post_type=product&#038;p=592442"},"modified":"2026-03-31T09:12:20","modified_gmt":"2026-03-31T08:12:20","slug":"damen-service-softshell-winterhose","status":"publish","type":"product","link":"https:\/\/shop.kustom.ch\/en\/product\/damen-service-softshell-winterhose\/","title":{"rendered":"Ladies service softshell winter trousers"},"content":{"rendered":"<p>Service work trousers with a feminine cut, designed for autumn and winter wear, made entirely from elasticated softshell fabric. These trousers are not only soft, light and highly breathable, but also warm enough for work in cold rooms and popular with drivers who are constantly getting in and out of their vehicles.<\/p>\n<p>FINISH: Extension option at the leg hem. DETAILS: Good surfaces for finishing. Rubber-coated metal button. Plastic zip at the crotch. Elasticated waist. FUNCTIONALITY: 2-way stretch. Particularly ergonomically shaped trouser legs. MAIN FEATURES: Rider. REFLEX: Reflective details on the leg. FABRIC: Available for men and women. blue. Stretch. Stretch. POCKETS: Leg pockets with bellows, zip, pen and knife pocket. Mobile phone pocket inside. Folding rule pocket inside. WASHING INSTRUCTIONS: Do not bleach<\/p>\n<p>92% polyester, 8% elastane, 3-layer softshell, waterproof 11,000 mm, windproof, breathable Ret 20.0, stretch, 255 g\/m\u00b2<\/p>","protected":false},"excerpt":{"rendered":"<p>Service Arbeitshose mit femininem Schnitt, konzipiert f\u00fcr Herbst- und Winterbekleidung, komplett aus elastischem Softshell Stoff. Diese Hose ist nicht nur weich, leicht und hoch atmungsaktiv, sondern auch warm genug f\u00fcr Arbeiten in K\u00fchlr\u00e4umen und beliebt bei Fahrern, die immer wieder in und aus ihren Fahrzeugen steigen. ABSCHLUSS: Verl\u00e4ngerungsm\u00f6glichkeit am Beinsaum. DETAILS: Gute Oberfl\u00e4chen f\u00fcr Veredelung. [&hellip;]<\/p>\n","protected":false},"featured_media":0,"template":"","meta":[],"product_brand":[],"product_cat":[4185],"product_tag":[],"class_list":{"0":"post-592442","1":"product","2":"type-product","3":"status-publish","5":"product_cat-hosen","6":"pa_brand-blaklaeder","7":"pa_brand-type-workwear","8":"pa_filter-color-blau","9":"pa_filter-color-schwarz","11":"first","12":"instock","13":"sale","14":"taxable","15":"shipping-taxable","16":"purchasable","17":"product-type-variable","18":"add-to-wishlist-before_image"},"exclude_global_add_ons":[],"addons":[],"acf":[],"_links":{"self":[{"href":"https:\/\/shop.kustom.ch\/en\/wp-json\/wp\/v2\/product\/592442"}],"collection":[{"href":"https:\/\/shop.kustom.ch\/en\/wp-json\/wp\/v2\/product"}],"about":[{"href":"https:\/\/shop.kustom.ch\/en\/wp-json\/wp\/v2\/types\/product"}],"wp:attachment":[{"href":"https:\/\/shop.kustom.ch\/en\/wp-json\/wp\/v2\/media?parent=592442"}],"wp:term":[{"taxonomy":"product_brand","embeddable":true,"href":"https:\/\/shop.kustom.ch\/en\/wp-json\/wp\/v2\/product_brand?post=592442"},{"taxonomy":"product_cat","embeddable":true,"href":"https:\/\/shop.kustom.ch\/en\/wp-json\/wp\/v2\/product_cat?post=592442"},{"taxonomy":"product_tag","embeddable":true,"href":"https:\/\/shop.kustom.ch\/en\/wp-json\/wp\/v2\/product_tag?post=592442"}],"curies":[{"name":"wp","href":"https:\/\/api.w.org\/{rel}","templated":true}]}}