{"id":592355,"date":"2025-03-04T23:32:35","date_gmt":"2025-03-04T22:32:35","guid":{"rendered":"https:\/\/shop.kustom.ch\/?post_type=product&#038;p=592355"},"modified":"2026-03-31T09:12:02","modified_gmt":"2026-03-31T08:12:02","slug":"damen-servicehose-mit-stretch","status":"publish","type":"product","link":"https:\/\/shop.kustom.ch\/en\/product\/damen-servicehose-mit-stretch\/","title":{"rendered":"Ladies service trousers with stretch"},"content":{"rendered":"<p>Flexible and durable service\/transport trousers with a feminine fit, suitable for various situations where comfort and mobility are required. These trousers have an elasticated waist and a slightly narrower fit and are equipped with stretch panels for increased flexibility. The CORDURA\u00ae-reinforced knees further increase the durability of the trousers. They can be extended at the leg hem. The trousers have two pockets at the back, bellows pockets at the front and a leg pocket that is ideal for storing documents. Contrasting colours on the leg pocket and seams enhance the overall look. Black reflective details increase the visibility of the garment. Also available as men's model 1456.<\/p>\n<p>CLOSURE: Extension option at the leg hem. Leg ends with CORDURA\u00ae reinforcement. DETAILS: D-ring. Metal button. Plastic zip at the crotch. Elasticated waist. FUNCTIONALITY: Stretch fabric over the front, on the yoke, on the front and back of the knees and in the crotch. Women's size. MAIN FEATURES: Driver. EN 14004. REFLEX: Reflective details on the leg. FABRIC: Ladies. black. Stretch insert. Industry \/ Service. POCKETS: Leg pocket with bellows, zip, pen and knife pocket. Document pocket. Back pockets. Inside knee pad pockets. Side pockets. WASHING INSTRUCTIONS: Do not bleach. REINFORCEMENT: CORDURA\u00ae-reinforced at the knees. CERTIFICATION: EN 14404 2004+A1 2010, Type 1, Level 0 together with knee pads Art. 4057<\/p>\n<p>65% polyester, 35% cotton, finely woven, 166g\/m\u00b2<\/p>","protected":false},"excerpt":{"rendered":"<p>Eine flexible und strapazierf\u00e4hige Service-\/Transporthose mit weiblicher Passform, die sich f\u00fcr verschiedene Situationen eignet, in denen Komfort und Beweglichkeit gefragt sind. Diese Hose hat einen Gummizug an der Taille und eine etwas schmalere Passform und ist mit Stretch-Eins\u00e4tzen f\u00fcr erh\u00f6hte Flexibilit\u00e4t ausgestattet. Die CORDURA\u00ae-verst\u00e4rkten Knie erh\u00f6hen die Lebensdauer der Hose zus\u00e4tzlich. Sie kann am Beinsaum [&hellip;]<\/p>\n","protected":false},"featured_media":592366,"template":"","meta":[],"product_brand":[],"product_cat":[4185],"product_tag":[],"class_list":{"0":"post-592355","1":"product","2":"type-product","3":"status-publish","4":"has-post-thumbnail","6":"product_cat-hosen","7":"pa_brand-blaklaeder","8":"pa_brand-type-workwear","9":"pa_filter-color-blau","10":"pa_filter-color-gelb","11":"pa_filter-color-grau","12":"pa_filter-color-rot","13":"pa_filter-color-schwarz","15":"first","16":"instock","17":"sale","18":"taxable","19":"shipping-taxable","20":"purchasable","21":"product-type-variable","22":"add-to-wishlist-before_image"},"exclude_global_add_ons":[],"addons":[],"acf":[],"_links":{"self":[{"href":"https:\/\/shop.kustom.ch\/en\/wp-json\/wp\/v2\/product\/592355"}],"collection":[{"href":"https:\/\/shop.kustom.ch\/en\/wp-json\/wp\/v2\/product"}],"about":[{"href":"https:\/\/shop.kustom.ch\/en\/wp-json\/wp\/v2\/types\/product"}],"wp:featuredmedia":[{"embeddable":true,"href":"https:\/\/shop.kustom.ch\/en\/wp-json\/wp\/v2\/media\/592366"}],"wp:attachment":[{"href":"https:\/\/shop.kustom.ch\/en\/wp-json\/wp\/v2\/media?parent=592355"}],"wp:term":[{"taxonomy":"product_brand","embeddable":true,"href":"https:\/\/shop.kustom.ch\/en\/wp-json\/wp\/v2\/product_brand?post=592355"},{"taxonomy":"product_cat","embeddable":true,"href":"https:\/\/shop.kustom.ch\/en\/wp-json\/wp\/v2\/product_cat?post=592355"},{"taxonomy":"product_tag","embeddable":true,"href":"https:\/\/shop.kustom.ch\/en\/wp-json\/wp\/v2\/product_tag?post=592355"}],"curies":[{"name":"wp","href":"https:\/\/api.w.org\/{rel}","templated":true}]}}