{"id":592256,"date":"2025-03-04T23:31:50","date_gmt":"2025-03-04T22:31:50","guid":{"rendered":"https:\/\/shop.kustom.ch\/?post_type=product&#038;p=592256"},"modified":"2026-03-31T09:11:49","modified_gmt":"2026-03-31T08:11:49","slug":"damen-high-vis-arbeitshose-mit-stretch-2","status":"publish","type":"product","link":"https:\/\/shop.kustom.ch\/en\/product\/damen-high-vis-arbeitshose-mit-stretch-2\/","title":{"rendered":"Ladies high vis work trousers with stretch"},"content":{"rendered":"<p>The High Vis work trousers are suitable for tough working conditions in demanding environments. The trousers are flexible and robust with an elasticated waist and stretch inserts for a comfortable fit. They have various functional pockets and well-thought-out details for improved performance. The knee pad pocket is designed for the 4027 knee pad and is equipped with CORDURA\u00ae stretch fabric for greater comfort when working on your knees. Certified according to EN ISO 20471 Class 2, high-visibility protective clothing.<\/p>\n<p>FINISH: Extension option at the leg hem. DETAILS: Plastic zip at the crotch. Loops, one with a D-ring. Elasticated waist. FUNCTIONALITY: Stretch inserts at the crotch, knees and seat. Particularly ergonomically shaped trouser legs. MAIN FEATURES: Craftsman. EN 14004. REFLEX: Reflective material around the legs. FABRIC: Available for women and men. High-vis orange. Knee pad pockets. High visibility. POCKETS: Leg pocket with bellows, zip, pen and knife pocket. Back pocket, one with flap. Inside mobile phone pocket. External knee pad pockets. Reinforced, three-part nail pockets. Side pockets. Reinforced ruler pocket with knife holder and pen pocket. WASHING INSTRUCTIONS: Number of washes: 50. Ironing \u2013 low. REINFORCEMENT: Cordura\u00ae stretch-reinforced knee pad pockets. CERTIFICATION: EN 14404:2004+A1:2010 together with knee pads 4027, 4057, 4058 and 4032. EN ISO 20471, Class 2<\/p>\n<p>65% polyester, 35% cotton, twill, water-repellent outer fabric, 240g\/m\u00b2<\/p>","protected":false},"excerpt":{"rendered":"<p>Die High Vis Arbeitshose ist geeignet f\u00fcr harte Arbeitsbedingungen in fordernder Umgebung. Die Hose ist flexibel und robust mit einer elastischen Taille und Stretch-Eins\u00e4tzen f\u00fcr einen bequemen Sitz. Sie hat verschiedene funktionelle Taschen und durchdachte Details f\u00fcr eine verbesserte Leistung. Die Kniepolstertasche wurde f\u00fcr das Kniepolster 4027 entwickelt und ist mit CORDURA\u00ae Stretch Stoff f\u00fcr [&hellip;]<\/p>\n","protected":false},"featured_media":592308,"template":"","meta":[],"product_brand":[],"product_cat":[4185],"product_tag":[],"class_list":{"0":"post-592256","1":"product","2":"type-product","3":"status-publish","4":"has-post-thumbnail","6":"product_cat-hosen","7":"pa_brand-blaklaeder","8":"pa_brand-type-workwear","9":"pa_filter-color-blau","10":"pa_filter-color-orange","12":"first","13":"instock","14":"sale","15":"taxable","16":"shipping-taxable","17":"purchasable","18":"product-type-variable","19":"add-to-wishlist-before_image"},"exclude_global_add_ons":[],"addons":[],"acf":[],"_links":{"self":[{"href":"https:\/\/shop.kustom.ch\/en\/wp-json\/wp\/v2\/product\/592256"}],"collection":[{"href":"https:\/\/shop.kustom.ch\/en\/wp-json\/wp\/v2\/product"}],"about":[{"href":"https:\/\/shop.kustom.ch\/en\/wp-json\/wp\/v2\/types\/product"}],"wp:featuredmedia":[{"embeddable":true,"href":"https:\/\/shop.kustom.ch\/en\/wp-json\/wp\/v2\/media\/592308"}],"wp:attachment":[{"href":"https:\/\/shop.kustom.ch\/en\/wp-json\/wp\/v2\/media?parent=592256"}],"wp:term":[{"taxonomy":"product_brand","embeddable":true,"href":"https:\/\/shop.kustom.ch\/en\/wp-json\/wp\/v2\/product_brand?post=592256"},{"taxonomy":"product_cat","embeddable":true,"href":"https:\/\/shop.kustom.ch\/en\/wp-json\/wp\/v2\/product_cat?post=592256"},{"taxonomy":"product_tag","embeddable":true,"href":"https:\/\/shop.kustom.ch\/en\/wp-json\/wp\/v2\/product_tag?post=592256"}],"curies":[{"name":"wp","href":"https:\/\/api.w.org\/{rel}","templated":true}]}}