{"id":592214,"date":"2025-03-04T23:31:14","date_gmt":"2025-03-04T22:31:14","guid":{"rendered":"https:\/\/shop.kustom.ch\/?post_type=product&#038;p=592214"},"modified":"2026-03-31T09:11:44","modified_gmt":"2026-03-31T08:11:44","slug":"damen-high-vis-arbeitshose-mit-stretch","status":"publish","type":"product","link":"https:\/\/shop.kustom.ch\/en\/product\/damen-high-vis-arbeitshose-mit-stretch\/","title":{"rendered":"Ladies high vis work trousers with stretch"},"content":{"rendered":"<p>High-visibility work trousers with stretch inserts in the crotch and seat, knee pad pockets made from CORDURA\u00ae stretch fabric and an elasticated waist for maximum comfort. Ideal for drivers and industrial workers. Certified to EN ISO 20471, Class 1. Knee pad pocket suitable for knee pads 4027.<\/p>\n<p>FINISH: Extension option at the leg hem. DETAILS: Plastic zip at the crotch. Elasticated waistband. FUNCTIONALITY: Stretch inserts at the crotch, knees and seat. Women's size. MAIN FEATURES: Road and construction workers. EN ISO 20471. REFLEX: 65 mm wide reflective strips. FABRIC: Women's. Blue. Knee pad pockets. High visibility. POCKETS: Leg pockets with bellows, zip, pen and knife pocket. Inside mobile phone pocket. Inside knee pad pockets. Side pockets. WASHING INSTRUCTIONS: Number of washes: 40. Do not iron. REINFORCEMENT: Cordura\u00ae stretch-reinforced knee pad pockets. CERTIFICATION: EN 14404:2004+A1:2010 together with knee pads 4027 and 4057. Certification group W.<\/p>\n<p>65% polyester, 35% cotton, twill, water-repellent outer fabric, 240g\/m\u00b2<\/p>","protected":false},"excerpt":{"rendered":"<p>High Vis Arbeitshose mit Stretch-Eins\u00e4tzen im Schritt und am Ges\u00e4ss, Kniepolstertaschen aus CORDURA\u00ae Stretch Stoff und eine elastische Taille f\u00fcr h\u00f6chsten Komfort. Ideal f\u00fcr Fahrer und Industriearbeiter. Zertifiziert nach EN ISO 20471, Klasse 1. Kniepolstertasche geeignet f\u00fcr Kniepolster 4027. ABSCHLUSS: Verl\u00e4ngerungsm\u00f6glichkeit am Beinsaum. DETAILS: Kunststoff-Reissverschluss im Schritt. Gummizug an der Taille. FUNKTIONALIT\u00c4T: Stretch-Eins\u00e4tze im Schritt, [&hellip;]<\/p>\n","protected":false},"featured_media":592245,"template":"","meta":[],"product_brand":[],"product_cat":[4185],"product_tag":[],"class_list":{"0":"post-592214","1":"product","2":"type-product","3":"status-publish","4":"has-post-thumbnail","6":"product_cat-hosen","7":"pa_brand-blaklaeder","8":"pa_brand-type-workwear","9":"pa_filter-color-blau","10":"pa_filter-color-orange","11":"pa_filter-color-rot","12":"pa_filter-color-schwarz","14":"first","15":"instock","16":"sale","17":"taxable","18":"shipping-taxable","19":"purchasable","20":"product-type-variable","21":"add-to-wishlist-before_image"},"exclude_global_add_ons":[],"addons":[],"acf":[],"_links":{"self":[{"href":"https:\/\/shop.kustom.ch\/en\/wp-json\/wp\/v2\/product\/592214"}],"collection":[{"href":"https:\/\/shop.kustom.ch\/en\/wp-json\/wp\/v2\/product"}],"about":[{"href":"https:\/\/shop.kustom.ch\/en\/wp-json\/wp\/v2\/types\/product"}],"wp:featuredmedia":[{"embeddable":true,"href":"https:\/\/shop.kustom.ch\/en\/wp-json\/wp\/v2\/media\/592245"}],"wp:attachment":[{"href":"https:\/\/shop.kustom.ch\/en\/wp-json\/wp\/v2\/media?parent=592214"}],"wp:term":[{"taxonomy":"product_brand","embeddable":true,"href":"https:\/\/shop.kustom.ch\/en\/wp-json\/wp\/v2\/product_brand?post=592214"},{"taxonomy":"product_cat","embeddable":true,"href":"https:\/\/shop.kustom.ch\/en\/wp-json\/wp\/v2\/product_cat?post=592214"},{"taxonomy":"product_tag","embeddable":true,"href":"https:\/\/shop.kustom.ch\/en\/wp-json\/wp\/v2\/product_tag?post=592214"}],"curies":[{"name":"wp","href":"https:\/\/api.w.org\/{rel}","templated":true}]}}