{"id":591609,"date":"2025-03-04T23:24:14","date_gmt":"2025-03-04T22:24:14","guid":{"rendered":"https:\/\/shop.kustom.ch\/?post_type=product&#038;p=591609"},"modified":"2026-03-31T09:10:42","modified_gmt":"2026-03-31T08:10:42","slug":"damen-service-arbeitshose-stretch","status":"publish","type":"product","link":"https:\/\/shop.kustom.ch\/en\/product\/damen-service-arbeitshose-stretch\/","title":{"rendered":"Ladies service work trousers stretch"},"content":{"rendered":"<p>Service trousers for women made from robust CORDURA\u00ae denim stretch. The trousers have an elasticated waist, are scratch-free and the fabric is strong and soft. They have cleverly placed pockets, pre-shaped legs for better comfort and black reflective details for better visibility. The garment can be washed for a softer feel.<\/p>\n<p>DETAILS: Concealed buttons. Crotch seam as a double seam. Metal zip at the crotch. Bl\u00e5kl\u00e4der embroidery on the back. Elasticated waist. FUNCTIONALITY: 2-way stretch. Particularly ergonomically shaped trouser legs. MAIN PROPERTIES: Craftsman. EN 14004. REFLEX: Reflective details on the leg. FABRIC: Ladies. blue. Knee pad pockets. Industry \/ Service. POCKETS: Leg pocket with bellows, pen pocket and mobile phone pocket inside made of mesh. Back pockets. Inside knee pad pockets. Coin pocket. Side pockets. WASHING INSTRUCTIONS: Do not dry clean. CERTIFICATION: EN 14404 2004+A1 2010, Type 1, Level 0 together with knee pads Art. 4057<\/p>\n<p>55% cotton, 15% polyamide, 30% polyester, denim, coated, CORDURA\u00ae denim, stretch, 340 g\/m\u00b2<\/p>","protected":false},"excerpt":{"rendered":"<p>Eine Service Hose f\u00fcr Damen, die aus robustem CORDURA\u00ae Denim Stretch besteht. Die Hose hat eine elastische Taille, ist kratzfrei und der Stoff ist stark und weich. Sie hat clever platzierte Taschen, vorgeformte Beine f\u00fcr besseren Komfort und schwarze Reflexdetails f\u00fcr bessere Sichtbarkeit. Das Kleidungsst\u00fcck kann f\u00fcr ein weicheres Gef\u00fchl gewaschen werden. DETAILS: Verdeckte Kn\u00f6pfe. [&hellip;]<\/p>\n","protected":false},"featured_media":591659,"template":"","meta":[],"product_brand":[],"product_cat":[4185],"product_tag":[],"class_list":{"0":"post-591609","1":"product","2":"type-product","3":"status-publish","4":"has-post-thumbnail","6":"product_cat-hosen","7":"pa_brand-blaklaeder","8":"pa_brand-type-workwear","9":"pa_filter-color-blau","10":"pa_filter-color-schwarz","12":"first","13":"instock","14":"sale","15":"taxable","16":"shipping-taxable","17":"purchasable","18":"product-type-variable","19":"add-to-wishlist-before_image"},"exclude_global_add_ons":[],"addons":[],"acf":[],"_links":{"self":[{"href":"https:\/\/shop.kustom.ch\/en\/wp-json\/wp\/v2\/product\/591609"}],"collection":[{"href":"https:\/\/shop.kustom.ch\/en\/wp-json\/wp\/v2\/product"}],"about":[{"href":"https:\/\/shop.kustom.ch\/en\/wp-json\/wp\/v2\/types\/product"}],"wp:featuredmedia":[{"embeddable":true,"href":"https:\/\/shop.kustom.ch\/en\/wp-json\/wp\/v2\/media\/591659"}],"wp:attachment":[{"href":"https:\/\/shop.kustom.ch\/en\/wp-json\/wp\/v2\/media?parent=591609"}],"wp:term":[{"taxonomy":"product_brand","embeddable":true,"href":"https:\/\/shop.kustom.ch\/en\/wp-json\/wp\/v2\/product_brand?post=591609"},{"taxonomy":"product_cat","embeddable":true,"href":"https:\/\/shop.kustom.ch\/en\/wp-json\/wp\/v2\/product_cat?post=591609"},{"taxonomy":"product_tag","embeddable":true,"href":"https:\/\/shop.kustom.ch\/en\/wp-json\/wp\/v2\/product_tag?post=591609"}],"curies":[{"name":"wp","href":"https:\/\/api.w.org\/{rel}","templated":true}]}}