{"id":591566,"date":"2025-03-04T23:23:35","date_gmt":"2025-03-04T22:23:35","guid":{"rendered":"https:\/\/shop.kustom.ch\/?post_type=product&#038;p=591566"},"modified":"2026-03-31T09:10:36","modified_gmt":"2026-03-31T08:10:36","slug":"damen-service-shorts-stretch","status":"publish","type":"product","link":"https:\/\/shop.kustom.ch\/en\/product\/damen-service-shorts-stretch\/","title":{"rendered":"Ladies service shorts stretch"},"content":{"rendered":"<p>Shorts designed for the female figure, made from stretch denim with 4-way stretch inserts at the crotch, front and back. Elasticated waist. Scratch-resistant.<\/p>\n<p>DETAILS: Concealed buttons. Plastic zip in the crotch. D-ring at the waistband. FUNCTIONALITY: Scratch-free. Women's size. KEY FEATURES: Gardening. Available for women and men. FABRIC: Available for women and men. Blue. Scratch-free. Stretch. POCKETS: Leg pockets with bellows, pen and knife pocket. Flap with concealed magnetic buttons. Mobile phone pocket inside. Side pockets. Folding rule pocket inside. WASHING INSTRUCTIONS: Do not bleach.<\/p>\n<p>80% cotton, 17% polyamide, 3% elastane, denim, coated, CORDURA\u00ae denim stretch, 300 g\/m\u00b2<\/p>","protected":false},"excerpt":{"rendered":"<p>F\u00fcr die weibliche Figur entworfene Shorts aus Stretch Denim mit Eins\u00e4tzen aus 4-Wege-Stretch im Schritt, an der Vorderseite und R\u00fcckseite. Elastische Taille. Kratzerresistent. DETAILS: Verdeckte Kn\u00f6pfe. Kunststoff-Reissverschluss im Schritt. D-Ring am Bund. FUNKTIONALIT\u00c4T: Kratzfrei. Damengr\u00f6sse. HAUPTEIGENSCHAFTEN: Gartenarbeiter. Erh\u00e4ltlich f\u00fcr Damen und Herren. STOFF: Erh\u00e4ltlich f\u00fcr Damen und Herren. blau. Kratzfrei. Stretch. TASCHEN: Beintaschen mit Balg, [&hellip;]<\/p>\n","protected":false},"featured_media":591629,"template":"","meta":[],"product_brand":[],"product_cat":[4198],"product_tag":[],"class_list":{"0":"post-591566","1":"product","2":"type-product","3":"status-publish","4":"has-post-thumbnail","6":"product_cat-shorts","7":"pa_brand-blaklaeder","8":"pa_brand-type-workwear","9":"pa_filter-color-blau","10":"pa_filter-color-schwarz","12":"first","13":"instock","14":"sale","15":"taxable","16":"shipping-taxable","17":"purchasable","18":"product-type-variable","19":"add-to-wishlist-before_image"},"exclude_global_add_ons":[],"addons":[],"acf":[],"_links":{"self":[{"href":"https:\/\/shop.kustom.ch\/en\/wp-json\/wp\/v2\/product\/591566"}],"collection":[{"href":"https:\/\/shop.kustom.ch\/en\/wp-json\/wp\/v2\/product"}],"about":[{"href":"https:\/\/shop.kustom.ch\/en\/wp-json\/wp\/v2\/types\/product"}],"wp:featuredmedia":[{"embeddable":true,"href":"https:\/\/shop.kustom.ch\/en\/wp-json\/wp\/v2\/media\/591629"}],"wp:attachment":[{"href":"https:\/\/shop.kustom.ch\/en\/wp-json\/wp\/v2\/media?parent=591566"}],"wp:term":[{"taxonomy":"product_brand","embeddable":true,"href":"https:\/\/shop.kustom.ch\/en\/wp-json\/wp\/v2\/product_brand?post=591566"},{"taxonomy":"product_cat","embeddable":true,"href":"https:\/\/shop.kustom.ch\/en\/wp-json\/wp\/v2\/product_cat?post=591566"},{"taxonomy":"product_tag","embeddable":true,"href":"https:\/\/shop.kustom.ch\/en\/wp-json\/wp\/v2\/product_tag?post=591566"}],"curies":[{"name":"wp","href":"https:\/\/api.w.org\/{rel}","templated":true}]}}