{"id":591548,"date":"2025-03-04T23:23:31","date_gmt":"2025-03-04T22:23:31","guid":{"rendered":"https:\/\/shop.kustom.ch\/?post_type=product&#038;p=591548"},"modified":"2026-03-31T09:10:23","modified_gmt":"2026-03-31T08:10:23","slug":"damen-maler-arbeitshose","status":"publish","type":"product","link":"https:\/\/shop.kustom.ch\/en\/product\/damen-maler-arbeitshose\/","title":{"rendered":"Ladies painter work trousers"},"content":{"rendered":"<p>Painter's work trousers with the functionality to stay comfortable at work. The cotton fabric has excellent absorbent properties and prevents paint from getting onto the skin. Reinforced knee pad pockets, back pockets and painter's accessory pockets made of CORDURA\u00ae.<\/p>\n<p>DETAILS: Hammer loop on the side. Metal buttons. Plastic zip at the crotch. Loops, one with D-ring. FUNCTIONALITY: Women's size. MAIN PROPERTIES: Bricklayer \/ tiler. EN 14004. FABRIC: Ladies. white. Nail pockets. Painter. POCKETS: Leg pocket with bellows, pen pocket and mobile phone pocket inside made of mesh. Back pockets with bellows. External knee pad pockets. Nail pockets can be inserted into the front pockets with bellows. Front pockets with bellows. WASHING INSTRUCTIONS: 70\u00b0 C. REINFORCEMENT: CORDURA\u00ae-reinforced knees, back pockets and filler pocket. CERTIFICATION: EN 14404:2004+A1:2010 together with knee pads 4027 and 4057<\/p>\n<p>100% Cotton, twill, 320 g\/m\u00b2<\/p>","protected":false},"excerpt":{"rendered":"<p>Maler Arbeitshose mit der Funktionalit\u00e4t, bequem bei der Arbeit zu bleiben. Der Baumwollstoff hat exzellente absorbierende Eigenschaften und verhindert, dass Farbe auf die Haut gelangt. Verst\u00e4rkte Kniepolstertaschen, Ges\u00e4sstaschen und Malerzubeh\u00f6rtaschen aus CORDURA\u00ae. DETAILS: Hammerschlaufe an der Seite. Metallkn\u00f6pfe. Kunststoff-Reissverschluss im Schritt. Schlaufen, davon eine mit D-Ring. FUNKTIONALIT\u00c4T: Damengr\u00f6sse. HAUPTEIGENSCHAFTEN: Maurer \/ Fliesenleger. EN 14004. STOFF: [&hellip;]<\/p>\n","protected":false},"featured_media":591572,"template":"","meta":[],"product_brand":[],"product_cat":[4185],"product_tag":[],"class_list":{"0":"post-591548","1":"product","2":"type-product","3":"status-publish","4":"has-post-thumbnail","6":"product_cat-hosen","7":"pa_brand-blaklaeder","8":"pa_brand-type-workwear","9":"pa_filter-color-grau","10":"pa_filter-color-weiss","12":"first","13":"instock","14":"sale","15":"taxable","16":"shipping-taxable","17":"purchasable","18":"product-type-variable","19":"add-to-wishlist-before_image"},"exclude_global_add_ons":[],"addons":[],"acf":[],"_links":{"self":[{"href":"https:\/\/shop.kustom.ch\/en\/wp-json\/wp\/v2\/product\/591548"}],"collection":[{"href":"https:\/\/shop.kustom.ch\/en\/wp-json\/wp\/v2\/product"}],"about":[{"href":"https:\/\/shop.kustom.ch\/en\/wp-json\/wp\/v2\/types\/product"}],"wp:featuredmedia":[{"embeddable":true,"href":"https:\/\/shop.kustom.ch\/en\/wp-json\/wp\/v2\/media\/591572"}],"wp:attachment":[{"href":"https:\/\/shop.kustom.ch\/en\/wp-json\/wp\/v2\/media?parent=591548"}],"wp:term":[{"taxonomy":"product_brand","embeddable":true,"href":"https:\/\/shop.kustom.ch\/en\/wp-json\/wp\/v2\/product_brand?post=591548"},{"taxonomy":"product_cat","embeddable":true,"href":"https:\/\/shop.kustom.ch\/en\/wp-json\/wp\/v2\/product_cat?post=591548"},{"taxonomy":"product_tag","embeddable":true,"href":"https:\/\/shop.kustom.ch\/en\/wp-json\/wp\/v2\/product_tag?post=591548"}],"curies":[{"name":"wp","href":"https:\/\/api.w.org\/{rel}","templated":true}]}}